{"id":2706,"date":"2026-01-22T13:32:23","date_gmt":"2026-01-22T12:32:23","guid":{"rendered":"https:\/\/kymiashop.com\/fr_fr\/?post_type=product&#038;p=2706"},"modified":"2026-01-22T13:32:23","modified_gmt":"2026-01-22T12:32:23","slug":"mono-propylene-glycol","status":"publish","type":"product","link":"https:\/\/kymiashop.com\/ar\/product\/mono-propylene-glycol\/","title":{"rendered":"MONO PROPYLENE GLYCOL"},"content":{"rendered":"<h3 data-start=\"549\" data-end=\"578\"><strong data-start=\"553\" data-end=\"578\">MONO PROPYL\u00c8NE GLYCOL<\/strong><\/h3>\n<p data-start=\"579\" data-end=\"782\"><strong data-start=\"579\" data-end=\"596\">Description :<\/strong> Solvant hydrophile de qualit\u00e9 cosm\u00e9tique.<br data-start=\"638\" data-end=\"641\" \/><strong data-start=\"641\" data-end=\"655\">Fonction :<\/strong> Humectant et solvant.<br data-start=\"677\" data-end=\"680\" \/><strong data-start=\"680\" data-end=\"698\">Applications :<\/strong> Cosm\u00e9tiques, d\u00e9tergents, pharmaceutique.<br data-start=\"739\" data-end=\"742\" \/><strong data-start=\"742\" data-end=\"757\">Avantages :<\/strong> Bonne tol\u00e9rance cutan\u00e9e.<\/p>","protected":false},"excerpt":{"rendered":"<p>MONO PROPYL\u00c8NE GLYCOL Description : Solvant hydrophile de qualit\u00e9 cosm\u00e9tique.Fonction : Humectant et solvant.Applications : Cosm\u00e9tiques, d\u00e9tergents, pharmaceutique.Avantages : Bonne tol\u00e9rance cutan\u00e9e.<\/p>","protected":false},"featured_media":2708,"template":"","meta":[],"product_brand":[],"product_cat":[15],"product_tag":[],"class_list":{"0":"post-2706","1":"product","2":"type-product","3":"status-publish","4":"has-post-thumbnail","6":"product_cat-uncategorized","8":"first","9":"instock","10":"taxable","11":"shipping-taxable","12":"purchasable","13":"product-type-simple"},"_links":{"self":[{"href":"https:\/\/kymiashop.com\/ar\/wp-json\/wp\/v2\/product\/2706","targetHints":{"allow":["GET"]}}],"collection":[{"href":"https:\/\/kymiashop.com\/ar\/wp-json\/wp\/v2\/product"}],"about":[{"href":"https:\/\/kymiashop.com\/ar\/wp-json\/wp\/v2\/types\/product"}],"wp:featuredmedia":[{"embeddable":true,"href":"https:\/\/kymiashop.com\/ar\/wp-json\/wp\/v2\/media\/2708"}],"wp:attachment":[{"href":"https:\/\/kymiashop.com\/ar\/wp-json\/wp\/v2\/media?parent=2706"}],"wp:term":[{"taxonomy":"product_brand","embeddable":true,"href":"https:\/\/kymiashop.com\/ar\/wp-json\/wp\/v2\/product_brand?post=2706"},{"taxonomy":"product_cat","embeddable":true,"href":"https:\/\/kymiashop.com\/ar\/wp-json\/wp\/v2\/product_cat?post=2706"},{"taxonomy":"product_tag","embeddable":true,"href":"https:\/\/kymiashop.com\/ar\/wp-json\/wp\/v2\/product_tag?post=2706"}],"curies":[{"name":"wp","href":"https:\/\/api.w.org\/{rel}","templated":true}]}}