{"id":2713,"date":"2026-01-22T13:47:08","date_gmt":"2026-01-22T12:47:08","guid":{"rendered":"https:\/\/kymiashop.com\/fr_fr\/?post_type=product&#038;p=2713"},"modified":"2026-01-22T13:47:09","modified_gmt":"2026-01-22T12:47:09","slug":"perle-decorative","status":"publish","type":"product","link":"https:\/\/kymiashop.com\/ar\/product\/perle-decorative\/","title":{"rendered":"PERLE DECORATIVE"},"content":{"rendered":"<h3 data-start=\"1640\" data-end=\"1664\"><strong data-start=\"1644\" data-end=\"1664\">PERLE D\u00c9CORATIVE<\/strong><\/h3>\n<p data-start=\"1665\" data-end=\"1862\"><strong data-start=\"1665\" data-end=\"1682\">Description :<\/strong> Perles esth\u00e9tiques pour produits cosm\u00e9tiques.<br data-start=\"1728\" data-end=\"1731\" \/><strong data-start=\"1731\" data-end=\"1745\">Fonction :<\/strong> Effet visuel d\u00e9coratif.<br data-start=\"1769\" data-end=\"1772\" \/><strong data-start=\"1772\" data-end=\"1790\">Applications :<\/strong> Gels douche, shampoings.<br data-start=\"1815\" data-end=\"1818\" \/><strong data-start=\"1818\" data-end=\"1833\">Avantages :<\/strong> Aspect premium et attractif.<\/p>","protected":false},"excerpt":{"rendered":"<p>PERLE D\u00c9CORATIVE Description : Perles esth\u00e9tiques pour produits cosm\u00e9tiques.Fonction : Effet visuel d\u00e9coratif.Applications : Gels douche, shampoings.Avantages : Aspect premium et attractif.<\/p>","protected":false},"featured_media":2714,"template":"","meta":[],"product_brand":[],"product_cat":[15],"product_tag":[],"class_list":{"0":"post-2713","1":"product","2":"type-product","3":"status-publish","4":"has-post-thumbnail","6":"product_cat-uncategorized","8":"first","9":"instock","10":"taxable","11":"shipping-taxable","12":"product-type-simple"},"_links":{"self":[{"href":"https:\/\/kymiashop.com\/ar\/wp-json\/wp\/v2\/product\/2713","targetHints":{"allow":["GET"]}}],"collection":[{"href":"https:\/\/kymiashop.com\/ar\/wp-json\/wp\/v2\/product"}],"about":[{"href":"https:\/\/kymiashop.com\/ar\/wp-json\/wp\/v2\/types\/product"}],"wp:featuredmedia":[{"embeddable":true,"href":"https:\/\/kymiashop.com\/ar\/wp-json\/wp\/v2\/media\/2714"}],"wp:attachment":[{"href":"https:\/\/kymiashop.com\/ar\/wp-json\/wp\/v2\/media?parent=2713"}],"wp:term":[{"taxonomy":"product_brand","embeddable":true,"href":"https:\/\/kymiashop.com\/ar\/wp-json\/wp\/v2\/product_brand?post=2713"},{"taxonomy":"product_cat","embeddable":true,"href":"https:\/\/kymiashop.com\/ar\/wp-json\/wp\/v2\/product_cat?post=2713"},{"taxonomy":"product_tag","embeddable":true,"href":"https:\/\/kymiashop.com\/ar\/wp-json\/wp\/v2\/product_tag?post=2713"}],"curies":[{"name":"wp","href":"https:\/\/api.w.org\/{rel}","templated":true}]}}