{"id":2717,"date":"2026-01-22T14:22:20","date_gmt":"2026-01-22T13:22:20","guid":{"rendered":"https:\/\/kymiashop.com\/fr_fr\/?post_type=product&#038;p=2717"},"modified":"2026-01-22T14:23:04","modified_gmt":"2026-01-22T13:23:04","slug":"pvp-k90","status":"publish","type":"product","link":"https:\/\/kymiashop.com\/ar\/product\/pvp-k90\/","title":{"rendered":"PVP K90"},"content":{"rendered":"<h3 data-start=\"5165\" data-end=\"5180\"><strong data-start=\"5169\" data-end=\"5180\">PVP K90<\/strong><\/h3>\n<p data-start=\"5181\" data-end=\"5344\"><strong data-start=\"5181\" data-end=\"5198\">Description :<\/strong> Polym\u00e8re filmog\u00e8ne.<br data-start=\"5218\" data-end=\"5221\" \/><strong data-start=\"5221\" data-end=\"5235\">Fonction :<\/strong> Fixation et tenue.<br data-start=\"5254\" data-end=\"5257\" \/><strong data-start=\"5257\" data-end=\"5275\">Applications :<\/strong> Produits coiffants.<br data-start=\"5295\" data-end=\"5298\" \/><strong data-start=\"5298\" data-end=\"5313\">Avantages :<\/strong> Bonne r\u00e9sistance \u00e0 l\u2019humidit\u00e9.<\/p>","protected":false},"excerpt":{"rendered":"<p>PVP K90 Description : Polym\u00e8re filmog\u00e8ne.Fonction : Fixation et tenue.Applications : Produits coiffants.Avantages : Bonne r\u00e9sistance \u00e0 l\u2019humidit\u00e9.<\/p>","protected":false},"featured_media":2718,"template":"","meta":[],"product_brand":[],"product_cat":[15],"product_tag":[],"class_list":{"0":"post-2717","1":"product","2":"type-product","3":"status-publish","4":"has-post-thumbnail","6":"product_cat-uncategorized","8":"first","9":"instock","10":"taxable","11":"shipping-taxable","12":"purchasable","13":"product-type-simple"},"_links":{"self":[{"href":"https:\/\/kymiashop.com\/ar\/wp-json\/wp\/v2\/product\/2717","targetHints":{"allow":["GET"]}}],"collection":[{"href":"https:\/\/kymiashop.com\/ar\/wp-json\/wp\/v2\/product"}],"about":[{"href":"https:\/\/kymiashop.com\/ar\/wp-json\/wp\/v2\/types\/product"}],"wp:featuredmedia":[{"embeddable":true,"href":"https:\/\/kymiashop.com\/ar\/wp-json\/wp\/v2\/media\/2718"}],"wp:attachment":[{"href":"https:\/\/kymiashop.com\/ar\/wp-json\/wp\/v2\/media?parent=2717"}],"wp:term":[{"taxonomy":"product_brand","embeddable":true,"href":"https:\/\/kymiashop.com\/ar\/wp-json\/wp\/v2\/product_brand?post=2717"},{"taxonomy":"product_cat","embeddable":true,"href":"https:\/\/kymiashop.com\/ar\/wp-json\/wp\/v2\/product_cat?post=2717"},{"taxonomy":"product_tag","embeddable":true,"href":"https:\/\/kymiashop.com\/ar\/wp-json\/wp\/v2\/product_tag?post=2717"}],"curies":[{"name":"wp","href":"https:\/\/api.w.org\/{rel}","templated":true}]}}