{"id":2722,"date":"2026-01-22T15:00:32","date_gmt":"2026-01-22T14:00:32","guid":{"rendered":"https:\/\/kymiashop.com\/fr_fr\/?post_type=product&#038;p=2722"},"modified":"2026-01-22T15:00:32","modified_gmt":"2026-01-22T14:00:32","slug":"vaseline-blanche","status":"publish","type":"product","link":"https:\/\/kymiashop.com\/ar\/product\/vaseline-blanche\/","title":{"rendered":"VASELINE BLANCHE"},"content":{"rendered":"<h3 data-start=\"199\" data-end=\"223\"><strong data-start=\"203\" data-end=\"223\">VASELINE BLANCHE<\/strong><\/h3>\n<p data-start=\"224\" data-end=\"443\"><strong data-start=\"224\" data-end=\"241\">Description :<\/strong> Gel\u00e9e min\u00e9rale purifi\u00e9e.<br data-start=\"266\" data-end=\"269\" \/><strong data-start=\"269\" data-end=\"283\">Fonction :<\/strong> Protection et hydratation occlusive.<br data-start=\"320\" data-end=\"323\" \/><strong data-start=\"323\" data-end=\"341\">Applications :<\/strong> Cosm\u00e9tiques, pommades, soins r\u00e9parateurs.<br data-start=\"383\" data-end=\"386\" \/><strong data-start=\"386\" data-end=\"401\">Avantages :<\/strong> Prot\u00e8ge la peau contre la d\u00e9shydratation.<\/p>","protected":false},"excerpt":{"rendered":"<p>VASELINE BLANCHE Description : Gel\u00e9e min\u00e9rale purifi\u00e9e.Fonction : Protection et hydratation occlusive.Applications : Cosm\u00e9tiques, pommades, soins r\u00e9parateurs.Avantages : Prot\u00e8ge la peau contre la d\u00e9shydratation.<\/p>","protected":false},"featured_media":2723,"template":"","meta":[],"product_brand":[],"product_cat":[15],"product_tag":[],"class_list":{"0":"post-2722","1":"product","2":"type-product","3":"status-publish","4":"has-post-thumbnail","6":"product_cat-uncategorized","8":"first","9":"instock","10":"taxable","11":"shipping-taxable","12":"product-type-simple"},"_links":{"self":[{"href":"https:\/\/kymiashop.com\/ar\/wp-json\/wp\/v2\/product\/2722","targetHints":{"allow":["GET"]}}],"collection":[{"href":"https:\/\/kymiashop.com\/ar\/wp-json\/wp\/v2\/product"}],"about":[{"href":"https:\/\/kymiashop.com\/ar\/wp-json\/wp\/v2\/types\/product"}],"wp:featuredmedia":[{"embeddable":true,"href":"https:\/\/kymiashop.com\/ar\/wp-json\/wp\/v2\/media\/2723"}],"wp:attachment":[{"href":"https:\/\/kymiashop.com\/ar\/wp-json\/wp\/v2\/media?parent=2722"}],"wp:term":[{"taxonomy":"product_brand","embeddable":true,"href":"https:\/\/kymiashop.com\/ar\/wp-json\/wp\/v2\/product_brand?post=2722"},{"taxonomy":"product_cat","embeddable":true,"href":"https:\/\/kymiashop.com\/ar\/wp-json\/wp\/v2\/product_cat?post=2722"},{"taxonomy":"product_tag","embeddable":true,"href":"https:\/\/kymiashop.com\/ar\/wp-json\/wp\/v2\/product_tag?post=2722"}],"curies":[{"name":"wp","href":"https:\/\/api.w.org\/{rel}","templated":true}]}}