{"id":2726,"date":"2026-01-22T15:06:12","date_gmt":"2026-01-22T14:06:12","guid":{"rendered":"https:\/\/kymiashop.com\/fr_fr\/?post_type=product&#038;p=2726"},"modified":"2026-01-22T15:06:12","modified_gmt":"2026-01-22T14:06:12","slug":"cathon-cg","status":"publish","type":"product","link":"https:\/\/kymiashop.com\/ar\/product\/cathon-cg\/","title":{"rendered":"CATHON CG"},"content":{"rendered":"<h3 data-start=\"1895\" data-end=\"1912\"><strong data-start=\"1899\" data-end=\"1912\">CATHON CG<\/strong><\/h3>\n<p data-start=\"1913\" data-end=\"2195\"><strong data-start=\"1913\" data-end=\"1930\">Description :<\/strong> Conservateur cationique \u00e0 large spectre.<br data-start=\"1971\" data-end=\"1974\" \/><strong data-start=\"1974\" data-end=\"1988\">Fonction :<\/strong> Protection antimicrobienne.<br data-start=\"2016\" data-end=\"2019\" \/><strong data-start=\"2019\" data-end=\"2037\">Applications :<\/strong> D\u00e9tergents, produits de nettoyage, cosm\u00e9tiques techniques.<br data-start=\"2096\" data-end=\"2099\" \/><strong data-start=\"2099\" data-end=\"2114\">Avantages :<\/strong> Efficace \u00e0 faible dosage.<br data-start=\"2140\" data-end=\"2143\" \/><strong data-start=\"2143\" data-end=\"2160\">Pr\u00e9cautions :<\/strong> Respecter les dosages recommand\u00e9s.<\/p>","protected":false},"excerpt":{"rendered":"<p>CATHON CG Description : Conservateur cationique \u00e0 large spectre.Fonction : Protection antimicrobienne.Applications : D\u00e9tergents, produits de nettoyage, cosm\u00e9tiques techniques.Avantages : Efficace \u00e0 faible dosage.Pr\u00e9cautions : Respecter les dosages recommand\u00e9s.<\/p>","protected":false},"featured_media":2727,"template":"","meta":[],"product_brand":[],"product_cat":[15],"product_tag":[],"class_list":{"0":"post-2726","1":"product","2":"type-product","3":"status-publish","4":"has-post-thumbnail","6":"product_cat-uncategorized","8":"first","9":"instock","10":"taxable","11":"shipping-taxable","12":"purchasable","13":"product-type-simple"},"_links":{"self":[{"href":"https:\/\/kymiashop.com\/ar\/wp-json\/wp\/v2\/product\/2726","targetHints":{"allow":["GET"]}}],"collection":[{"href":"https:\/\/kymiashop.com\/ar\/wp-json\/wp\/v2\/product"}],"about":[{"href":"https:\/\/kymiashop.com\/ar\/wp-json\/wp\/v2\/types\/product"}],"wp:featuredmedia":[{"embeddable":true,"href":"https:\/\/kymiashop.com\/ar\/wp-json\/wp\/v2\/media\/2727"}],"wp:attachment":[{"href":"https:\/\/kymiashop.com\/ar\/wp-json\/wp\/v2\/media?parent=2726"}],"wp:term":[{"taxonomy":"product_brand","embeddable":true,"href":"https:\/\/kymiashop.com\/ar\/wp-json\/wp\/v2\/product_brand?post=2726"},{"taxonomy":"product_cat","embeddable":true,"href":"https:\/\/kymiashop.com\/ar\/wp-json\/wp\/v2\/product_cat?post=2726"},{"taxonomy":"product_tag","embeddable":true,"href":"https:\/\/kymiashop.com\/ar\/wp-json\/wp\/v2\/product_tag?post=2726"}],"curies":[{"name":"wp","href":"https:\/\/api.w.org\/{rel}","templated":true}]}}