{"id":2316,"date":"2025-09-10T22:57:11","date_gmt":"2025-09-10T21:57:11","guid":{"rendered":"https:\/\/kymiashop.com\/?page_id=2316"},"modified":"2025-09-10T23:44:26","modified_gmt":"2025-09-10T22:44:26","slug":"nouveautes","status":"publish","type":"page","link":"https:\/\/kymiashop.com\/fr_fr\/nouveautes\/","title":{"rendered":"Nouveaut\u00e9s"},"content":{"rendered":"\n<h1 class=\"wp-block-heading\">Nos Derni\u00e8res Mati\u00e8res Premi\u00e8res<\/h1>\n\n\n\n<p>D\u00e9couvrez nos derni\u00e8res mati\u00e8res premi\u00e8res cosm\u00e9tiques et d\u00e9tergentes.<br>Des ingr\u00e9dients de qualit\u00e9 professionnelle, r\u00e9cemment ajout\u00e9s \u00e0 notre catalogue<br>pour enrichir vos formulations.<\/p>\n\n\n\n\n<div class=\"woocommerce columns-5 produits-nouveautes\"><ul class=\"products columns-5\" data-products=\"type-1\" data-hover=\"zoom-in\">\n<li class=\"product type-product post-2726 status-publish first instock product_cat-uncategorized has-post-thumbnail taxable shipping-taxable purchasable product-type-simple\">\n\t<a href=\"https:\/\/kymiashop.com\/fr_fr\/product\/cathon-cg\/\" class=\"woocommerce-LoopProduct-link woocommerce-loop-product__link\"><img fetchpriority=\"high\" decoding=\"async\" width=\"300\" height=\"300\" src=\"https:\/\/kymiashop.com\/wp-content\/uploads\/2026\/01\/CATHON-CG-300x300.png\" class=\"attachment-woocommerce_thumbnail size-woocommerce_thumbnail\" alt=\"CATHON CG\" srcset=\"https:\/\/kymiashop.com\/wp-content\/uploads\/2026\/01\/CATHON-CG-300x300.png 300w, https:\/\/kymiashop.com\/wp-content\/uploads\/2026\/01\/CATHON-CG-150x150.png 150w, https:\/\/kymiashop.com\/wp-content\/uploads\/2026\/01\/CATHON-CG-768x768.png 768w, https:\/\/kymiashop.com\/wp-content\/uploads\/2026\/01\/CATHON-CG-12x12.png 12w, https:\/\/kymiashop.com\/wp-content\/uploads\/2026\/01\/CATHON-CG-600x600.png 600w, https:\/\/kymiashop.com\/wp-content\/uploads\/2026\/01\/CATHON-CG-100x100.png 100w, https:\/\/kymiashop.com\/wp-content\/uploads\/2026\/01\/CATHON-CG.png 1024w\" sizes=\"(max-width: 300px) 100vw, 300px\" \/><h2 class=\"woocommerce-loop-product__title\">CATHON CG<\/h2>\n\t<span class=\"price\"><span class=\"woocommerce-Price-amount amount\"><bdi>2.700,00&nbsp;<span class=\"woocommerce-Price-currencySymbol\">DA<\/span><\/bdi><\/span> <small class=\"woocommerce-price-suffix\">TTC<\/small><\/span>\n<\/a><a href=\"\/fr_fr\/wp-json\/wp\/v2\/pages\/2316?add-to-cart=2726\" aria-describedby=\"woocommerce_loop_add_to_cart_link_describedby_2726\" data-quantity=\"1\" class=\"button product_type_simple add_to_cart_button ajax_add_to_cart\" data-product_id=\"2726\" data-product_sku=\"\" aria-label=\"Ajouter au panier\u00a0: &ldquo;CATHON CG&rdquo;\" rel=\"nofollow\" data-success_message=\"\u00ab\u00a0CATHON CG\u00a0\u00bb a \u00e9t\u00e9 ajout\u00e9 \u00e0 votre panier\" role=\"button\">Ajouter au panier<\/a>\t<span id=\"woocommerce_loop_add_to_cart_link_describedby_2726\" class=\"screen-reader-text\">\n\t\t\t<\/span>\n<\/li>\n<li class=\"product type-product post-2724 status-publish instock product_cat-uncategorized has-post-thumbnail taxable shipping-taxable product-type-simple\">\n\t<a href=\"https:\/\/kymiashop.com\/fr_fr\/product\/vaseline-parapharmaceutique\/\" class=\"woocommerce-LoopProduct-link woocommerce-loop-product__link\"><img decoding=\"async\" width=\"300\" height=\"300\" src=\"https:\/\/kymiashop.com\/wp-content\/uploads\/2026\/01\/VASELINE-PARAPHARMACEUTIQUE-300x300.png\" class=\"attachment-woocommerce_thumbnail size-woocommerce_thumbnail\" alt=\"VASELINE PARAPHARMACEUTIQUE\" srcset=\"https:\/\/kymiashop.com\/wp-content\/uploads\/2026\/01\/VASELINE-PARAPHARMACEUTIQUE-300x300.png 300w, https:\/\/kymiashop.com\/wp-content\/uploads\/2026\/01\/VASELINE-PARAPHARMACEUTIQUE-150x150.png 150w, https:\/\/kymiashop.com\/wp-content\/uploads\/2026\/01\/VASELINE-PARAPHARMACEUTIQUE-768x768.png 768w, https:\/\/kymiashop.com\/wp-content\/uploads\/2026\/01\/VASELINE-PARAPHARMACEUTIQUE-12x12.png 12w, https:\/\/kymiashop.com\/wp-content\/uploads\/2026\/01\/VASELINE-PARAPHARMACEUTIQUE-600x600.png 600w, https:\/\/kymiashop.com\/wp-content\/uploads\/2026\/01\/VASELINE-PARAPHARMACEUTIQUE-100x100.png 100w, https:\/\/kymiashop.com\/wp-content\/uploads\/2026\/01\/VASELINE-PARAPHARMACEUTIQUE.png 1024w\" sizes=\"(max-width: 300px) 100vw, 300px\" \/><h2 class=\"woocommerce-loop-product__title\">VASELINE PARAPHARMACEUTIQUE<\/h2>\n<\/a><a href=\"https:\/\/kymiashop.com\/fr_fr\/product\/vaseline-parapharmaceutique\/\" aria-describedby=\"woocommerce_loop_add_to_cart_link_describedby_2724\" data-quantity=\"1\" class=\"button product_type_simple\" data-product_id=\"2724\" data-product_sku=\"\" aria-label=\"En savoir plus sur &ldquo;VASELINE PARAPHARMACEUTIQUE&rdquo;\" rel=\"nofollow\" data-success_message=\"\">Lire la suite<\/a>\t<span id=\"woocommerce_loop_add_to_cart_link_describedby_2724\" class=\"screen-reader-text\">\n\t\t\t<\/span>\n<\/li>\n<li class=\"product type-product post-2722 status-publish instock product_cat-uncategorized has-post-thumbnail taxable shipping-taxable product-type-simple\">\n\t<a href=\"https:\/\/kymiashop.com\/fr_fr\/product\/vaseline-blanche\/\" class=\"woocommerce-LoopProduct-link woocommerce-loop-product__link\"><img decoding=\"async\" width=\"300\" height=\"300\" src=\"https:\/\/kymiashop.com\/wp-content\/uploads\/2026\/01\/VASELINE-BLANCHE-300x300.png\" class=\"attachment-woocommerce_thumbnail size-woocommerce_thumbnail\" alt=\"VASELINE BLANCHE\" srcset=\"https:\/\/kymiashop.com\/wp-content\/uploads\/2026\/01\/VASELINE-BLANCHE-300x300.png 300w, https:\/\/kymiashop.com\/wp-content\/uploads\/2026\/01\/VASELINE-BLANCHE-150x150.png 150w, https:\/\/kymiashop.com\/wp-content\/uploads\/2026\/01\/VASELINE-BLANCHE-768x768.png 768w, https:\/\/kymiashop.com\/wp-content\/uploads\/2026\/01\/VASELINE-BLANCHE-12x12.png 12w, https:\/\/kymiashop.com\/wp-content\/uploads\/2026\/01\/VASELINE-BLANCHE-600x600.png 600w, https:\/\/kymiashop.com\/wp-content\/uploads\/2026\/01\/VASELINE-BLANCHE-100x100.png 100w, https:\/\/kymiashop.com\/wp-content\/uploads\/2026\/01\/VASELINE-BLANCHE.png 1024w\" sizes=\"(max-width: 300px) 100vw, 300px\" \/><h2 class=\"woocommerce-loop-product__title\">VASELINE BLANCHE<\/h2>\n<\/a><a href=\"https:\/\/kymiashop.com\/fr_fr\/product\/vaseline-blanche\/\" aria-describedby=\"woocommerce_loop_add_to_cart_link_describedby_2722\" data-quantity=\"1\" class=\"button product_type_simple\" data-product_id=\"2722\" data-product_sku=\"\" aria-label=\"En savoir plus sur &ldquo;VASELINE BLANCHE&rdquo;\" rel=\"nofollow\" data-success_message=\"\">Lire la suite<\/a>\t<span id=\"woocommerce_loop_add_to_cart_link_describedby_2722\" class=\"screen-reader-text\">\n\t\t\t<\/span>\n<\/li>\n<li class=\"product type-product post-2721 status-publish instock product_cat-uncategorized has-post-thumbnail taxable shipping-taxable product-type-simple\">\n\t<a href=\"https:\/\/kymiashop.com\/fr_fr\/product\/texapon-sbn\/\" class=\"woocommerce-LoopProduct-link woocommerce-loop-product__link\"><img loading=\"lazy\" decoding=\"async\" width=\"300\" height=\"300\" src=\"https:\/\/kymiashop.com\/wp-content\/uploads\/2024\/12\/TEXAPON-SBN-300x300.png\" class=\"attachment-woocommerce_thumbnail size-woocommerce_thumbnail\" alt=\"TEXAPON SBN\" srcset=\"https:\/\/kymiashop.com\/wp-content\/uploads\/2024\/12\/TEXAPON-SBN-300x300.png 300w, https:\/\/kymiashop.com\/wp-content\/uploads\/2024\/12\/TEXAPON-SBN-150x150.png 150w, https:\/\/kymiashop.com\/wp-content\/uploads\/2024\/12\/TEXAPON-SBN-768x768.png 768w, https:\/\/kymiashop.com\/wp-content\/uploads\/2024\/12\/TEXAPON-SBN-12x12.png 12w, https:\/\/kymiashop.com\/wp-content\/uploads\/2024\/12\/TEXAPON-SBN-600x600.png 600w, https:\/\/kymiashop.com\/wp-content\/uploads\/2024\/12\/TEXAPON-SBN-100x100.png 100w, https:\/\/kymiashop.com\/wp-content\/uploads\/2024\/12\/TEXAPON-SBN.png 1024w\" sizes=\"(max-width: 300px) 100vw, 300px\" \/><h2 class=\"woocommerce-loop-product__title\">TEXAPON SBN<\/h2>\n<\/a><a href=\"https:\/\/kymiashop.com\/fr_fr\/product\/texapon-sbn\/\" aria-describedby=\"woocommerce_loop_add_to_cart_link_describedby_2721\" data-quantity=\"1\" class=\"button product_type_simple\" data-product_id=\"2721\" data-product_sku=\"\" aria-label=\"En savoir plus sur &ldquo;TEXAPON SBN&rdquo;\" rel=\"nofollow\" data-success_message=\"\">Lire la suite<\/a>\t<span id=\"woocommerce_loop_add_to_cart_link_describedby_2721\" class=\"screen-reader-text\">\n\t\t\t<\/span>\n<\/li>\n<li class=\"product type-product post-2720 status-publish last instock product_cat-uncategorized has-post-thumbnail taxable shipping-taxable product-type-simple\">\n\t<a href=\"https:\/\/kymiashop.com\/fr_fr\/product\/talc\/\" class=\"woocommerce-LoopProduct-link woocommerce-loop-product__link\"><img loading=\"lazy\" decoding=\"async\" width=\"300\" height=\"300\" src=\"https:\/\/kymiashop.com\/wp-content\/uploads\/2024\/12\/TALC-300x300.png\" class=\"attachment-woocommerce_thumbnail size-woocommerce_thumbnail\" alt=\"TALC\" srcset=\"https:\/\/kymiashop.com\/wp-content\/uploads\/2024\/12\/TALC-300x300.png 300w, https:\/\/kymiashop.com\/wp-content\/uploads\/2024\/12\/TALC-150x150.png 150w, https:\/\/kymiashop.com\/wp-content\/uploads\/2024\/12\/TALC-768x768.png 768w, https:\/\/kymiashop.com\/wp-content\/uploads\/2024\/12\/TALC-12x12.png 12w, https:\/\/kymiashop.com\/wp-content\/uploads\/2024\/12\/TALC-600x600.png 600w, https:\/\/kymiashop.com\/wp-content\/uploads\/2024\/12\/TALC-100x100.png 100w, https:\/\/kymiashop.com\/wp-content\/uploads\/2024\/12\/TALC.png 1024w\" sizes=\"(max-width: 300px) 100vw, 300px\" \/><h2 class=\"woocommerce-loop-product__title\">TALC<\/h2>\n<\/a><a href=\"https:\/\/kymiashop.com\/fr_fr\/product\/talc\/\" aria-describedby=\"woocommerce_loop_add_to_cart_link_describedby_2720\" data-quantity=\"1\" class=\"button product_type_simple\" data-product_id=\"2720\" data-product_sku=\"\" aria-label=\"En savoir plus sur &ldquo;TALC&rdquo;\" rel=\"nofollow\" data-success_message=\"\">Lire la suite<\/a>\t<span id=\"woocommerce_loop_add_to_cart_link_describedby_2720\" class=\"screen-reader-text\">\n\t\t\t<\/span>\n<\/li>\n<li class=\"product type-product post-2717 status-publish first instock product_cat-uncategorized has-post-thumbnail taxable shipping-taxable purchasable product-type-simple\">\n\t<a href=\"https:\/\/kymiashop.com\/fr_fr\/product\/pvp-k90\/\" class=\"woocommerce-LoopProduct-link woocommerce-loop-product__link\"><img loading=\"lazy\" decoding=\"async\" width=\"300\" height=\"300\" src=\"https:\/\/kymiashop.com\/wp-content\/uploads\/2026\/01\/PVP-K90-300x300.png\" class=\"attachment-woocommerce_thumbnail size-woocommerce_thumbnail\" alt=\"PVP K90\" srcset=\"https:\/\/kymiashop.com\/wp-content\/uploads\/2026\/01\/PVP-K90-300x300.png 300w, https:\/\/kymiashop.com\/wp-content\/uploads\/2026\/01\/PVP-K90-150x150.png 150w, https:\/\/kymiashop.com\/wp-content\/uploads\/2026\/01\/PVP-K90-768x768.png 768w, https:\/\/kymiashop.com\/wp-content\/uploads\/2026\/01\/PVP-K90-12x12.png 12w, https:\/\/kymiashop.com\/wp-content\/uploads\/2026\/01\/PVP-K90-600x600.png 600w, https:\/\/kymiashop.com\/wp-content\/uploads\/2026\/01\/PVP-K90-100x100.png 100w, https:\/\/kymiashop.com\/wp-content\/uploads\/2026\/01\/PVP-K90.png 1024w\" sizes=\"(max-width: 300px) 100vw, 300px\" \/><h2 class=\"woocommerce-loop-product__title\">PVP K90<\/h2>\n\t<span class=\"price\"><span class=\"woocommerce-Price-amount amount\"><bdi>5.200,00&nbsp;<span class=\"woocommerce-Price-currencySymbol\">DA<\/span><\/bdi><\/span> <small class=\"woocommerce-price-suffix\">TTC<\/small><\/span>\n<\/a><a href=\"\/fr_fr\/wp-json\/wp\/v2\/pages\/2316?add-to-cart=2717\" aria-describedby=\"woocommerce_loop_add_to_cart_link_describedby_2717\" data-quantity=\"1\" class=\"button product_type_simple add_to_cart_button ajax_add_to_cart\" data-product_id=\"2717\" data-product_sku=\"\" aria-label=\"Ajouter au panier\u00a0: &ldquo;PVP K90&rdquo;\" rel=\"nofollow\" data-success_message=\"\u00ab\u00a0PVP K90\u00a0\u00bb a \u00e9t\u00e9 ajout\u00e9 \u00e0 votre panier\" role=\"button\">Ajouter au panier<\/a>\t<span id=\"woocommerce_loop_add_to_cart_link_describedby_2717\" class=\"screen-reader-text\">\n\t\t\t<\/span>\n<\/li>\n<li class=\"product type-product post-2715 status-publish instock product_cat-uncategorized has-post-thumbnail taxable shipping-taxable product-type-simple\">\n\t<a href=\"https:\/\/kymiashop.com\/fr_fr\/product\/polyquaternium-11\/\" class=\"woocommerce-LoopProduct-link woocommerce-loop-product__link\"><img loading=\"lazy\" decoding=\"async\" width=\"300\" height=\"300\" src=\"https:\/\/kymiashop.com\/wp-content\/uploads\/2026\/01\/polyquaternum-11-300x300.png\" class=\"attachment-woocommerce_thumbnail size-woocommerce_thumbnail\" alt=\"POLYQUATERNIUM 11\" srcset=\"https:\/\/kymiashop.com\/wp-content\/uploads\/2026\/01\/polyquaternum-11-300x300.png 300w, https:\/\/kymiashop.com\/wp-content\/uploads\/2026\/01\/polyquaternum-11-150x150.png 150w, https:\/\/kymiashop.com\/wp-content\/uploads\/2026\/01\/polyquaternum-11-768x768.png 768w, https:\/\/kymiashop.com\/wp-content\/uploads\/2026\/01\/polyquaternum-11-12x12.png 12w, https:\/\/kymiashop.com\/wp-content\/uploads\/2026\/01\/polyquaternum-11-600x600.png 600w, https:\/\/kymiashop.com\/wp-content\/uploads\/2026\/01\/polyquaternum-11-100x100.png 100w, https:\/\/kymiashop.com\/wp-content\/uploads\/2026\/01\/polyquaternum-11.png 1024w\" sizes=\"(max-width: 300px) 100vw, 300px\" \/><h2 class=\"woocommerce-loop-product__title\">POLYQUATERNIUM 11<\/h2>\n<\/a><a href=\"https:\/\/kymiashop.com\/fr_fr\/product\/polyquaternium-11\/\" aria-describedby=\"woocommerce_loop_add_to_cart_link_describedby_2715\" data-quantity=\"1\" class=\"button product_type_simple\" data-product_id=\"2715\" data-product_sku=\"\" aria-label=\"En savoir plus sur &ldquo;POLYQUATERNIUM 11&rdquo;\" rel=\"nofollow\" data-success_message=\"\">Lire la suite<\/a>\t<span id=\"woocommerce_loop_add_to_cart_link_describedby_2715\" class=\"screen-reader-text\">\n\t\t\t<\/span>\n<\/li>\n<li class=\"product type-product post-2713 status-publish instock product_cat-uncategorized has-post-thumbnail taxable shipping-taxable product-type-simple\">\n\t<a href=\"https:\/\/kymiashop.com\/fr_fr\/product\/perle-decorative\/\" class=\"woocommerce-LoopProduct-link woocommerce-loop-product__link\"><img loading=\"lazy\" decoding=\"async\" width=\"300\" height=\"300\" src=\"https:\/\/kymiashop.com\/wp-content\/uploads\/2026\/01\/PERLE-DECORATIVE-300x300.png\" class=\"attachment-woocommerce_thumbnail size-woocommerce_thumbnail\" alt=\"PERLE DECORATIVE\" srcset=\"https:\/\/kymiashop.com\/wp-content\/uploads\/2026\/01\/PERLE-DECORATIVE-300x300.png 300w, https:\/\/kymiashop.com\/wp-content\/uploads\/2026\/01\/PERLE-DECORATIVE-150x150.png 150w, https:\/\/kymiashop.com\/wp-content\/uploads\/2026\/01\/PERLE-DECORATIVE-768x768.png 768w, https:\/\/kymiashop.com\/wp-content\/uploads\/2026\/01\/PERLE-DECORATIVE-12x12.png 12w, https:\/\/kymiashop.com\/wp-content\/uploads\/2026\/01\/PERLE-DECORATIVE-600x600.png 600w, https:\/\/kymiashop.com\/wp-content\/uploads\/2026\/01\/PERLE-DECORATIVE-100x100.png 100w, https:\/\/kymiashop.com\/wp-content\/uploads\/2026\/01\/PERLE-DECORATIVE.png 1024w\" sizes=\"(max-width: 300px) 100vw, 300px\" \/><h2 class=\"woocommerce-loop-product__title\">PERLE DECORATIVE<\/h2>\n<\/a><a href=\"https:\/\/kymiashop.com\/fr_fr\/product\/perle-decorative\/\" aria-describedby=\"woocommerce_loop_add_to_cart_link_describedby_2713\" data-quantity=\"1\" class=\"button product_type_simple\" data-product_id=\"2713\" data-product_sku=\"\" aria-label=\"En savoir plus sur &ldquo;PERLE DECORATIVE&rdquo;\" rel=\"nofollow\" data-success_message=\"\">Lire la suite<\/a>\t<span id=\"woocommerce_loop_add_to_cart_link_describedby_2713\" class=\"screen-reader-text\">\n\t\t\t<\/span>\n<\/li>\n<li class=\"product type-product post-2711 status-publish instock product_cat-uncategorized has-post-thumbnail taxable shipping-taxable product-type-simple\">\n\t<a href=\"https:\/\/kymiashop.com\/fr_fr\/product\/p100\/\" class=\"woocommerce-LoopProduct-link woocommerce-loop-product__link\"><img loading=\"lazy\" decoding=\"async\" width=\"300\" height=\"300\" src=\"https:\/\/kymiashop.com\/wp-content\/uploads\/2026\/01\/P100-300x300.png\" class=\"attachment-woocommerce_thumbnail size-woocommerce_thumbnail\" alt=\"P100\" srcset=\"https:\/\/kymiashop.com\/wp-content\/uploads\/2026\/01\/P100-300x300.png 300w, https:\/\/kymiashop.com\/wp-content\/uploads\/2026\/01\/P100-150x150.png 150w, https:\/\/kymiashop.com\/wp-content\/uploads\/2026\/01\/P100-768x768.png 768w, https:\/\/kymiashop.com\/wp-content\/uploads\/2026\/01\/P100-12x12.png 12w, https:\/\/kymiashop.com\/wp-content\/uploads\/2026\/01\/P100-600x600.png 600w, https:\/\/kymiashop.com\/wp-content\/uploads\/2026\/01\/P100-100x100.png 100w, https:\/\/kymiashop.com\/wp-content\/uploads\/2026\/01\/P100.png 1024w\" sizes=\"(max-width: 300px) 100vw, 300px\" \/><h2 class=\"woocommerce-loop-product__title\">P100<\/h2>\n<\/a><a href=\"https:\/\/kymiashop.com\/fr_fr\/product\/p100\/\" aria-describedby=\"woocommerce_loop_add_to_cart_link_describedby_2711\" data-quantity=\"1\" class=\"button product_type_simple\" data-product_id=\"2711\" data-product_sku=\"\" aria-label=\"En savoir plus sur &ldquo;P100&rdquo;\" rel=\"nofollow\" data-success_message=\"\">Lire la suite<\/a>\t<span id=\"woocommerce_loop_add_to_cart_link_describedby_2711\" class=\"screen-reader-text\">\n\t\t\t<\/span>\n<\/li>\n<li class=\"product type-product post-2709 status-publish last instock product_cat-uncategorized has-post-thumbnail taxable shipping-taxable purchasable product-type-simple\">\n\t<a href=\"https:\/\/kymiashop.com\/fr_fr\/product\/np9\/\" class=\"woocommerce-LoopProduct-link woocommerce-loop-product__link\"><img loading=\"lazy\" decoding=\"async\" width=\"300\" height=\"300\" src=\"https:\/\/kymiashop.com\/wp-content\/uploads\/2026\/01\/NP9-300x300.png\" class=\"attachment-woocommerce_thumbnail size-woocommerce_thumbnail\" alt=\"NP9\" srcset=\"https:\/\/kymiashop.com\/wp-content\/uploads\/2026\/01\/NP9-300x300.png 300w, https:\/\/kymiashop.com\/wp-content\/uploads\/2026\/01\/NP9-150x150.png 150w, https:\/\/kymiashop.com\/wp-content\/uploads\/2026\/01\/NP9-768x768.png 768w, https:\/\/kymiashop.com\/wp-content\/uploads\/2026\/01\/NP9-12x12.png 12w, https:\/\/kymiashop.com\/wp-content\/uploads\/2026\/01\/NP9-600x600.png 600w, https:\/\/kymiashop.com\/wp-content\/uploads\/2026\/01\/NP9-100x100.png 100w, https:\/\/kymiashop.com\/wp-content\/uploads\/2026\/01\/NP9.png 1024w\" sizes=\"(max-width: 300px) 100vw, 300px\" \/><h2 class=\"woocommerce-loop-product__title\">NP9<\/h2>\n\t<span class=\"price\"><span class=\"woocommerce-Price-amount amount\"><bdi>850,00&nbsp;<span class=\"woocommerce-Price-currencySymbol\">DA<\/span><\/bdi><\/span> <small class=\"woocommerce-price-suffix\">TTC<\/small><\/span>\n<\/a><a href=\"\/fr_fr\/wp-json\/wp\/v2\/pages\/2316?add-to-cart=2709\" aria-describedby=\"woocommerce_loop_add_to_cart_link_describedby_2709\" data-quantity=\"1\" class=\"button product_type_simple add_to_cart_button ajax_add_to_cart\" data-product_id=\"2709\" data-product_sku=\"\" aria-label=\"Ajouter au panier\u00a0: &ldquo;NP9&rdquo;\" rel=\"nofollow\" data-success_message=\"\u00ab\u00a0NP9\u00a0\u00bb a \u00e9t\u00e9 ajout\u00e9 \u00e0 votre panier\" role=\"button\">Ajouter au panier<\/a>\t<span id=\"woocommerce_loop_add_to_cart_link_describedby_2709\" class=\"screen-reader-text\">\n\t\t\t<\/span>\n<\/li>\n<\/ul>\n<\/div>\n","protected":false},"excerpt":{"rendered":"<p>Nos Derni\u00e8res Mati\u00e8res Premi\u00e8res D\u00e9couvrez nos derni\u00e8res mati\u00e8res premi\u00e8res cosm\u00e9tiques et d\u00e9tergentes.Des ingr\u00e9dients de qualit\u00e9 professionnelle, r\u00e9cemment ajout\u00e9s \u00e0 notre cataloguepour enrichir vos formulations.<\/p>\n","protected":false},"author":1,"featured_media":0,"parent":0,"menu_order":0,"comment_status":"closed","ping_status":"closed","template":"","meta":{"footnotes":""},"class_list":["post-2316","page","type-page","status-publish","hentry"],"blocksy_meta":[],"_links":{"self":[{"href":"https:\/\/kymiashop.com\/fr_fr\/wp-json\/wp\/v2\/pages\/2316","targetHints":{"allow":["GET"]}}],"collection":[{"href":"https:\/\/kymiashop.com\/fr_fr\/wp-json\/wp\/v2\/pages"}],"about":[{"href":"https:\/\/kymiashop.com\/fr_fr\/wp-json\/wp\/v2\/types\/page"}],"author":[{"embeddable":true,"href":"https:\/\/kymiashop.com\/fr_fr\/wp-json\/wp\/v2\/users\/1"}],"replies":[{"embeddable":true,"href":"https:\/\/kymiashop.com\/fr_fr\/wp-json\/wp\/v2\/comments?post=2316"}],"version-history":[{"count":13,"href":"https:\/\/kymiashop.com\/fr_fr\/wp-json\/wp\/v2\/pages\/2316\/revisions"}],"predecessor-version":[{"id":2337,"href":"https:\/\/kymiashop.com\/fr_fr\/wp-json\/wp\/v2\/pages\/2316\/revisions\/2337"}],"wp:attachment":[{"href":"https:\/\/kymiashop.com\/fr_fr\/wp-json\/wp\/v2\/media?parent=2316"}],"curies":[{"name":"wp","href":"https:\/\/api.w.org\/{rel}","templated":true}]}}