{"id":3,"date":"2024-11-22T15:28:37","date_gmt":"2024-11-22T14:28:37","guid":{"rendered":"https:\/\/kymiashop.com\/?page_id=3"},"modified":"2025-09-10T21:25:12","modified_gmt":"2025-09-10T20:25:12","slug":"politique-de-confidentialite","status":"publish","type":"page","link":"https:\/\/kymiashop.com\/fr_fr\/politique-de-confidentialite\/","title":{"rendered":"Politique de confidentialit\u00e9"},"content":{"rendered":"\t\t<div data-elementor-type=\"wp-page\" data-elementor-id=\"3\" class=\"elementor elementor-3\" data-elementor-post-type=\"page\">\n\t\t\t\t<div class=\"elementor-element elementor-element-52a0e933 e-flex e-con-boxed e-con e-parent\" data-id=\"52a0e933\" data-element_type=\"container\" data-e-type=\"container\">\n\t\t\t\t\t<div class=\"e-con-inner\">\n\t\t\t\t<div class=\"elementor-element elementor-element-472eac89 elementor-widget elementor-widget-text-editor\" data-id=\"472eac89\" data-element_type=\"widget\" data-e-type=\"widget\" data-widget_type=\"text-editor.default\">\n\t\t\t\t<div class=\"elementor-widget-container\">\n\t\t\t\t\t\t\t\t\t<h1 class=\"text-2xl font-bold mt-1 text-text-100\">POLITIQUE DE CONFIDENTIALIT\u00c9 &#8211; KYMIASHOP.COM<\/h1>\n<p class=\"whitespace-normal break-words\"><strong>Derni\u00e8re mise \u00e0 jour :<\/strong> 10 SEPTEMRE 2025<\/p>\n<h2 class=\"text-xl font-bold text-text-100 mt-1 -mb-0.5\">1. INTRODUCTION<\/h2>\n<p class=\"whitespace-normal break-words\">Kymiashop.com,\u00a0 s&rsquo;engage \u00e0 prot\u00e9ger la confidentialit\u00e9 de vos donn\u00e9es personnelles. Cette politique de confidentialit\u00e9 explique comment nous collectons, utilisons, stockons et prot\u00e9geons vos informations personnelles conform\u00e9ment \u00e0 la l\u00e9gislation alg\u00e9rienne en vigueur.<\/p>\n<h2 class=\"text-xl font-bold text-text-100 mt-1 -mb-0.5\">2. DONN\u00c9ES COLLECT\u00c9ES<\/h2>\n<h3 class=\"text-lg font-bold text-text-100 mt-1 -mb-1.5\">2.1 Donn\u00e9es que vous nous fournissez directement :<\/h3>\n<ul class=\"[&amp;:not(:last-child)_ul]:pb-1 [&amp;:not(:last-child)_ol]:pb-1 list-disc space-y-1.5 pl-7\">\n<li class=\"whitespace-normal break-words\">Nom, pr\u00e9nom, raison sociale<\/li>\n<li class=\"whitespace-normal break-words\">Adresse e-mail et num\u00e9ro de t\u00e9l\u00e9phone<\/li>\n<li class=\"whitespace-normal break-words\">Adresse de livraison et de facturation<\/li>\n<li class=\"whitespace-normal break-words\">Informations de paiement (trait\u00e9es de mani\u00e8re s\u00e9curis\u00e9e)<\/li>\n<li class=\"whitespace-normal break-words\">Num\u00e9ro de registre de commerce (pour les professionnels)<\/li>\n<li class=\"whitespace-normal break-words\">Communications avec notre service client<\/li>\n<\/ul>\n<h3 class=\"text-lg font-bold text-text-100 mt-1 -mb-1.5\">2.2 Donn\u00e9es collect\u00e9es automatiquement :<\/h3>\n<ul class=\"[&amp;:not(:last-child)_ul]:pb-1 [&amp;:not(:last-child)_ol]:pb-1 list-disc space-y-1.5 pl-7\">\n<li class=\"whitespace-normal break-words\">Adresse IP et donn\u00e9es de g\u00e9olocalisation<\/li>\n<li class=\"whitespace-normal break-words\">Informations sur votre navigateur et votre appareil<\/li>\n<li class=\"whitespace-normal break-words\">Pages visit\u00e9es et temps pass\u00e9 sur le site<\/li>\n<li class=\"whitespace-normal break-words\">Cookies et technologies similaires<\/li>\n<\/ul>\n<h2 class=\"text-xl font-bold text-text-100 mt-1 -mb-0.5\">3. UTILISATION DES DONN\u00c9ES<\/h2>\n<p class=\"whitespace-normal break-words\">Nous utilisons vos donn\u00e9es personnelles pour :<\/p>\n<ul class=\"[&amp;:not(:last-child)_ul]:pb-1 [&amp;:not(:last-child)_ol]:pb-1 list-disc space-y-1.5 pl-7\">\n<li class=\"whitespace-normal break-words\">Traiter et livrer vos commandes<\/li>\n<li class=\"whitespace-normal break-words\">G\u00e9rer votre compte client<\/li>\n<li class=\"whitespace-normal break-words\">Communiquer avec vous concernant vos achats<\/li>\n<li class=\"whitespace-normal break-words\">Am\u00e9liorer nos services et notre site web<\/li>\n<li class=\"whitespace-normal break-words\">Respecter nos obligations l\u00e9gales et r\u00e9glementaires<\/li>\n<li class=\"whitespace-normal break-words\">Pr\u00e9venir la fraude et assurer la s\u00e9curit\u00e9<\/li>\n<\/ul>\n<h2 class=\"text-xl font-bold text-text-100 mt-1 -mb-0.5\">4. PARTAGE DES DONN\u00c9ES<\/h2>\n<p class=\"whitespace-normal break-words\">Nous ne vendons jamais vos donn\u00e9es personnelles. Nous pouvons les partager avec :<\/p>\n<ul class=\"[&amp;:not(:last-child)_ul]:pb-1 [&amp;:not(:last-child)_ol]:pb-1 list-disc space-y-1.5 pl-7\">\n<li class=\"whitespace-normal break-words\">Nos prestataires de services (transport, paiement, h\u00e9bergement)<\/li>\n<li class=\"whitespace-normal break-words\">Les autorit\u00e9s comp\u00e9tentes si requis par la loi<\/li>\n<li class=\"whitespace-normal break-words\">Nos partenaires commerciaux avec votre consentement explicite<\/li>\n<\/ul>\n<h2 class=\"text-xl font-bold text-text-100 mt-1 -mb-0.5\">5. COOKIES<\/h2>\n<p class=\"whitespace-normal break-words\">Notre site utilise des cookies pour am\u00e9liorer votre exp\u00e9rience. Vous pouvez g\u00e9rer vos pr\u00e9f\u00e9rences de cookies dans les param\u00e8tres de votre navigateur.<\/p>\n<h2 class=\"text-xl font-bold text-text-100 mt-1 -mb-0.5\">6. S\u00c9CURIT\u00c9 DES DONN\u00c9ES<\/h2>\n<p class=\"whitespace-normal break-words\">Nous mettons en place des mesures techniques et organisationnelles appropri\u00e9es pour prot\u00e9ger vos donn\u00e9es contre tout acc\u00e8s non autoris\u00e9, modification, divulgation ou destruction.<\/p>\n<h2 class=\"text-xl font-bold text-text-100 mt-1 -mb-0.5\">7. VOS DROITS<\/h2>\n<p class=\"whitespace-normal break-words\">Conform\u00e9ment \u00e0 la l\u00e9gislation alg\u00e9rienne, vous disposez des droits suivants :<\/p>\n<ul class=\"[&amp;:not(:last-child)_ul]:pb-1 [&amp;:not(:last-child)_ol]:pb-1 list-disc space-y-1.5 pl-7\">\n<li class=\"whitespace-normal break-words\">Droit d&rsquo;acc\u00e8s \u00e0 vos donn\u00e9es personnelles<\/li>\n<li class=\"whitespace-normal break-words\">Droit de rectification des donn\u00e9es inexactes<\/li>\n<li class=\"whitespace-normal break-words\">Droit de suppression de vos donn\u00e9es<\/li>\n<li class=\"whitespace-normal break-words\">Droit d&rsquo;opposition au traitement<\/li>\n<li class=\"whitespace-normal break-words\">Droit de portabilit\u00e9 de vos donn\u00e9es<\/li>\n<\/ul>\n<p class=\"whitespace-normal break-words\">Pour exercer ces droits, contactez-nous \u00e0 : info@kymiashop.com<\/p>\n<h2 class=\"text-xl font-bold text-text-100 mt-1 -mb-0.5\">8. CONSERVATION DES DONN\u00c9ES<\/h2>\n<p class=\"whitespace-normal break-words\">Nous conservons vos donn\u00e9es personnelles aussi longtemps que n\u00e9cessaire pour les finalit\u00e9s d\u00e9crites dans cette politique, conform\u00e9ment aux obligations l\u00e9gales en vigueur en Alg\u00e9rie.<\/p>\n<h2 class=\"text-xl font-bold text-text-100 mt-1 -mb-0.5\">9. CONTACT<\/h2>\n<p class=\"whitespace-normal break-words\">Pour toute question concernant cette politique de confidentialit\u00e9, contactez-nous :<\/p>\n<ul class=\"[&amp;:not(:last-child)_ul]:pb-1 [&amp;:not(:last-child)_ol]:pb-1 list-disc space-y-1.5 pl-7\">\n<li class=\"whitespace-normal break-words\">E-mail : info@kymiashop.com<\/li>\n<li class=\"whitespace-normal break-words\">Adresse : Alger<\/li>\n<li class=\"whitespace-normal break-words\">T\u00e9l\u00e9phone : +213 549512961<\/li>\n<\/ul>\t\t\t\t\t\t\t\t<\/div>\n\t\t\t\t<\/div>\n\t\t\t\t\t<\/div>\n\t\t\t\t<\/div>\n\t\t\t\t<\/div>\n\t\t","protected":false},"excerpt":{"rendered":"<p>POLITIQUE DE CONFIDENTIALIT\u00c9 &#8211; KYMIASHOP.COM Derni\u00e8re mise \u00e0 jour : 10 SEPTEMRE 2025 1. INTRODUCTION Kymiashop.com,\u00a0 s&rsquo;engage \u00e0 prot\u00e9ger la confidentialit\u00e9 de vos donn\u00e9es personnelles. Cette politique de confidentialit\u00e9 explique comment nous collectons, utilisons, stockons et prot\u00e9geons vos informations personnelles conform\u00e9ment \u00e0 la l\u00e9gislation alg\u00e9rienne en vigueur. 2. DONN\u00c9ES COLLECT\u00c9ES 2.1 Donn\u00e9es que vous nous [&hellip;]<\/p>\n","protected":false},"author":1,"featured_media":0,"parent":0,"menu_order":0,"comment_status":"closed","ping_status":"open","template":"","meta":{"footnotes":""},"class_list":["post-3","page","type-page","status-publish","hentry"],"blocksy_meta":[],"_links":{"self":[{"href":"https:\/\/kymiashop.com\/fr_fr\/wp-json\/wp\/v2\/pages\/3","targetHints":{"allow":["GET"]}}],"collection":[{"href":"https:\/\/kymiashop.com\/fr_fr\/wp-json\/wp\/v2\/pages"}],"about":[{"href":"https:\/\/kymiashop.com\/fr_fr\/wp-json\/wp\/v2\/types\/page"}],"author":[{"embeddable":true,"href":"https:\/\/kymiashop.com\/fr_fr\/wp-json\/wp\/v2\/users\/1"}],"replies":[{"embeddable":true,"href":"https:\/\/kymiashop.com\/fr_fr\/wp-json\/wp\/v2\/comments?post=3"}],"version-history":[{"count":6,"href":"https:\/\/kymiashop.com\/fr_fr\/wp-json\/wp\/v2\/pages\/3\/revisions"}],"predecessor-version":[{"id":2285,"href":"https:\/\/kymiashop.com\/fr_fr\/wp-json\/wp\/v2\/pages\/3\/revisions\/2285"}],"wp:attachment":[{"href":"https:\/\/kymiashop.com\/fr_fr\/wp-json\/wp\/v2\/media?parent=3"}],"curies":[{"name":"wp","href":"https:\/\/api.w.org\/{rel}","templated":true}]}}