{"id":2561,"date":"2026-01-21T15:47:24","date_gmt":"2026-01-21T14:47:24","guid":{"rendered":"https:\/\/kymiashop.com\/fr_fr\/?post_type=product&#038;p=2561"},"modified":"2026-01-22T09:34:56","modified_gmt":"2026-01-22T08:34:56","slug":"ab-45","status":"publish","type":"product","link":"https:\/\/kymiashop.com\/fr_fr\/product\/ab-45\/","title":{"rendered":"AB 45"},"content":{"rendered":"<h3 data-start=\"588\" data-end=\"601\"><strong data-start=\"592\" data-end=\"601\">AB 45<\/strong><\/h3>\n<p data-start=\"602\" data-end=\"894\"><strong data-start=\"602\" data-end=\"619\">Description :<\/strong> Tensioactif anionique plus concentr\u00e9 que AB 30.<br data-start=\"667\" data-end=\"670\" \/><strong data-start=\"670\" data-end=\"684\">Fonction :<\/strong> Nettoyage intensif.<br data-start=\"704\" data-end=\"707\" \/><strong data-start=\"707\" data-end=\"725\">Applications :<\/strong> D\u00e9tergents industriels, nettoyants puissants, produits cosm\u00e9tiques.\u00a0<br data-start=\"771\" data-end=\"774\" \/><strong data-start=\"774\" data-end=\"789\">Avantages :<\/strong> Excellente efficacit\u00e9 contre les graisses.<br data-start=\"832\" data-end=\"835\" \/><strong data-start=\"835\" data-end=\"852\">Pr\u00e9cautions :<\/strong> Peut \u00eatre irritant \u00e0 forte concentration.<\/p>\n","protected":false},"excerpt":{"rendered":"<p>AB 45 Description : Tensioactif anionique plus concentr\u00e9 que AB 30.Fonction : Nettoyage intensif.Applications : D\u00e9tergents industriels, nettoyants puissants, produits cosm\u00e9tiques.\u00a0Avantages : Excellente efficacit\u00e9 contre les graisses.Pr\u00e9cautions : Peut \u00eatre irritant \u00e0 forte concentration.<\/p>\n","protected":false},"featured_media":2378,"template":"","meta":[],"product_brand":[],"product_cat":[30],"product_tag":[],"class_list":{"0":"post-2561","1":"product","2":"type-product","3":"status-publish","4":"has-post-thumbnail","6":"product_cat-tensioactifs","8":"first","9":"instock","10":"taxable","11":"shipping-taxable","12":"purchasable","13":"product-type-simple"},"_links":{"self":[{"href":"https:\/\/kymiashop.com\/fr_fr\/wp-json\/wp\/v2\/product\/2561","targetHints":{"allow":["GET"]}}],"collection":[{"href":"https:\/\/kymiashop.com\/fr_fr\/wp-json\/wp\/v2\/product"}],"about":[{"href":"https:\/\/kymiashop.com\/fr_fr\/wp-json\/wp\/v2\/types\/product"}],"wp:featuredmedia":[{"embeddable":true,"href":"https:\/\/kymiashop.com\/fr_fr\/wp-json\/wp\/v2\/media\/2378"}],"wp:attachment":[{"href":"https:\/\/kymiashop.com\/fr_fr\/wp-json\/wp\/v2\/media?parent=2561"}],"wp:term":[{"taxonomy":"product_brand","embeddable":true,"href":"https:\/\/kymiashop.com\/fr_fr\/wp-json\/wp\/v2\/product_brand?post=2561"},{"taxonomy":"product_cat","embeddable":true,"href":"https:\/\/kymiashop.com\/fr_fr\/wp-json\/wp\/v2\/product_cat?post=2561"},{"taxonomy":"product_tag","embeddable":true,"href":"https:\/\/kymiashop.com\/fr_fr\/wp-json\/wp\/v2\/product_tag?post=2561"}],"curies":[{"name":"wp","href":"https:\/\/api.w.org\/{rel}","templated":true}]}}