{"id":2562,"date":"2026-01-21T15:48:35","date_gmt":"2026-01-21T14:48:35","guid":{"rendered":"https:\/\/kymiashop.com\/fr_fr\/?post_type=product&#038;p=2562"},"modified":"2026-01-22T09:53:29","modified_gmt":"2026-01-22T08:53:29","slug":"acide-chlorhydrique","status":"publish","type":"product","link":"https:\/\/kymiashop.com\/fr_fr\/product\/acide-chlorhydrique\/","title":{"rendered":"ACIDE CHLORHYDRIQUE"},"content":{"rendered":"<h3 data-start=\"901\" data-end=\"928\"><strong data-start=\"905\" data-end=\"928\">ACIDE CHLORHYDRIQUE<\/strong><\/h3>\n<p data-start=\"929\" data-end=\"1274\"><strong data-start=\"929\" data-end=\"946\">Description :<\/strong> Acide min\u00e9ral fort utilis\u00e9 comme agent de d\u00e9tartrage.<br data-start=\"1000\" data-end=\"1003\" \/><strong data-start=\"1003\" data-end=\"1017\">Fonction :<\/strong> D\u00e9tartrant et ajusteur de pH.<br data-start=\"1047\" data-end=\"1050\" \/><strong data-start=\"1050\" data-end=\"1068\">Applications :<\/strong> Nettoyage sanitaire, industriel, traitement des surfaces.<br data-start=\"1126\" data-end=\"1129\" \/><strong data-start=\"1129\" data-end=\"1144\">Avantages :<\/strong> Action rapide et efficace contre le calcaire.<br data-start=\"1190\" data-end=\"1193\" \/><strong data-start=\"1193\" data-end=\"1210\">Pr\u00e9cautions :<\/strong> Produit corrosif \u2013 manipulation avec \u00e9quipements de protection.<\/p>\n","protected":false},"excerpt":{"rendered":"<p>ACIDE CHLORHYDRIQUE Description : Acide min\u00e9ral fort utilis\u00e9 comme agent de d\u00e9tartrage.Fonction : D\u00e9tartrant et ajusteur de pH.Applications : Nettoyage sanitaire, industriel, traitement des surfaces.Avantages : Action rapide et efficace contre le calcaire.Pr\u00e9cautions : Produit corrosif \u2013 manipulation avec \u00e9quipements de protection.<\/p>\n","protected":false},"featured_media":2380,"template":"","meta":[],"product_brand":[],"product_cat":[15],"product_tag":[],"class_list":{"0":"post-2562","1":"product","2":"type-product","3":"status-publish","4":"has-post-thumbnail","6":"product_cat-uncategorized","8":"first","9":"instock","10":"taxable","11":"shipping-taxable","12":"product-type-simple"},"_links":{"self":[{"href":"https:\/\/kymiashop.com\/fr_fr\/wp-json\/wp\/v2\/product\/2562","targetHints":{"allow":["GET"]}}],"collection":[{"href":"https:\/\/kymiashop.com\/fr_fr\/wp-json\/wp\/v2\/product"}],"about":[{"href":"https:\/\/kymiashop.com\/fr_fr\/wp-json\/wp\/v2\/types\/product"}],"wp:featuredmedia":[{"embeddable":true,"href":"https:\/\/kymiashop.com\/fr_fr\/wp-json\/wp\/v2\/media\/2380"}],"wp:attachment":[{"href":"https:\/\/kymiashop.com\/fr_fr\/wp-json\/wp\/v2\/media?parent=2562"}],"wp:term":[{"taxonomy":"product_brand","embeddable":true,"href":"https:\/\/kymiashop.com\/fr_fr\/wp-json\/wp\/v2\/product_brand?post=2562"},{"taxonomy":"product_cat","embeddable":true,"href":"https:\/\/kymiashop.com\/fr_fr\/wp-json\/wp\/v2\/product_cat?post=2562"},{"taxonomy":"product_tag","embeddable":true,"href":"https:\/\/kymiashop.com\/fr_fr\/wp-json\/wp\/v2\/product_tag?post=2562"}],"curies":[{"name":"wp","href":"https:\/\/api.w.org\/{rel}","templated":true}]}}