{"id":2564,"date":"2026-01-21T15:50:14","date_gmt":"2026-01-21T14:50:14","guid":{"rendered":"https:\/\/kymiashop.com\/fr_fr\/?post_type=product&#038;p=2564"},"modified":"2026-01-22T09:52:19","modified_gmt":"2026-01-22T08:52:19","slug":"acide-nitrique","status":"publish","type":"product","link":"https:\/\/kymiashop.com\/fr_fr\/product\/acide-nitrique\/","title":{"rendered":"ACIDE NITRIQUE"},"content":{"rendered":"<h3 data-start=\"1843\" data-end=\"1865\"><strong data-start=\"1847\" data-end=\"1865\">ACIDE NITRIQUE<\/strong><\/h3>\n<p data-start=\"1866\" data-end=\"2148\"><strong data-start=\"1866\" data-end=\"1883\">Description :<\/strong> Acide min\u00e9ral puissant utilis\u00e9 en industrie.<br data-start=\"1928\" data-end=\"1931\" \/><strong data-start=\"1931\" data-end=\"1945\">Fonction :<\/strong> Nettoyage chimique, ajustement de pH.<br data-start=\"1983\" data-end=\"1986\" \/><strong data-start=\"1986\" data-end=\"2004\">Applications :<\/strong> Industrie, d\u00e9tartrage sp\u00e9cialis\u00e9.<br data-start=\"2038\" data-end=\"2041\" \/><strong data-start=\"2041\" data-end=\"2056\">Avantages :<\/strong> Tr\u00e8s efficace.<br data-start=\"2071\" data-end=\"2074\" \/><strong data-start=\"2074\" data-end=\"2091\">Pr\u00e9cautions :<\/strong> Produit hautement corrosif \u2013 usage professionnel strict.<\/p>\n","protected":false},"excerpt":{"rendered":"<p>ACIDE NITRIQUE Description : Acide min\u00e9ral puissant utilis\u00e9 en industrie.Fonction : Nettoyage chimique, ajustement de pH.Applications : Industrie, d\u00e9tartrage sp\u00e9cialis\u00e9.Avantages : Tr\u00e8s efficace.Pr\u00e9cautions : Produit hautement corrosif \u2013 usage professionnel strict.<\/p>\n","protected":false},"featured_media":2382,"template":"","meta":[],"product_brand":[],"product_cat":[15],"product_tag":[],"class_list":{"0":"post-2564","1":"product","2":"type-product","3":"status-publish","4":"has-post-thumbnail","6":"product_cat-uncategorized","8":"first","9":"instock","10":"taxable","11":"shipping-taxable","12":"product-type-simple"},"_links":{"self":[{"href":"https:\/\/kymiashop.com\/fr_fr\/wp-json\/wp\/v2\/product\/2564","targetHints":{"allow":["GET"]}}],"collection":[{"href":"https:\/\/kymiashop.com\/fr_fr\/wp-json\/wp\/v2\/product"}],"about":[{"href":"https:\/\/kymiashop.com\/fr_fr\/wp-json\/wp\/v2\/types\/product"}],"wp:featuredmedia":[{"embeddable":true,"href":"https:\/\/kymiashop.com\/fr_fr\/wp-json\/wp\/v2\/media\/2382"}],"wp:attachment":[{"href":"https:\/\/kymiashop.com\/fr_fr\/wp-json\/wp\/v2\/media?parent=2564"}],"wp:term":[{"taxonomy":"product_brand","embeddable":true,"href":"https:\/\/kymiashop.com\/fr_fr\/wp-json\/wp\/v2\/product_brand?post=2564"},{"taxonomy":"product_cat","embeddable":true,"href":"https:\/\/kymiashop.com\/fr_fr\/wp-json\/wp\/v2\/product_cat?post=2564"},{"taxonomy":"product_tag","embeddable":true,"href":"https:\/\/kymiashop.com\/fr_fr\/wp-json\/wp\/v2\/product_tag?post=2564"}],"curies":[{"name":"wp","href":"https:\/\/api.w.org\/{rel}","templated":true}]}}