{"id":2565,"date":"2026-01-21T15:51:03","date_gmt":"2026-01-21T14:51:03","guid":{"rendered":"https:\/\/kymiashop.com\/fr_fr\/?post_type=product&#038;p=2565"},"modified":"2026-01-22T09:46:10","modified_gmt":"2026-01-22T08:46:10","slug":"acide-phosphorique","status":"publish","type":"product","link":"https:\/\/kymiashop.com\/fr_fr\/product\/acide-phosphorique\/","title":{"rendered":"ACIDE PHOSPHORIQUE"},"content":{"rendered":"<h3 data-start=\"2155\" data-end=\"2181\"><strong data-start=\"2159\" data-end=\"2181\">ACIDE PHOSPHORIQUE<\/strong><\/h3>\n<p data-start=\"2182\" data-end=\"2427\"><strong data-start=\"2182\" data-end=\"2199\">Description :<\/strong> Acide min\u00e9ral mod\u00e9r\u00e9 utilis\u00e9 comme d\u00e9tartrant.<br data-start=\"2246\" data-end=\"2249\" \/><strong data-start=\"2249\" data-end=\"2263\">Fonction :<\/strong> D\u00e9tartrage, stabilisation du pH.<br data-start=\"2296\" data-end=\"2299\" \/><strong data-start=\"2299\" data-end=\"2317\">Applications :<\/strong> D\u00e9tergents, industrie agroalimentaire, nettoyage.<br data-start=\"2367\" data-end=\"2370\" \/><strong data-start=\"2370\" data-end=\"2385\">Avantages :<\/strong> Moins agressif que d\u2019autres acides forts.<\/p>\n","protected":false},"excerpt":{"rendered":"<p>ACIDE PHOSPHORIQUE Description : Acide min\u00e9ral mod\u00e9r\u00e9 utilis\u00e9 comme d\u00e9tartrant.Fonction : D\u00e9tartrage, stabilisation du pH.Applications : D\u00e9tergents, industrie agroalimentaire, nettoyage.Avantages : Moins agressif que d\u2019autres acides forts.<\/p>\n","protected":false},"featured_media":2383,"template":"","meta":[],"product_brand":[],"product_cat":[15],"product_tag":[],"class_list":{"0":"post-2565","1":"product","2":"type-product","3":"status-publish","4":"has-post-thumbnail","6":"product_cat-uncategorized","8":"first","9":"instock","10":"taxable","11":"shipping-taxable","12":"product-type-simple"},"_links":{"self":[{"href":"https:\/\/kymiashop.com\/fr_fr\/wp-json\/wp\/v2\/product\/2565","targetHints":{"allow":["GET"]}}],"collection":[{"href":"https:\/\/kymiashop.com\/fr_fr\/wp-json\/wp\/v2\/product"}],"about":[{"href":"https:\/\/kymiashop.com\/fr_fr\/wp-json\/wp\/v2\/types\/product"}],"wp:featuredmedia":[{"embeddable":true,"href":"https:\/\/kymiashop.com\/fr_fr\/wp-json\/wp\/v2\/media\/2383"}],"wp:attachment":[{"href":"https:\/\/kymiashop.com\/fr_fr\/wp-json\/wp\/v2\/media?parent=2565"}],"wp:term":[{"taxonomy":"product_brand","embeddable":true,"href":"https:\/\/kymiashop.com\/fr_fr\/wp-json\/wp\/v2\/product_brand?post=2565"},{"taxonomy":"product_cat","embeddable":true,"href":"https:\/\/kymiashop.com\/fr_fr\/wp-json\/wp\/v2\/product_cat?post=2565"},{"taxonomy":"product_tag","embeddable":true,"href":"https:\/\/kymiashop.com\/fr_fr\/wp-json\/wp\/v2\/product_tag?post=2565"}],"curies":[{"name":"wp","href":"https:\/\/api.w.org\/{rel}","templated":true}]}}