{"id":2570,"date":"2026-01-21T15:55:46","date_gmt":"2026-01-21T14:55:46","guid":{"rendered":"https:\/\/kymiashop.com\/fr_fr\/?post_type=product&#038;p=2570"},"modified":"2026-01-22T10:34:24","modified_gmt":"2026-01-22T09:34:24","slug":"borax","status":"publish","type":"product","link":"https:\/\/kymiashop.com\/fr_fr\/product\/borax\/","title":{"rendered":"BORAX"},"content":{"rendered":"<h3 data-start=\"5417\" data-end=\"5430\"><strong data-start=\"5421\" data-end=\"5430\">BORAX<\/strong><\/h3>\n<p data-start=\"5431\" data-end=\"5693\"><strong data-start=\"5431\" data-end=\"5448\">Description :<\/strong> Sel min\u00e9ral aux propri\u00e9t\u00e9s nettoyantes.<br data-start=\"5488\" data-end=\"5491\" \/><strong data-start=\"5491\" data-end=\"5505\">Fonction :<\/strong> D\u00e9tachant, r\u00e9gulateur de pH.<br data-start=\"5534\" data-end=\"5537\" \/><strong data-start=\"5537\" data-end=\"5555\">Applications :<\/strong> D\u00e9tergents, usages industriels.<br data-start=\"5587\" data-end=\"5590\" \/><strong data-start=\"5590\" data-end=\"5605\">Avantages :<\/strong> Am\u00e9liore l\u2019efficacit\u00e9 du lavage.<br data-start=\"5638\" data-end=\"5641\" \/><strong data-start=\"5641\" data-end=\"5658\">Pr\u00e9cautions :<\/strong> Utilisation contr\u00f4l\u00e9e recommand\u00e9e.<\/p>\n","protected":false},"excerpt":{"rendered":"<p>BORAX Description : Sel min\u00e9ral aux propri\u00e9t\u00e9s nettoyantes.Fonction : D\u00e9tachant, r\u00e9gulateur de pH.Applications : D\u00e9tergents, usages industriels.Avantages : Am\u00e9liore l\u2019efficacit\u00e9 du lavage.Pr\u00e9cautions : Utilisation contr\u00f4l\u00e9e recommand\u00e9e.<\/p>\n","protected":false},"featured_media":2389,"template":"","meta":[],"product_brand":[],"product_cat":[15],"product_tag":[],"class_list":{"0":"post-2570","1":"product","2":"type-product","3":"status-publish","4":"has-post-thumbnail","6":"product_cat-uncategorized","8":"first","9":"instock","10":"taxable","11":"shipping-taxable","12":"product-type-simple"},"_links":{"self":[{"href":"https:\/\/kymiashop.com\/fr_fr\/wp-json\/wp\/v2\/product\/2570","targetHints":{"allow":["GET"]}}],"collection":[{"href":"https:\/\/kymiashop.com\/fr_fr\/wp-json\/wp\/v2\/product"}],"about":[{"href":"https:\/\/kymiashop.com\/fr_fr\/wp-json\/wp\/v2\/types\/product"}],"wp:featuredmedia":[{"embeddable":true,"href":"https:\/\/kymiashop.com\/fr_fr\/wp-json\/wp\/v2\/media\/2389"}],"wp:attachment":[{"href":"https:\/\/kymiashop.com\/fr_fr\/wp-json\/wp\/v2\/media?parent=2570"}],"wp:term":[{"taxonomy":"product_brand","embeddable":true,"href":"https:\/\/kymiashop.com\/fr_fr\/wp-json\/wp\/v2\/product_brand?post=2570"},{"taxonomy":"product_cat","embeddable":true,"href":"https:\/\/kymiashop.com\/fr_fr\/wp-json\/wp\/v2\/product_cat?post=2570"},{"taxonomy":"product_tag","embeddable":true,"href":"https:\/\/kymiashop.com\/fr_fr\/wp-json\/wp\/v2\/product_tag?post=2570"}],"curies":[{"name":"wp","href":"https:\/\/api.w.org\/{rel}","templated":true}]}}