{"id":2572,"date":"2026-01-21T15:57:54","date_gmt":"2026-01-21T14:57:54","guid":{"rendered":"https:\/\/kymiashop.com\/fr_fr\/?post_type=product&#038;p=2572"},"modified":"2026-01-22T10:35:14","modified_gmt":"2026-01-22T09:35:14","slug":"butyl-glycol","status":"publish","type":"product","link":"https:\/\/kymiashop.com\/fr_fr\/product\/butyl-glycol\/","title":{"rendered":"BUTYL GLYCOL"},"content":{"rendered":"<h3 data-start=\"5700\" data-end=\"5720\"><strong data-start=\"5704\" data-end=\"5720\">BUTYL GLYCOL<\/strong><\/h3>\n<p data-start=\"5721\" data-end=\"5929\"><strong data-start=\"5721\" data-end=\"5738\">Description :<\/strong> Solvant organique polyvalent.<br data-start=\"5768\" data-end=\"5771\" \/><strong data-start=\"5771\" data-end=\"5785\">Fonction :<\/strong> Solubilisation et d\u00e9graissage.<br data-start=\"5816\" data-end=\"5819\" \/><strong data-start=\"5819\" data-end=\"5837\">Applications :<\/strong> Nettoyants, peintures, cosm\u00e9tiques.<br data-start=\"5873\" data-end=\"5876\" \/><strong data-start=\"5876\" data-end=\"5891\">Avantages :<\/strong> Am\u00e9liore la performance des formules.<\/p>\n","protected":false},"excerpt":{"rendered":"<p>BUTYL GLYCOL Description : Solvant organique polyvalent.Fonction : Solubilisation et d\u00e9graissage.Applications : Nettoyants, peintures, cosm\u00e9tiques.Avantages : Am\u00e9liore la performance des formules.<\/p>\n","protected":false},"featured_media":2391,"template":"","meta":[],"product_brand":[],"product_cat":[15],"product_tag":[],"class_list":{"0":"post-2572","1":"product","2":"type-product","3":"status-publish","4":"has-post-thumbnail","6":"product_cat-uncategorized","8":"first","9":"instock","10":"taxable","11":"shipping-taxable","12":"product-type-simple"},"_links":{"self":[{"href":"https:\/\/kymiashop.com\/fr_fr\/wp-json\/wp\/v2\/product\/2572","targetHints":{"allow":["GET"]}}],"collection":[{"href":"https:\/\/kymiashop.com\/fr_fr\/wp-json\/wp\/v2\/product"}],"about":[{"href":"https:\/\/kymiashop.com\/fr_fr\/wp-json\/wp\/v2\/types\/product"}],"wp:featuredmedia":[{"embeddable":true,"href":"https:\/\/kymiashop.com\/fr_fr\/wp-json\/wp\/v2\/media\/2391"}],"wp:attachment":[{"href":"https:\/\/kymiashop.com\/fr_fr\/wp-json\/wp\/v2\/media?parent=2572"}],"wp:term":[{"taxonomy":"product_brand","embeddable":true,"href":"https:\/\/kymiashop.com\/fr_fr\/wp-json\/wp\/v2\/product_brand?post=2572"},{"taxonomy":"product_cat","embeddable":true,"href":"https:\/\/kymiashop.com\/fr_fr\/wp-json\/wp\/v2\/product_cat?post=2572"},{"taxonomy":"product_tag","embeddable":true,"href":"https:\/\/kymiashop.com\/fr_fr\/wp-json\/wp\/v2\/product_tag?post=2572"}],"curies":[{"name":"wp","href":"https:\/\/api.w.org\/{rel}","templated":true}]}}