{"id":2575,"date":"2026-01-21T16:01:32","date_gmt":"2026-01-21T15:01:32","guid":{"rendered":"https:\/\/kymiashop.com\/fr_fr\/?post_type=product&#038;p=2575"},"modified":"2026-01-22T10:40:05","modified_gmt":"2026-01-22T09:40:05","slug":"cetiol-ldo","status":"publish","type":"product","link":"https:\/\/kymiashop.com\/fr_fr\/product\/cetiol-ldo\/","title":{"rendered":"CETIOL LDO"},"content":{"rendered":"<h3 data-start=\"454\" data-end=\"472\"><strong data-start=\"458\" data-end=\"472\">CETIOL LDO<\/strong><\/h3>\n<p data-start=\"473\" data-end=\"679\"><strong data-start=\"473\" data-end=\"490\">Description :<\/strong> \u00c9mollient lipophile longue dur\u00e9e.<br data-start=\"524\" data-end=\"527\" \/><strong data-start=\"527\" data-end=\"541\">Fonction :<\/strong> Hydratation et protection de la peau.<br data-start=\"579\" data-end=\"582\" \/><strong data-start=\"582\" data-end=\"600\">Applications :<\/strong> Soins corporels, cr\u00e8mes nourrissantes.<br data-start=\"639\" data-end=\"642\" \/><strong data-start=\"642\" data-end=\"657\">Avantages :<\/strong> Effet doux et soyeux.<\/p>\n","protected":false},"excerpt":{"rendered":"<p>CETIOL LDO Description : \u00c9mollient lipophile longue dur\u00e9e.Fonction : Hydratation et protection de la peau.Applications : Soins corporels, cr\u00e8mes nourrissantes.Avantages : Effet doux et soyeux.<\/p>\n","protected":false},"featured_media":2394,"template":"","meta":[],"product_brand":[],"product_cat":[15],"product_tag":[],"class_list":{"0":"post-2575","1":"product","2":"type-product","3":"status-publish","4":"has-post-thumbnail","6":"product_cat-uncategorized","8":"first","9":"instock","10":"taxable","11":"shipping-taxable","12":"product-type-simple"},"_links":{"self":[{"href":"https:\/\/kymiashop.com\/fr_fr\/wp-json\/wp\/v2\/product\/2575","targetHints":{"allow":["GET"]}}],"collection":[{"href":"https:\/\/kymiashop.com\/fr_fr\/wp-json\/wp\/v2\/product"}],"about":[{"href":"https:\/\/kymiashop.com\/fr_fr\/wp-json\/wp\/v2\/types\/product"}],"wp:featuredmedia":[{"embeddable":true,"href":"https:\/\/kymiashop.com\/fr_fr\/wp-json\/wp\/v2\/media\/2394"}],"wp:attachment":[{"href":"https:\/\/kymiashop.com\/fr_fr\/wp-json\/wp\/v2\/media?parent=2575"}],"wp:term":[{"taxonomy":"product_brand","embeddable":true,"href":"https:\/\/kymiashop.com\/fr_fr\/wp-json\/wp\/v2\/product_brand?post=2575"},{"taxonomy":"product_cat","embeddable":true,"href":"https:\/\/kymiashop.com\/fr_fr\/wp-json\/wp\/v2\/product_cat?post=2575"},{"taxonomy":"product_tag","embeddable":true,"href":"https:\/\/kymiashop.com\/fr_fr\/wp-json\/wp\/v2\/product_tag?post=2575"}],"curies":[{"name":"wp","href":"https:\/\/api.w.org\/{rel}","templated":true}]}}