{"id":2577,"date":"2026-01-21T16:03:25","date_gmt":"2026-01-21T15:03:25","guid":{"rendered":"https:\/\/kymiashop.com\/fr_fr\/?post_type=product&#038;p=2577"},"modified":"2026-01-22T16:32:47","modified_gmt":"2026-01-22T15:32:47","slug":"cetiol-v","status":"publish","type":"product","link":"https:\/\/kymiashop.com\/fr_fr\/product\/cetiol-v\/","title":{"rendered":"CETIOL V"},"content":{"rendered":"<h3 data-start=\"918\" data-end=\"934\"><strong data-start=\"922\" data-end=\"934\">CETIOL V<\/strong><\/h3>\n<p data-start=\"935\" data-end=\"1139\"><strong data-start=\"935\" data-end=\"952\">Description :<\/strong> \u00c9mollient non gras pour formulations modernes.<br data-start=\"999\" data-end=\"1002\" \/><strong data-start=\"1002\" data-end=\"1016\">Fonction :<\/strong> Am\u00e9lioration du toucher.<br data-start=\"1041\" data-end=\"1044\" \/><strong data-start=\"1044\" data-end=\"1062\">Applications :<\/strong> Produits cosm\u00e9tiques l\u00e9gers.<br data-start=\"1091\" data-end=\"1094\" \/><strong data-start=\"1094\" data-end=\"1109\">Avantages :<\/strong> Effet velout\u00e9 sans film gras.<\/p>\n","protected":false},"excerpt":{"rendered":"<p>CETIOL V Description : \u00c9mollient non gras pour formulations modernes.Fonction : Am\u00e9lioration du toucher.Applications : Produits cosm\u00e9tiques l\u00e9gers.Avantages : Effet velout\u00e9 sans film gras.<\/p>\n","protected":false},"featured_media":2396,"template":"","meta":[],"product_brand":[],"product_cat":[15],"product_tag":[],"class_list":{"0":"post-2577","1":"product","2":"type-product","3":"status-publish","4":"has-post-thumbnail","6":"product_cat-uncategorized","8":"first","9":"instock","10":"taxable","11":"shipping-taxable","12":"product-type-simple"},"_links":{"self":[{"href":"https:\/\/kymiashop.com\/fr_fr\/wp-json\/wp\/v2\/product\/2577","targetHints":{"allow":["GET"]}}],"collection":[{"href":"https:\/\/kymiashop.com\/fr_fr\/wp-json\/wp\/v2\/product"}],"about":[{"href":"https:\/\/kymiashop.com\/fr_fr\/wp-json\/wp\/v2\/types\/product"}],"wp:featuredmedia":[{"embeddable":true,"href":"https:\/\/kymiashop.com\/fr_fr\/wp-json\/wp\/v2\/media\/2396"}],"wp:attachment":[{"href":"https:\/\/kymiashop.com\/fr_fr\/wp-json\/wp\/v2\/media?parent=2577"}],"wp:term":[{"taxonomy":"product_brand","embeddable":true,"href":"https:\/\/kymiashop.com\/fr_fr\/wp-json\/wp\/v2\/product_brand?post=2577"},{"taxonomy":"product_cat","embeddable":true,"href":"https:\/\/kymiashop.com\/fr_fr\/wp-json\/wp\/v2\/product_cat?post=2577"},{"taxonomy":"product_tag","embeddable":true,"href":"https:\/\/kymiashop.com\/fr_fr\/wp-json\/wp\/v2\/product_tag?post=2577"}],"curies":[{"name":"wp","href":"https:\/\/api.w.org\/{rel}","templated":true}]}}