{"id":2578,"date":"2026-01-21T16:06:03","date_gmt":"2026-01-21T15:06:03","guid":{"rendered":"https:\/\/kymiashop.com\/fr_fr\/?post_type=product&#038;p=2578"},"modified":"2026-01-22T10:45:15","modified_gmt":"2026-01-22T09:45:15","slug":"collagene","status":"publish","type":"product","link":"https:\/\/kymiashop.com\/fr_fr\/product\/collagene\/","title":{"rendered":"COLLAGENE"},"content":{"rendered":"<h3 data-start=\"1853\" data-end=\"1870\"><strong data-start=\"1857\" data-end=\"1870\">COLLAG\u00c8NE<\/strong><\/h3>\n<p data-start=\"1871\" data-end=\"2101\"><strong data-start=\"1871\" data-end=\"1888\">Description :<\/strong> Prot\u00e9ine naturelle aux propri\u00e9t\u00e9s filmog\u00e8nes.<br data-start=\"1934\" data-end=\"1937\" \/><strong data-start=\"1937\" data-end=\"1951\">Fonction :<\/strong> Hydratation et protection de la peau.<br data-start=\"1989\" data-end=\"1992\" \/><strong data-start=\"1992\" data-end=\"2010\">Applications :<\/strong> Cr\u00e8mes, masques, soins capillaires.<br data-start=\"2046\" data-end=\"2049\" \/><strong data-start=\"2049\" data-end=\"2064\">Avantages :<\/strong> Am\u00e9liore l\u2019\u00e9lasticit\u00e9 et la douceur.<\/p>\n","protected":false},"excerpt":{"rendered":"<p>COLLAG\u00c8NE Description : Prot\u00e9ine naturelle aux propri\u00e9t\u00e9s filmog\u00e8nes.Fonction : Hydratation et protection de la peau.Applications : Cr\u00e8mes, masques, soins capillaires.Avantages : Am\u00e9liore l\u2019\u00e9lasticit\u00e9 et la douceur.<\/p>\n","protected":false},"featured_media":2695,"template":"","meta":[],"product_brand":[],"product_cat":[15],"product_tag":[],"class_list":{"0":"post-2578","1":"product","2":"type-product","3":"status-publish","4":"has-post-thumbnail","6":"product_cat-uncategorized","8":"first","9":"instock","10":"taxable","11":"shipping-taxable","12":"product-type-simple"},"_links":{"self":[{"href":"https:\/\/kymiashop.com\/fr_fr\/wp-json\/wp\/v2\/product\/2578","targetHints":{"allow":["GET"]}}],"collection":[{"href":"https:\/\/kymiashop.com\/fr_fr\/wp-json\/wp\/v2\/product"}],"about":[{"href":"https:\/\/kymiashop.com\/fr_fr\/wp-json\/wp\/v2\/types\/product"}],"wp:featuredmedia":[{"embeddable":true,"href":"https:\/\/kymiashop.com\/fr_fr\/wp-json\/wp\/v2\/media\/2695"}],"wp:attachment":[{"href":"https:\/\/kymiashop.com\/fr_fr\/wp-json\/wp\/v2\/media?parent=2578"}],"wp:term":[{"taxonomy":"product_brand","embeddable":true,"href":"https:\/\/kymiashop.com\/fr_fr\/wp-json\/wp\/v2\/product_brand?post=2578"},{"taxonomy":"product_cat","embeddable":true,"href":"https:\/\/kymiashop.com\/fr_fr\/wp-json\/wp\/v2\/product_cat?post=2578"},{"taxonomy":"product_tag","embeddable":true,"href":"https:\/\/kymiashop.com\/fr_fr\/wp-json\/wp\/v2\/product_tag?post=2578"}],"curies":[{"name":"wp","href":"https:\/\/api.w.org\/{rel}","templated":true}]}}