{"id":2592,"date":"2026-01-21T16:18:43","date_gmt":"2026-01-21T15:18:43","guid":{"rendered":"https:\/\/kymiashop.com\/fr_fr\/?post_type=product&#038;p=2592"},"modified":"2026-01-22T11:41:19","modified_gmt":"2026-01-22T10:41:19","slug":"huile-daragn","status":"publish","type":"product","link":"https:\/\/kymiashop.com\/fr_fr\/product\/huile-daragn\/","title":{"rendered":"HUILE D&rsquo;ARAGN"},"content":{"rendered":"<h3 data-start=\"670\" data-end=\"691\"><strong data-start=\"674\" data-end=\"691\">HUILE D\u2019ARGAN<\/strong><\/h3>\n<p data-start=\"692\" data-end=\"887\"><strong data-start=\"692\" data-end=\"709\">Description :<\/strong> Huile v\u00e9g\u00e9tale riche en antioxydants.<br data-start=\"747\" data-end=\"750\" \/><strong data-start=\"750\" data-end=\"764\">Fonction :<\/strong> Nutrition et protection.<br data-start=\"789\" data-end=\"792\" \/><strong data-start=\"792\" data-end=\"810\">Applications :<\/strong> Cosm\u00e9tiques visage, corps et cheveux.<br data-start=\"848\" data-end=\"851\" \/><strong data-start=\"851\" data-end=\"866\">Avantages :<\/strong> Riche en vitamine E.<\/p>\n","protected":false},"excerpt":{"rendered":"<p>HUILE D\u2019ARGAN Description : Huile v\u00e9g\u00e9tale riche en antioxydants.Fonction : Nutrition et protection.Applications : Cosm\u00e9tiques visage, corps et cheveux.Avantages : Riche en vitamine E.<\/p>\n","protected":false},"featured_media":2418,"template":"","meta":[],"product_brand":[],"product_cat":[15],"product_tag":[],"class_list":{"0":"post-2592","1":"product","2":"type-product","3":"status-publish","4":"has-post-thumbnail","6":"product_cat-uncategorized","8":"first","9":"instock","10":"taxable","11":"shipping-taxable","12":"purchasable","13":"product-type-simple"},"_links":{"self":[{"href":"https:\/\/kymiashop.com\/fr_fr\/wp-json\/wp\/v2\/product\/2592","targetHints":{"allow":["GET"]}}],"collection":[{"href":"https:\/\/kymiashop.com\/fr_fr\/wp-json\/wp\/v2\/product"}],"about":[{"href":"https:\/\/kymiashop.com\/fr_fr\/wp-json\/wp\/v2\/types\/product"}],"wp:featuredmedia":[{"embeddable":true,"href":"https:\/\/kymiashop.com\/fr_fr\/wp-json\/wp\/v2\/media\/2418"}],"wp:attachment":[{"href":"https:\/\/kymiashop.com\/fr_fr\/wp-json\/wp\/v2\/media?parent=2592"}],"wp:term":[{"taxonomy":"product_brand","embeddable":true,"href":"https:\/\/kymiashop.com\/fr_fr\/wp-json\/wp\/v2\/product_brand?post=2592"},{"taxonomy":"product_cat","embeddable":true,"href":"https:\/\/kymiashop.com\/fr_fr\/wp-json\/wp\/v2\/product_cat?post=2592"},{"taxonomy":"product_tag","embeddable":true,"href":"https:\/\/kymiashop.com\/fr_fr\/wp-json\/wp\/v2\/product_tag?post=2592"}],"curies":[{"name":"wp","href":"https:\/\/api.w.org\/{rel}","templated":true}]}}