{"id":2593,"date":"2026-01-21T16:19:38","date_gmt":"2026-01-21T15:19:38","guid":{"rendered":"https:\/\/kymiashop.com\/fr_fr\/?post_type=product&#038;p=2593"},"modified":"2026-01-22T11:45:03","modified_gmt":"2026-01-22T10:45:03","slug":"huile-davocat","status":"publish","type":"product","link":"https:\/\/kymiashop.com\/fr_fr\/product\/huile-davocat\/","title":{"rendered":"HUILE D&rsquo;AVOCAT"},"content":{"rendered":"<h3 data-start=\"894\" data-end=\"916\"><strong data-start=\"898\" data-end=\"916\">HUILE D\u2019AVOCAT<\/strong><\/h3>\n<p data-start=\"917\" data-end=\"1114\"><strong data-start=\"917\" data-end=\"934\">Description :<\/strong> Huile v\u00e9g\u00e9tale nourrissante et r\u00e9paratrice.<br data-start=\"978\" data-end=\"981\" \/><strong data-start=\"981\" data-end=\"995\">Fonction :<\/strong> Protection et r\u00e9g\u00e9n\u00e9ration.<br data-start=\"1023\" data-end=\"1026\" \/><strong data-start=\"1026\" data-end=\"1044\">Applications :<\/strong> Soins capillaires et cutan\u00e9s.<br data-start=\"1074\" data-end=\"1077\" \/><strong data-start=\"1077\" data-end=\"1092\">Avantages :<\/strong> P\u00e9n\u00e9tration profonde.<\/p>\n","protected":false},"excerpt":{"rendered":"<p>HUILE D\u2019AVOCAT Description : Huile v\u00e9g\u00e9tale nourrissante et r\u00e9paratrice.Fonction : Protection et r\u00e9g\u00e9n\u00e9ration.Applications : Soins capillaires et cutan\u00e9s.Avantages : P\u00e9n\u00e9tration profonde.<\/p>\n","protected":false},"featured_media":2419,"template":"","meta":[],"product_brand":[],"product_cat":[15],"product_tag":[],"class_list":{"0":"post-2593","1":"product","2":"type-product","3":"status-publish","4":"has-post-thumbnail","6":"product_cat-uncategorized","8":"first","9":"instock","10":"taxable","11":"shipping-taxable","12":"product-type-simple"},"_links":{"self":[{"href":"https:\/\/kymiashop.com\/fr_fr\/wp-json\/wp\/v2\/product\/2593","targetHints":{"allow":["GET"]}}],"collection":[{"href":"https:\/\/kymiashop.com\/fr_fr\/wp-json\/wp\/v2\/product"}],"about":[{"href":"https:\/\/kymiashop.com\/fr_fr\/wp-json\/wp\/v2\/types\/product"}],"wp:featuredmedia":[{"embeddable":true,"href":"https:\/\/kymiashop.com\/fr_fr\/wp-json\/wp\/v2\/media\/2419"}],"wp:attachment":[{"href":"https:\/\/kymiashop.com\/fr_fr\/wp-json\/wp\/v2\/media?parent=2593"}],"wp:term":[{"taxonomy":"product_brand","embeddable":true,"href":"https:\/\/kymiashop.com\/fr_fr\/wp-json\/wp\/v2\/product_brand?post=2593"},{"taxonomy":"product_cat","embeddable":true,"href":"https:\/\/kymiashop.com\/fr_fr\/wp-json\/wp\/v2\/product_cat?post=2593"},{"taxonomy":"product_tag","embeddable":true,"href":"https:\/\/kymiashop.com\/fr_fr\/wp-json\/wp\/v2\/product_tag?post=2593"}],"curies":[{"name":"wp","href":"https:\/\/api.w.org\/{rel}","templated":true}]}}