{"id":2595,"date":"2026-01-21T16:21:22","date_gmt":"2026-01-21T15:21:22","guid":{"rendered":"https:\/\/kymiashop.com\/fr_fr\/?post_type=product&#038;p=2595"},"modified":"2026-01-22T11:42:11","modified_gmt":"2026-01-22T10:42:11","slug":"huile-de-germe-de-ble","status":"publish","type":"product","link":"https:\/\/kymiashop.com\/fr_fr\/product\/huile-de-germe-de-ble\/","title":{"rendered":"HUILE DE GERME DE BL\u00c9"},"content":{"rendered":"<h3 data-start=\"1606\" data-end=\"1635\"><strong data-start=\"1610\" data-end=\"1635\">HUILE DE GERME DE BL\u00c9<\/strong><\/h3>\n<p data-start=\"1636\" data-end=\"1822\"><strong data-start=\"1636\" data-end=\"1653\">Description :<\/strong> Huile riche en vitamine E.<br data-start=\"1680\" data-end=\"1683\" \/><strong data-start=\"1683\" data-end=\"1697\">Fonction :<\/strong> Antioxydante et nourrissante.<br data-start=\"1727\" data-end=\"1730\" \/><strong data-start=\"1730\" data-end=\"1748\">Applications :<\/strong> Cosm\u00e9tiques anti-\u00e2ge.<br data-start=\"1770\" data-end=\"1773\" \/><strong data-start=\"1773\" data-end=\"1788\">Avantages :<\/strong> Prot\u00e8ge contre le vieillissement.<\/p>\n","protected":false},"excerpt":{"rendered":"<p>HUILE DE GERME DE BL\u00c9 Description : Huile riche en vitamine E.Fonction : Antioxydante et nourrissante.Applications : Cosm\u00e9tiques anti-\u00e2ge.Avantages : Prot\u00e8ge contre le vieillissement.<\/p>\n","protected":false},"featured_media":2421,"template":"","meta":[],"product_brand":[],"product_cat":[15],"product_tag":[],"class_list":{"0":"post-2595","1":"product","2":"type-product","3":"status-publish","4":"has-post-thumbnail","6":"product_cat-uncategorized","8":"first","9":"instock","10":"taxable","11":"shipping-taxable","12":"purchasable","13":"product-type-simple"},"_links":{"self":[{"href":"https:\/\/kymiashop.com\/fr_fr\/wp-json\/wp\/v2\/product\/2595","targetHints":{"allow":["GET"]}}],"collection":[{"href":"https:\/\/kymiashop.com\/fr_fr\/wp-json\/wp\/v2\/product"}],"about":[{"href":"https:\/\/kymiashop.com\/fr_fr\/wp-json\/wp\/v2\/types\/product"}],"wp:featuredmedia":[{"embeddable":true,"href":"https:\/\/kymiashop.com\/fr_fr\/wp-json\/wp\/v2\/media\/2421"}],"wp:attachment":[{"href":"https:\/\/kymiashop.com\/fr_fr\/wp-json\/wp\/v2\/media?parent=2595"}],"wp:term":[{"taxonomy":"product_brand","embeddable":true,"href":"https:\/\/kymiashop.com\/fr_fr\/wp-json\/wp\/v2\/product_brand?post=2595"},{"taxonomy":"product_cat","embeddable":true,"href":"https:\/\/kymiashop.com\/fr_fr\/wp-json\/wp\/v2\/product_cat?post=2595"},{"taxonomy":"product_tag","embeddable":true,"href":"https:\/\/kymiashop.com\/fr_fr\/wp-json\/wp\/v2\/product_tag?post=2595"}],"curies":[{"name":"wp","href":"https:\/\/api.w.org\/{rel}","templated":true}]}}