{"id":2596,"date":"2026-01-21T16:22:23","date_gmt":"2026-01-21T15:22:23","guid":{"rendered":"https:\/\/kymiashop.com\/fr_fr\/?post_type=product&#038;p=2596"},"modified":"2026-01-22T11:40:37","modified_gmt":"2026-01-22T10:40:37","slug":"huile-de-graine-de-sesame","status":"publish","type":"product","link":"https:\/\/kymiashop.com\/fr_fr\/product\/huile-de-graine-de-sesame\/","title":{"rendered":"HUILE DE GRAINE DE SESAME"},"content":{"rendered":"<h3 data-start=\"1829\" data-end=\"1862\"><strong data-start=\"1833\" data-end=\"1862\">HUILE DE GRAINE DE S\u00c9SAME<\/strong><\/h3>\n<p data-start=\"1863\" data-end=\"2055\"><strong data-start=\"1863\" data-end=\"1880\">Description :<\/strong> Huile v\u00e9g\u00e9tale assouplissante.<br data-start=\"1911\" data-end=\"1914\" \/><strong data-start=\"1914\" data-end=\"1928\">Fonction :<\/strong> Nutrition et protection.<br data-start=\"1953\" data-end=\"1956\" \/><strong data-start=\"1956\" data-end=\"1974\">Applications :<\/strong> Soins corporels et capillaires.<br data-start=\"2006\" data-end=\"2009\" \/><strong data-start=\"2009\" data-end=\"2024\">Avantages :<\/strong> Bonne stabilit\u00e9 \u00e0 l\u2019oxydation.<\/p>\n","protected":false},"excerpt":{"rendered":"<p>HUILE DE GRAINE DE S\u00c9SAME Description : Huile v\u00e9g\u00e9tale assouplissante.Fonction : Nutrition et protection.Applications : Soins corporels et capillaires.Avantages : Bonne stabilit\u00e9 \u00e0 l\u2019oxydation.<\/p>\n","protected":false},"featured_media":2422,"template":"","meta":[],"product_brand":[],"product_cat":[15],"product_tag":[],"class_list":{"0":"post-2596","1":"product","2":"type-product","3":"status-publish","4":"has-post-thumbnail","6":"product_cat-uncategorized","8":"first","9":"instock","10":"taxable","11":"shipping-taxable","12":"purchasable","13":"product-type-simple"},"_links":{"self":[{"href":"https:\/\/kymiashop.com\/fr_fr\/wp-json\/wp\/v2\/product\/2596","targetHints":{"allow":["GET"]}}],"collection":[{"href":"https:\/\/kymiashop.com\/fr_fr\/wp-json\/wp\/v2\/product"}],"about":[{"href":"https:\/\/kymiashop.com\/fr_fr\/wp-json\/wp\/v2\/types\/product"}],"wp:featuredmedia":[{"embeddable":true,"href":"https:\/\/kymiashop.com\/fr_fr\/wp-json\/wp\/v2\/media\/2422"}],"wp:attachment":[{"href":"https:\/\/kymiashop.com\/fr_fr\/wp-json\/wp\/v2\/media?parent=2596"}],"wp:term":[{"taxonomy":"product_brand","embeddable":true,"href":"https:\/\/kymiashop.com\/fr_fr\/wp-json\/wp\/v2\/product_brand?post=2596"},{"taxonomy":"product_cat","embeddable":true,"href":"https:\/\/kymiashop.com\/fr_fr\/wp-json\/wp\/v2\/product_cat?post=2596"},{"taxonomy":"product_tag","embeddable":true,"href":"https:\/\/kymiashop.com\/fr_fr\/wp-json\/wp\/v2\/product_tag?post=2596"}],"curies":[{"name":"wp","href":"https:\/\/api.w.org\/{rel}","templated":true}]}}