{"id":2597,"date":"2026-01-21T16:23:16","date_gmt":"2026-01-21T15:23:16","guid":{"rendered":"https:\/\/kymiashop.com\/fr_fr\/?post_type=product&#038;p=2597"},"modified":"2026-01-22T11:43:28","modified_gmt":"2026-01-22T10:43:28","slug":"huile-de-jojoba","status":"publish","type":"product","link":"https:\/\/kymiashop.com\/fr_fr\/product\/huile-de-jojoba\/","title":{"rendered":"HUILE DE JOJOBA"},"content":{"rendered":"<h3 data-start=\"2062\" data-end=\"2085\"><strong data-start=\"2066\" data-end=\"2085\">HUILE DE JOJOBA<\/strong><\/h3>\n<p data-start=\"2086\" data-end=\"2264\"><strong data-start=\"2086\" data-end=\"2103\">Description :<\/strong> Cire liquide proche du s\u00e9bum humain.<br data-start=\"2140\" data-end=\"2143\" \/><strong data-start=\"2143\" data-end=\"2157\">Fonction :<\/strong> R\u00e9gulation et hydratation.<br data-start=\"2184\" data-end=\"2187\" \/><strong data-start=\"2187\" data-end=\"2205\">Applications :<\/strong> Soins visage et cheveux.<br data-start=\"2230\" data-end=\"2233\" \/><strong data-start=\"2233\" data-end=\"2248\">Avantages :<\/strong> Non com\u00e9dog\u00e8ne.<\/p>\n","protected":false},"excerpt":{"rendered":"<p>HUILE DE JOJOBA Description : Cire liquide proche du s\u00e9bum humain.Fonction : R\u00e9gulation et hydratation.Applications : Soins visage et cheveux.Avantages : Non com\u00e9dog\u00e8ne.<\/p>\n","protected":false},"featured_media":2423,"template":"","meta":[],"product_brand":[],"product_cat":[15],"product_tag":[],"class_list":{"0":"post-2597","1":"product","2":"type-product","3":"status-publish","4":"has-post-thumbnail","6":"product_cat-uncategorized","8":"first","9":"instock","10":"taxable","11":"shipping-taxable","12":"purchasable","13":"product-type-simple"},"_links":{"self":[{"href":"https:\/\/kymiashop.com\/fr_fr\/wp-json\/wp\/v2\/product\/2597","targetHints":{"allow":["GET"]}}],"collection":[{"href":"https:\/\/kymiashop.com\/fr_fr\/wp-json\/wp\/v2\/product"}],"about":[{"href":"https:\/\/kymiashop.com\/fr_fr\/wp-json\/wp\/v2\/types\/product"}],"wp:featuredmedia":[{"embeddable":true,"href":"https:\/\/kymiashop.com\/fr_fr\/wp-json\/wp\/v2\/media\/2423"}],"wp:attachment":[{"href":"https:\/\/kymiashop.com\/fr_fr\/wp-json\/wp\/v2\/media?parent=2597"}],"wp:term":[{"taxonomy":"product_brand","embeddable":true,"href":"https:\/\/kymiashop.com\/fr_fr\/wp-json\/wp\/v2\/product_brand?post=2597"},{"taxonomy":"product_cat","embeddable":true,"href":"https:\/\/kymiashop.com\/fr_fr\/wp-json\/wp\/v2\/product_cat?post=2597"},{"taxonomy":"product_tag","embeddable":true,"href":"https:\/\/kymiashop.com\/fr_fr\/wp-json\/wp\/v2\/product_tag?post=2597"}],"curies":[{"name":"wp","href":"https:\/\/api.w.org\/{rel}","templated":true}]}}