{"id":2598,"date":"2026-01-21T16:24:33","date_gmt":"2026-01-21T15:24:33","guid":{"rendered":"https:\/\/kymiashop.com\/fr_fr\/?post_type=product&#038;p=2598"},"modified":"2026-01-22T11:42:47","modified_gmt":"2026-01-22T10:42:47","slug":"huile-de-noix-de-macadamia","status":"publish","type":"product","link":"https:\/\/kymiashop.com\/fr_fr\/product\/huile-de-noix-de-macadamia\/","title":{"rendered":"HUILE DE NOIX DE MACADAMIA"},"content":{"rendered":"<h3 data-start=\"2271\" data-end=\"2305\"><strong data-start=\"2275\" data-end=\"2305\">HUILE DE NOIX DE MACADAMIA<\/strong><\/h3>\n<p data-start=\"2306\" data-end=\"2493\"><strong data-start=\"2306\" data-end=\"2323\">Description :<\/strong> Huile v\u00e9g\u00e9tale douce et r\u00e9paratrice.<br data-start=\"2360\" data-end=\"2363\" \/><strong data-start=\"2363\" data-end=\"2377\">Fonction :<\/strong> Nutrition intense.<br data-start=\"2396\" data-end=\"2399\" \/><strong data-start=\"2399\" data-end=\"2417\">Applications :<\/strong> Soins capillaires et corporels.<br data-start=\"2449\" data-end=\"2452\" \/><strong data-start=\"2452\" data-end=\"2467\">Avantages :<\/strong> Id\u00e9ale pour cheveux secs.<\/p>\n","protected":false},"excerpt":{"rendered":"<p>HUILE DE NOIX DE MACADAMIA Description : Huile v\u00e9g\u00e9tale douce et r\u00e9paratrice.Fonction : Nutrition intense.Applications : Soins capillaires et corporels.Avantages : Id\u00e9ale pour cheveux secs.<\/p>\n","protected":false},"featured_media":2424,"template":"","meta":[],"product_brand":[],"product_cat":[15],"product_tag":[],"class_list":{"0":"post-2598","1":"product","2":"type-product","3":"status-publish","4":"has-post-thumbnail","6":"product_cat-uncategorized","8":"first","9":"instock","10":"taxable","11":"shipping-taxable","12":"purchasable","13":"product-type-simple"},"_links":{"self":[{"href":"https:\/\/kymiashop.com\/fr_fr\/wp-json\/wp\/v2\/product\/2598","targetHints":{"allow":["GET"]}}],"collection":[{"href":"https:\/\/kymiashop.com\/fr_fr\/wp-json\/wp\/v2\/product"}],"about":[{"href":"https:\/\/kymiashop.com\/fr_fr\/wp-json\/wp\/v2\/types\/product"}],"wp:featuredmedia":[{"embeddable":true,"href":"https:\/\/kymiashop.com\/fr_fr\/wp-json\/wp\/v2\/media\/2424"}],"wp:attachment":[{"href":"https:\/\/kymiashop.com\/fr_fr\/wp-json\/wp\/v2\/media?parent=2598"}],"wp:term":[{"taxonomy":"product_brand","embeddable":true,"href":"https:\/\/kymiashop.com\/fr_fr\/wp-json\/wp\/v2\/product_brand?post=2598"},{"taxonomy":"product_cat","embeddable":true,"href":"https:\/\/kymiashop.com\/fr_fr\/wp-json\/wp\/v2\/product_cat?post=2598"},{"taxonomy":"product_tag","embeddable":true,"href":"https:\/\/kymiashop.com\/fr_fr\/wp-json\/wp\/v2\/product_tag?post=2598"}],"curies":[{"name":"wp","href":"https:\/\/api.w.org\/{rel}","templated":true}]}}