{"id":2599,"date":"2026-01-21T16:25:23","date_gmt":"2026-01-21T15:25:23","guid":{"rendered":"https:\/\/kymiashop.com\/fr_fr\/?post_type=product&#038;p=2599"},"modified":"2026-01-22T11:40:01","modified_gmt":"2026-01-22T10:40:01","slug":"huile-de-pepins-de-raisin","status":"publish","type":"product","link":"https:\/\/kymiashop.com\/fr_fr\/product\/huile-de-pepins-de-raisin\/","title":{"rendered":"HUILE DE P\u00c9PINS DE RAISIN"},"content":{"rendered":"<h3 data-start=\"2500\" data-end=\"2533\"><strong data-start=\"2504\" data-end=\"2533\">HUILE DE P\u00c9PINS DE RAISIN<\/strong><\/h3>\n<p data-start=\"2534\" data-end=\"2701\"><strong data-start=\"2534\" data-end=\"2551\">Description :<\/strong> Huile l\u00e9g\u00e8re \u00e0 absorption rapide.<br data-start=\"2585\" data-end=\"2588\" \/><strong data-start=\"2588\" data-end=\"2602\">Fonction :<\/strong> Hydratation et protection.<br data-start=\"2629\" data-end=\"2632\" \/><strong data-start=\"2632\" data-end=\"2650\">Applications :<\/strong> Cosm\u00e9tiques l\u00e9gers.<br data-start=\"2670\" data-end=\"2673\" \/><strong data-start=\"2673\" data-end=\"2688\">Avantages :<\/strong> Toucher sec.<\/p>\n","protected":false},"excerpt":{"rendered":"<p>HUILE DE P\u00c9PINS DE RAISIN Description : Huile l\u00e9g\u00e8re \u00e0 absorption rapide.Fonction : Hydratation et protection.Applications : Cosm\u00e9tiques l\u00e9gers.Avantages : Toucher sec.<\/p>\n","protected":false},"featured_media":2425,"template":"","meta":[],"product_brand":[],"product_cat":[15],"product_tag":[],"class_list":{"0":"post-2599","1":"product","2":"type-product","3":"status-publish","4":"has-post-thumbnail","6":"product_cat-uncategorized","8":"first","9":"instock","10":"taxable","11":"shipping-taxable","12":"purchasable","13":"product-type-simple"},"_links":{"self":[{"href":"https:\/\/kymiashop.com\/fr_fr\/wp-json\/wp\/v2\/product\/2599","targetHints":{"allow":["GET"]}}],"collection":[{"href":"https:\/\/kymiashop.com\/fr_fr\/wp-json\/wp\/v2\/product"}],"about":[{"href":"https:\/\/kymiashop.com\/fr_fr\/wp-json\/wp\/v2\/types\/product"}],"wp:featuredmedia":[{"embeddable":true,"href":"https:\/\/kymiashop.com\/fr_fr\/wp-json\/wp\/v2\/media\/2425"}],"wp:attachment":[{"href":"https:\/\/kymiashop.com\/fr_fr\/wp-json\/wp\/v2\/media?parent=2599"}],"wp:term":[{"taxonomy":"product_brand","embeddable":true,"href":"https:\/\/kymiashop.com\/fr_fr\/wp-json\/wp\/v2\/product_brand?post=2599"},{"taxonomy":"product_cat","embeddable":true,"href":"https:\/\/kymiashop.com\/fr_fr\/wp-json\/wp\/v2\/product_cat?post=2599"},{"taxonomy":"product_tag","embeddable":true,"href":"https:\/\/kymiashop.com\/fr_fr\/wp-json\/wp\/v2\/product_tag?post=2599"}],"curies":[{"name":"wp","href":"https:\/\/api.w.org\/{rel}","templated":true}]}}