{"id":2605,"date":"2026-01-21T16:30:10","date_gmt":"2026-01-21T15:30:10","guid":{"rendered":"https:\/\/kymiashop.com\/fr_fr\/?post_type=product&#038;p=2605"},"modified":"2026-01-22T13:22:07","modified_gmt":"2026-01-22T12:22:07","slug":"lanoline-liquide","status":"publish","type":"product","link":"https:\/\/kymiashop.com\/fr_fr\/product\/lanoline-liquide\/","title":{"rendered":"LANOLINE LIQUIDE"},"content":{"rendered":"<h3 data-start=\"4901\" data-end=\"4925\"><strong data-start=\"4905\" data-end=\"4925\">LANOLINE LIQUIDE<\/strong><\/h3>\n<p data-start=\"4926\" data-end=\"5087\"><strong data-start=\"4926\" data-end=\"4943\">Description :<\/strong> Lanoline sous forme fluide.<br data-start=\"4971\" data-end=\"4974\" \/><strong data-start=\"4974\" data-end=\"4988\">Fonction :<\/strong> Nourrit et prot\u00e8ge la peau.<br data-start=\"5016\" data-end=\"5019\" \/><strong data-start=\"5019\" data-end=\"5037\">Applications :<\/strong> Cosm\u00e9tiques.<br data-start=\"5050\" data-end=\"5053\" \/><strong data-start=\"5053\" data-end=\"5068\">Avantages :<\/strong> Facile \u00e0 formuler.<\/p>\n","protected":false},"excerpt":{"rendered":"<p>LANOLINE LIQUIDE Description : Lanoline sous forme fluide.Fonction : Nourrit et prot\u00e8ge la peau.Applications : Cosm\u00e9tiques.Avantages : Facile \u00e0 formuler.<\/p>\n","protected":false},"featured_media":2431,"template":"","meta":[],"product_brand":[],"product_cat":[15],"product_tag":[],"class_list":{"0":"post-2605","1":"product","2":"type-product","3":"status-publish","4":"has-post-thumbnail","6":"product_cat-uncategorized","8":"first","9":"instock","10":"taxable","11":"shipping-taxable","12":"purchasable","13":"product-type-simple"},"_links":{"self":[{"href":"https:\/\/kymiashop.com\/fr_fr\/wp-json\/wp\/v2\/product\/2605","targetHints":{"allow":["GET"]}}],"collection":[{"href":"https:\/\/kymiashop.com\/fr_fr\/wp-json\/wp\/v2\/product"}],"about":[{"href":"https:\/\/kymiashop.com\/fr_fr\/wp-json\/wp\/v2\/types\/product"}],"wp:featuredmedia":[{"embeddable":true,"href":"https:\/\/kymiashop.com\/fr_fr\/wp-json\/wp\/v2\/media\/2431"}],"wp:attachment":[{"href":"https:\/\/kymiashop.com\/fr_fr\/wp-json\/wp\/v2\/media?parent=2605"}],"wp:term":[{"taxonomy":"product_brand","embeddable":true,"href":"https:\/\/kymiashop.com\/fr_fr\/wp-json\/wp\/v2\/product_brand?post=2605"},{"taxonomy":"product_cat","embeddable":true,"href":"https:\/\/kymiashop.com\/fr_fr\/wp-json\/wp\/v2\/product_cat?post=2605"},{"taxonomy":"product_tag","embeddable":true,"href":"https:\/\/kymiashop.com\/fr_fr\/wp-json\/wp\/v2\/product_tag?post=2605"}],"curies":[{"name":"wp","href":"https:\/\/api.w.org\/{rel}","templated":true}]}}