{"id":2606,"date":"2026-01-21T16:31:03","date_gmt":"2026-01-21T15:31:03","guid":{"rendered":"https:\/\/kymiashop.com\/fr_fr\/?post_type=product&#038;p=2606"},"modified":"2026-01-22T16:34:57","modified_gmt":"2026-01-22T15:34:57","slug":"mono-ethylene-glycol","status":"publish","type":"product","link":"https:\/\/kymiashop.com\/fr_fr\/product\/mono-ethylene-glycol\/","title":{"rendered":"MONO ETHYLENE GLYCOL"},"content":{"rendered":"<h3 data-start=\"222\" data-end=\"250\"><strong data-start=\"226\" data-end=\"250\">MONO \u00c9THYL\u00c8NE GLYCOL<\/strong><\/h3>\n<p data-start=\"251\" data-end=\"542\"><strong data-start=\"251\" data-end=\"268\">Description :<\/strong> Liquide incolore utilis\u00e9 comme solvant et antigel.<br data-start=\"319\" data-end=\"322\" \/><strong data-start=\"322\" data-end=\"336\">Fonction :<\/strong> Solvant, abaisseur de point de cong\u00e9lation.<br data-start=\"380\" data-end=\"383\" \/><strong data-start=\"383\" data-end=\"401\">Applications :<\/strong> Industrie, d\u00e9tergents techniques.<br data-start=\"435\" data-end=\"438\" \/><strong data-start=\"438\" data-end=\"453\">Avantages :<\/strong> Bonne stabilit\u00e9 thermique.<br data-start=\"480\" data-end=\"483\" \/><strong data-start=\"483\" data-end=\"500\">Pr\u00e9cautions :<\/strong> Usage industriel, manipulation contr\u00f4l\u00e9e.<\/p>\n","protected":false},"excerpt":{"rendered":"<p>MONO \u00c9THYL\u00c8NE GLYCOL Description : Liquide incolore utilis\u00e9 comme solvant et antigel.Fonction : Solvant, abaisseur de point de cong\u00e9lation.Applications : Industrie, d\u00e9tergents techniques.Avantages : Bonne stabilit\u00e9 thermique.Pr\u00e9cautions : Usage industriel, manipulation contr\u00f4l\u00e9e.<\/p>\n","protected":false},"featured_media":2728,"template":"","meta":[],"product_brand":[],"product_cat":[15],"product_tag":[],"class_list":{"0":"post-2606","1":"product","2":"type-product","3":"status-publish","4":"has-post-thumbnail","6":"product_cat-uncategorized","8":"first","9":"instock","10":"taxable","11":"shipping-taxable","12":"product-type-simple"},"_links":{"self":[{"href":"https:\/\/kymiashop.com\/fr_fr\/wp-json\/wp\/v2\/product\/2606","targetHints":{"allow":["GET"]}}],"collection":[{"href":"https:\/\/kymiashop.com\/fr_fr\/wp-json\/wp\/v2\/product"}],"about":[{"href":"https:\/\/kymiashop.com\/fr_fr\/wp-json\/wp\/v2\/types\/product"}],"wp:featuredmedia":[{"embeddable":true,"href":"https:\/\/kymiashop.com\/fr_fr\/wp-json\/wp\/v2\/media\/2728"}],"wp:attachment":[{"href":"https:\/\/kymiashop.com\/fr_fr\/wp-json\/wp\/v2\/media?parent=2606"}],"wp:term":[{"taxonomy":"product_brand","embeddable":true,"href":"https:\/\/kymiashop.com\/fr_fr\/wp-json\/wp\/v2\/product_brand?post=2606"},{"taxonomy":"product_cat","embeddable":true,"href":"https:\/\/kymiashop.com\/fr_fr\/wp-json\/wp\/v2\/product_cat?post=2606"},{"taxonomy":"product_tag","embeddable":true,"href":"https:\/\/kymiashop.com\/fr_fr\/wp-json\/wp\/v2\/product_tag?post=2606"}],"curies":[{"name":"wp","href":"https:\/\/api.w.org\/{rel}","templated":true}]}}