{"id":2611,"date":"2026-01-21T16:35:07","date_gmt":"2026-01-21T15:35:07","guid":{"rendered":"https:\/\/kymiashop.com\/fr_fr\/?post_type=product&#038;p=2611"},"modified":"2026-01-22T13:57:58","modified_gmt":"2026-01-22T12:57:58","slug":"plantacar-818","status":"publish","type":"product","link":"https:\/\/kymiashop.com\/fr_fr\/product\/plantacar-818\/","title":{"rendered":"PLANTACAR 818"},"content":{"rendered":"<h3 data-start=\"2809\" data-end=\"2830\"><strong data-start=\"2813\" data-end=\"2830\">PLANTACAR 818<\/strong><\/h3>\n<p data-start=\"2831\" data-end=\"3016\"><strong data-start=\"2831\" data-end=\"2848\">Description :<\/strong> Tensioactif non ionique doux.<br data-start=\"2878\" data-end=\"2881\" \/><strong data-start=\"2881\" data-end=\"2895\">Fonction :<\/strong> Lavage et \u00e9mulsification.<br data-start=\"2921\" data-end=\"2924\" \/><strong data-start=\"2924\" data-end=\"2942\">Applications :<\/strong> Produits lavants naturels.<br data-start=\"2969\" data-end=\"2972\" \/><strong data-start=\"2972\" data-end=\"2987\">Avantages :<\/strong> Bonne compatibilit\u00e9 cutan\u00e9e.<\/p>\n","protected":false},"excerpt":{"rendered":"<p>PLANTACAR 818 Description : Tensioactif non ionique doux.Fonction : Lavage et \u00e9mulsification.Applications : Produits lavants naturels.Avantages : Bonne compatibilit\u00e9 cutan\u00e9e.<\/p>\n","protected":false},"featured_media":2437,"template":"","meta":[],"product_brand":[],"product_cat":[15],"product_tag":[],"class_list":{"0":"post-2611","1":"product","2":"type-product","3":"status-publish","4":"has-post-thumbnail","6":"product_cat-uncategorized","8":"first","9":"instock","10":"taxable","11":"shipping-taxable","12":"purchasable","13":"product-type-simple"},"_links":{"self":[{"href":"https:\/\/kymiashop.com\/fr_fr\/wp-json\/wp\/v2\/product\/2611","targetHints":{"allow":["GET"]}}],"collection":[{"href":"https:\/\/kymiashop.com\/fr_fr\/wp-json\/wp\/v2\/product"}],"about":[{"href":"https:\/\/kymiashop.com\/fr_fr\/wp-json\/wp\/v2\/types\/product"}],"wp:featuredmedia":[{"embeddable":true,"href":"https:\/\/kymiashop.com\/fr_fr\/wp-json\/wp\/v2\/media\/2437"}],"wp:attachment":[{"href":"https:\/\/kymiashop.com\/fr_fr\/wp-json\/wp\/v2\/media?parent=2611"}],"wp:term":[{"taxonomy":"product_brand","embeddable":true,"href":"https:\/\/kymiashop.com\/fr_fr\/wp-json\/wp\/v2\/product_brand?post=2611"},{"taxonomy":"product_cat","embeddable":true,"href":"https:\/\/kymiashop.com\/fr_fr\/wp-json\/wp\/v2\/product_cat?post=2611"},{"taxonomy":"product_tag","embeddable":true,"href":"https:\/\/kymiashop.com\/fr_fr\/wp-json\/wp\/v2\/product_tag?post=2611"}],"curies":[{"name":"wp","href":"https:\/\/api.w.org\/{rel}","templated":true}]}}