{"id":2612,"date":"2026-01-21T16:36:06","date_gmt":"2026-01-21T15:36:06","guid":{"rendered":"https:\/\/kymiashop.com\/fr_fr\/?post_type=product&#038;p=2612"},"modified":"2026-01-22T13:52:55","modified_gmt":"2026-01-22T12:52:55","slug":"plantacar-1200","status":"publish","type":"product","link":"https:\/\/kymiashop.com\/fr_fr\/product\/plantacar-1200\/","title":{"rendered":"PLANTACAR 1200"},"content":{"rendered":"<h3 data-start=\"2357\" data-end=\"2379\"><strong data-start=\"2361\" data-end=\"2379\">PLANTACAR 1200<\/strong><\/h3>\n<p data-start=\"2380\" data-end=\"2582\"><strong data-start=\"2380\" data-end=\"2397\">Description :<\/strong> Tensioactif non ionique d\u2019origine v\u00e9g\u00e9tale.<br data-start=\"2441\" data-end=\"2444\" \/><strong data-start=\"2444\" data-end=\"2458\">Fonction :<\/strong> Nettoyage doux.<br data-start=\"2474\" data-end=\"2477\" \/><strong data-start=\"2477\" data-end=\"2495\">Applications :<\/strong> Cosm\u00e9tiques naturels, gels douche.<br data-start=\"2530\" data-end=\"2533\" \/><strong data-start=\"2533\" data-end=\"2548\">Avantages :<\/strong> Biod\u00e9gradable, doux pour la peau.<\/p>\n","protected":false},"excerpt":{"rendered":"<p>PLANTACAR 1200 Description : Tensioactif non ionique d\u2019origine v\u00e9g\u00e9tale.Fonction : Nettoyage doux.Applications : Cosm\u00e9tiques naturels, gels douche.Avantages : Biod\u00e9gradable, doux pour la peau.<\/p>\n","protected":false},"featured_media":2438,"template":"","meta":[],"product_brand":[],"product_cat":[15],"product_tag":[],"class_list":{"0":"post-2612","1":"product","2":"type-product","3":"status-publish","4":"has-post-thumbnail","6":"product_cat-uncategorized","8":"first","9":"instock","10":"taxable","11":"shipping-taxable","12":"product-type-simple"},"_links":{"self":[{"href":"https:\/\/kymiashop.com\/fr_fr\/wp-json\/wp\/v2\/product\/2612","targetHints":{"allow":["GET"]}}],"collection":[{"href":"https:\/\/kymiashop.com\/fr_fr\/wp-json\/wp\/v2\/product"}],"about":[{"href":"https:\/\/kymiashop.com\/fr_fr\/wp-json\/wp\/v2\/types\/product"}],"wp:featuredmedia":[{"embeddable":true,"href":"https:\/\/kymiashop.com\/fr_fr\/wp-json\/wp\/v2\/media\/2438"}],"wp:attachment":[{"href":"https:\/\/kymiashop.com\/fr_fr\/wp-json\/wp\/v2\/media?parent=2612"}],"wp:term":[{"taxonomy":"product_brand","embeddable":true,"href":"https:\/\/kymiashop.com\/fr_fr\/wp-json\/wp\/v2\/product_brand?post=2612"},{"taxonomy":"product_cat","embeddable":true,"href":"https:\/\/kymiashop.com\/fr_fr\/wp-json\/wp\/v2\/product_cat?post=2612"},{"taxonomy":"product_tag","embeddable":true,"href":"https:\/\/kymiashop.com\/fr_fr\/wp-json\/wp\/v2\/product_tag?post=2612"}],"curies":[{"name":"wp","href":"https:\/\/api.w.org\/{rel}","templated":true}]}}