{"id":2613,"date":"2026-01-21T16:36:45","date_gmt":"2026-01-21T15:36:45","guid":{"rendered":"https:\/\/kymiashop.com\/fr_fr\/?post_type=product&#038;p=2613"},"modified":"2026-01-22T13:53:46","modified_gmt":"2026-01-22T12:53:46","slug":"plantacar-2000","status":"publish","type":"product","link":"https:\/\/kymiashop.com\/fr_fr\/product\/plantacar-2000\/","title":{"rendered":"PLANTACAR 2000"},"content":{"rendered":"<h3 data-start=\"3023\" data-end=\"3045\"><strong data-start=\"3027\" data-end=\"3045\">PLANTACAR 2000<\/strong><\/h3>\n<p data-start=\"3046\" data-end=\"3251\"><strong data-start=\"3046\" data-end=\"3063\">Description :<\/strong> Tensioactif v\u00e9g\u00e9tal haute performance.<br data-start=\"3102\" data-end=\"3105\" \/><strong data-start=\"3105\" data-end=\"3119\">Fonction :<\/strong> Nettoyage et moussage.<br data-start=\"3142\" data-end=\"3145\" \/><strong data-start=\"3145\" data-end=\"3163\">Applications :<\/strong> D\u00e9tergents doux, cosm\u00e9tiques.<br data-start=\"3193\" data-end=\"3196\" \/><strong data-start=\"3196\" data-end=\"3211\">Avantages :<\/strong> Excellent compromis efficacit\u00e9\/douceur.<\/p>\n","protected":false},"excerpt":{"rendered":"<p>PLANTACAR 2000 Description : Tensioactif v\u00e9g\u00e9tal haute performance.Fonction : Nettoyage et moussage.Applications : D\u00e9tergents doux, cosm\u00e9tiques.Avantages : Excellent compromis efficacit\u00e9\/douceur.<\/p>\n","protected":false},"featured_media":2439,"template":"","meta":[],"product_brand":[],"product_cat":[15],"product_tag":[],"class_list":{"0":"post-2613","1":"product","2":"type-product","3":"status-publish","4":"has-post-thumbnail","6":"product_cat-uncategorized","8":"first","9":"instock","10":"taxable","11":"shipping-taxable","12":"product-type-simple"},"_links":{"self":[{"href":"https:\/\/kymiashop.com\/fr_fr\/wp-json\/wp\/v2\/product\/2613","targetHints":{"allow":["GET"]}}],"collection":[{"href":"https:\/\/kymiashop.com\/fr_fr\/wp-json\/wp\/v2\/product"}],"about":[{"href":"https:\/\/kymiashop.com\/fr_fr\/wp-json\/wp\/v2\/types\/product"}],"wp:featuredmedia":[{"embeddable":true,"href":"https:\/\/kymiashop.com\/fr_fr\/wp-json\/wp\/v2\/media\/2439"}],"wp:attachment":[{"href":"https:\/\/kymiashop.com\/fr_fr\/wp-json\/wp\/v2\/media?parent=2613"}],"wp:term":[{"taxonomy":"product_brand","embeddable":true,"href":"https:\/\/kymiashop.com\/fr_fr\/wp-json\/wp\/v2\/product_brand?post=2613"},{"taxonomy":"product_cat","embeddable":true,"href":"https:\/\/kymiashop.com\/fr_fr\/wp-json\/wp\/v2\/product_cat?post=2613"},{"taxonomy":"product_tag","embeddable":true,"href":"https:\/\/kymiashop.com\/fr_fr\/wp-json\/wp\/v2\/product_tag?post=2613"}],"curies":[{"name":"wp","href":"https:\/\/api.w.org\/{rel}","templated":true}]}}