{"id":2615,"date":"2026-01-21T16:38:16","date_gmt":"2026-01-21T15:38:16","guid":{"rendered":"https:\/\/kymiashop.com\/fr_fr\/?post_type=product&#038;p=2615"},"modified":"2026-01-22T14:02:10","modified_gmt":"2026-01-22T13:02:10","slug":"poly-ethylene-de-glycol","status":"publish","type":"product","link":"https:\/\/kymiashop.com\/fr_fr\/product\/poly-ethylene-de-glycol\/","title":{"rendered":"PEG (Poly\u00e9thyl\u00e8ne Glycol)"},"content":{"rendered":"<h3 data-start=\"3470\" data-end=\"3504\"><strong data-start=\"3474\" data-end=\"3504\">POLY \u00c9THYL\u00c8NE GLYCOL (PEG)<\/strong><\/h3>\n<p data-start=\"3505\" data-end=\"3683\"><strong data-start=\"3505\" data-end=\"3522\">Description :<\/strong> Polym\u00e8re hydrosoluble polyvalent.<br data-start=\"3556\" data-end=\"3559\" \/><strong data-start=\"3559\" data-end=\"3573\">Fonction :<\/strong> Solvant, humectant.<br data-start=\"3593\" data-end=\"3596\" \/><strong data-start=\"3596\" data-end=\"3614\">Applications :<\/strong> Cosm\u00e9tiques, d\u00e9tergents.<br data-start=\"3639\" data-end=\"3642\" \/><strong data-start=\"3642\" data-end=\"3657\">Avantages :<\/strong> Tr\u00e8s bonne compatibilit\u00e9.<\/p>\n","protected":false},"excerpt":{"rendered":"<p>POLY \u00c9THYL\u00c8NE GLYCOL (PEG) Description : Polym\u00e8re hydrosoluble polyvalent.Fonction : Solvant, humectant.Applications : Cosm\u00e9tiques, d\u00e9tergents.Avantages : Tr\u00e8s bonne compatibilit\u00e9.<\/p>\n","protected":false},"featured_media":2441,"template":"","meta":[],"product_brand":[],"product_cat":[15],"product_tag":[],"class_list":{"0":"post-2615","1":"product","2":"type-product","3":"status-publish","4":"has-post-thumbnail","6":"product_cat-uncategorized","8":"first","9":"instock","10":"taxable","11":"shipping-taxable","12":"product-type-simple"},"_links":{"self":[{"href":"https:\/\/kymiashop.com\/fr_fr\/wp-json\/wp\/v2\/product\/2615","targetHints":{"allow":["GET"]}}],"collection":[{"href":"https:\/\/kymiashop.com\/fr_fr\/wp-json\/wp\/v2\/product"}],"about":[{"href":"https:\/\/kymiashop.com\/fr_fr\/wp-json\/wp\/v2\/types\/product"}],"wp:featuredmedia":[{"embeddable":true,"href":"https:\/\/kymiashop.com\/fr_fr\/wp-json\/wp\/v2\/media\/2441"}],"wp:attachment":[{"href":"https:\/\/kymiashop.com\/fr_fr\/wp-json\/wp\/v2\/media?parent=2615"}],"wp:term":[{"taxonomy":"product_brand","embeddable":true,"href":"https:\/\/kymiashop.com\/fr_fr\/wp-json\/wp\/v2\/product_brand?post=2615"},{"taxonomy":"product_cat","embeddable":true,"href":"https:\/\/kymiashop.com\/fr_fr\/wp-json\/wp\/v2\/product_cat?post=2615"},{"taxonomy":"product_tag","embeddable":true,"href":"https:\/\/kymiashop.com\/fr_fr\/wp-json\/wp\/v2\/product_tag?post=2615"}],"curies":[{"name":"wp","href":"https:\/\/api.w.org\/{rel}","templated":true}]}}