{"id":2621,"date":"2026-01-21T16:42:48","date_gmt":"2026-01-21T15:42:48","guid":{"rendered":"https:\/\/kymiashop.com\/fr_fr\/?post_type=product&#038;p=2621"},"modified":"2026-01-22T14:33:37","modified_gmt":"2026-01-22T13:33:37","slug":"sorbitol","status":"publish","type":"product","link":"https:\/\/kymiashop.com\/fr_fr\/product\/sorbitol\/","title":{"rendered":"SORBITOL"},"content":{"rendered":"<h3 data-start=\"5998\" data-end=\"6014\"><strong data-start=\"6002\" data-end=\"6014\">SORBITOL<\/strong><\/h3>\n<p data-start=\"6015\" data-end=\"6174\"><strong data-start=\"6015\" data-end=\"6032\">Description :<\/strong> Humectant d\u2019origine v\u00e9g\u00e9tale.<br data-start=\"6062\" data-end=\"6065\" \/><strong data-start=\"6065\" data-end=\"6079\">Fonction :<\/strong> Hydratation.<br data-start=\"6092\" data-end=\"6095\" \/><strong data-start=\"6095\" data-end=\"6113\">Applications :<\/strong> Cosm\u00e9tiques, savons.<br data-start=\"6134\" data-end=\"6137\" \/><strong data-start=\"6137\" data-end=\"6152\">Avantages :<\/strong> Maintient l\u2019humidit\u00e9.<\/p>\n","protected":false},"excerpt":{"rendered":"<p>SORBITOL Description : Humectant d\u2019origine v\u00e9g\u00e9tale.Fonction : Hydratation.Applications : Cosm\u00e9tiques, savons.Avantages : Maintient l\u2019humidit\u00e9.<\/p>\n","protected":false},"featured_media":2448,"template":"","meta":[],"product_brand":[],"product_cat":[15],"product_tag":[],"class_list":{"0":"post-2621","1":"product","2":"type-product","3":"status-publish","4":"has-post-thumbnail","6":"product_cat-uncategorized","8":"first","9":"instock","10":"taxable","11":"shipping-taxable","12":"product-type-simple"},"_links":{"self":[{"href":"https:\/\/kymiashop.com\/fr_fr\/wp-json\/wp\/v2\/product\/2621","targetHints":{"allow":["GET"]}}],"collection":[{"href":"https:\/\/kymiashop.com\/fr_fr\/wp-json\/wp\/v2\/product"}],"about":[{"href":"https:\/\/kymiashop.com\/fr_fr\/wp-json\/wp\/v2\/types\/product"}],"wp:featuredmedia":[{"embeddable":true,"href":"https:\/\/kymiashop.com\/fr_fr\/wp-json\/wp\/v2\/media\/2448"}],"wp:attachment":[{"href":"https:\/\/kymiashop.com\/fr_fr\/wp-json\/wp\/v2\/media?parent=2621"}],"wp:term":[{"taxonomy":"product_brand","embeddable":true,"href":"https:\/\/kymiashop.com\/fr_fr\/wp-json\/wp\/v2\/product_brand?post=2621"},{"taxonomy":"product_cat","embeddable":true,"href":"https:\/\/kymiashop.com\/fr_fr\/wp-json\/wp\/v2\/product_cat?post=2621"},{"taxonomy":"product_tag","embeddable":true,"href":"https:\/\/kymiashop.com\/fr_fr\/wp-json\/wp\/v2\/product_tag?post=2621"}],"curies":[{"name":"wp","href":"https:\/\/api.w.org\/{rel}","templated":true}]}}