{"id":2623,"date":"2026-01-21T16:43:59","date_gmt":"2026-01-21T15:43:59","guid":{"rendered":"https:\/\/kymiashop.com\/fr_fr\/?post_type=product&#038;p=2623"},"modified":"2026-01-22T14:40:44","modified_gmt":"2026-01-22T13:40:44","slug":"tanzaril","status":"publish","type":"product","link":"https:\/\/kymiashop.com\/fr_fr\/product\/tanzaril\/","title":{"rendered":"TANZARIL"},"content":{"rendered":"<h3 data-start=\"1021\" data-end=\"1037\"><strong data-start=\"1025\" data-end=\"1037\">TANZARIL<\/strong><\/h3>\n<p data-start=\"1038\" data-end=\"1217\"><strong data-start=\"1038\" data-end=\"1055\">Description :<\/strong> Tensioactif anionique.<br data-start=\"1078\" data-end=\"1081\" \/><strong data-start=\"1081\" data-end=\"1095\">Fonction :<\/strong> Nettoyage et moussage.<br data-start=\"1118\" data-end=\"1121\" \/><strong data-start=\"1121\" data-end=\"1139\">Applications :<\/strong> D\u00e9tergents, produits m\u00e9nagers.<br data-start=\"1170\" data-end=\"1173\" \/><strong data-start=\"1173\" data-end=\"1188\">Avantages :<\/strong> Bonne efficacit\u00e9 nettoyante.<\/p>\n","protected":false},"excerpt":{"rendered":"<p>TANZARIL Description : Tensioactif anionique.Fonction : Nettoyage et moussage.Applications : D\u00e9tergents, produits m\u00e9nagers.Avantages : Bonne efficacit\u00e9 nettoyante.<\/p>\n","protected":false},"featured_media":2450,"template":"","meta":[],"product_brand":[],"product_cat":[15],"product_tag":[],"class_list":{"0":"post-2623","1":"product","2":"type-product","3":"status-publish","4":"has-post-thumbnail","6":"product_cat-uncategorized","8":"first","9":"instock","10":"taxable","11":"shipping-taxable","12":"product-type-simple"},"_links":{"self":[{"href":"https:\/\/kymiashop.com\/fr_fr\/wp-json\/wp\/v2\/product\/2623","targetHints":{"allow":["GET"]}}],"collection":[{"href":"https:\/\/kymiashop.com\/fr_fr\/wp-json\/wp\/v2\/product"}],"about":[{"href":"https:\/\/kymiashop.com\/fr_fr\/wp-json\/wp\/v2\/types\/product"}],"wp:featuredmedia":[{"embeddable":true,"href":"https:\/\/kymiashop.com\/fr_fr\/wp-json\/wp\/v2\/media\/2450"}],"wp:attachment":[{"href":"https:\/\/kymiashop.com\/fr_fr\/wp-json\/wp\/v2\/media?parent=2623"}],"wp:term":[{"taxonomy":"product_brand","embeddable":true,"href":"https:\/\/kymiashop.com\/fr_fr\/wp-json\/wp\/v2\/product_brand?post=2623"},{"taxonomy":"product_cat","embeddable":true,"href":"https:\/\/kymiashop.com\/fr_fr\/wp-json\/wp\/v2\/product_cat?post=2623"},{"taxonomy":"product_tag","embeddable":true,"href":"https:\/\/kymiashop.com\/fr_fr\/wp-json\/wp\/v2\/product_tag?post=2623"}],"curies":[{"name":"wp","href":"https:\/\/api.w.org\/{rel}","templated":true}]}}