{"id":2628,"date":"2026-01-21T16:47:36","date_gmt":"2026-01-21T15:47:36","guid":{"rendered":"https:\/\/kymiashop.com\/fr_fr\/?post_type=product&#038;p=2628"},"modified":"2026-01-22T15:03:07","modified_gmt":"2026-01-22T14:03:07","slug":"vitamine-b5","status":"publish","type":"product","link":"https:\/\/kymiashop.com\/fr_fr\/product\/vitamine-b5\/","title":{"rendered":"VITAMINE B5"},"content":{"rendered":"<h3 data-start=\"1219\" data-end=\"1250\"><strong data-start=\"1223\" data-end=\"1250\">VITAMINE B5 (PANTH\u00c9NOL)<\/strong><\/h3>\n<p data-start=\"1251\" data-end=\"1461\"><strong data-start=\"1251\" data-end=\"1268\">Description :<\/strong> Actif hydratant et r\u00e9parateur.<br data-start=\"1299\" data-end=\"1302\" \/><strong data-start=\"1302\" data-end=\"1316\">Fonction :<\/strong> Apaisement et hydratation.<br data-start=\"1343\" data-end=\"1346\" \/><strong data-start=\"1346\" data-end=\"1364\">Applications :<\/strong> Soins cutan\u00e9s et capillaires.<br data-start=\"1394\" data-end=\"1397\" \/><strong data-start=\"1397\" data-end=\"1412\">Avantages :<\/strong> Am\u00e9liore la souplesse de la peau et des cheveux.<\/p>\n","protected":false},"excerpt":{"rendered":"<p>VITAMINE B5 (PANTH\u00c9NOL) Description : Actif hydratant et r\u00e9parateur.Fonction : Apaisement et hydratation.Applications : Soins cutan\u00e9s et capillaires.Avantages : Am\u00e9liore la souplesse de la peau et des cheveux.<\/p>\n","protected":false},"featured_media":2458,"template":"","meta":[],"product_brand":[],"product_cat":[15],"product_tag":[],"class_list":{"0":"post-2628","1":"product","2":"type-product","3":"status-publish","4":"has-post-thumbnail","6":"product_cat-uncategorized","8":"first","9":"instock","10":"taxable","11":"shipping-taxable","12":"product-type-simple"},"_links":{"self":[{"href":"https:\/\/kymiashop.com\/fr_fr\/wp-json\/wp\/v2\/product\/2628","targetHints":{"allow":["GET"]}}],"collection":[{"href":"https:\/\/kymiashop.com\/fr_fr\/wp-json\/wp\/v2\/product"}],"about":[{"href":"https:\/\/kymiashop.com\/fr_fr\/wp-json\/wp\/v2\/types\/product"}],"wp:featuredmedia":[{"embeddable":true,"href":"https:\/\/kymiashop.com\/fr_fr\/wp-json\/wp\/v2\/media\/2458"}],"wp:attachment":[{"href":"https:\/\/kymiashop.com\/fr_fr\/wp-json\/wp\/v2\/media?parent=2628"}],"wp:term":[{"taxonomy":"product_brand","embeddable":true,"href":"https:\/\/kymiashop.com\/fr_fr\/wp-json\/wp\/v2\/product_brand?post=2628"},{"taxonomy":"product_cat","embeddable":true,"href":"https:\/\/kymiashop.com\/fr_fr\/wp-json\/wp\/v2\/product_cat?post=2628"},{"taxonomy":"product_tag","embeddable":true,"href":"https:\/\/kymiashop.com\/fr_fr\/wp-json\/wp\/v2\/product_tag?post=2628"}],"curies":[{"name":"wp","href":"https:\/\/api.w.org\/{rel}","templated":true}]}}