{"id":2637,"date":"2026-01-21T16:54:20","date_gmt":"2026-01-21T15:54:20","guid":{"rendered":"https:\/\/kymiashop.com\/fr_fr\/?post_type=product&#038;p=2637"},"modified":"2026-01-22T10:49:30","modified_gmt":"2026-01-22T09:49:30","slug":"colorant-marron","status":"publish","type":"product","link":"https:\/\/kymiashop.com\/fr_fr\/product\/colorant-marron\/","title":{"rendered":"COLORANT MARRON"},"content":{"rendered":"<h3 data-start=\"2559\" data-end=\"2582\"><strong data-start=\"2563\" data-end=\"2582\">COLORANT MARRON<\/strong><\/h3>\n<p data-start=\"2583\" data-end=\"2753\"><strong data-start=\"2583\" data-end=\"2600\">Description :<\/strong> Colorant pour ajustement visuel.<br data-start=\"2633\" data-end=\"2636\" \/><strong data-start=\"2636\" data-end=\"2650\">Fonction :<\/strong> Coloration.<br data-start=\"2662\" data-end=\"2665\" \/><strong data-start=\"2665\" data-end=\"2683\">Applications :<\/strong> D\u00e9tergents, produits cosm\u00e9tiques.<br data-start=\"2717\" data-end=\"2720\" \/><strong data-start=\"2720\" data-end=\"2735\">Avantages :<\/strong> Couleur homog\u00e8ne.<\/p>\n","protected":false},"excerpt":{"rendered":"<p>COLORANT MARRON Description : Colorant pour ajustement visuel.Fonction : Coloration.Applications : D\u00e9tergents, produits cosm\u00e9tiques.Avantages : Couleur homog\u00e8ne.<\/p>\n","protected":false},"featured_media":2469,"template":"","meta":[],"product_brand":[],"product_cat":[15],"product_tag":[],"class_list":{"0":"post-2637","1":"product","2":"type-product","3":"status-publish","4":"has-post-thumbnail","6":"product_cat-uncategorized","8":"first","9":"instock","10":"taxable","11":"shipping-taxable","12":"purchasable","13":"product-type-simple"},"_links":{"self":[{"href":"https:\/\/kymiashop.com\/fr_fr\/wp-json\/wp\/v2\/product\/2637","targetHints":{"allow":["GET"]}}],"collection":[{"href":"https:\/\/kymiashop.com\/fr_fr\/wp-json\/wp\/v2\/product"}],"about":[{"href":"https:\/\/kymiashop.com\/fr_fr\/wp-json\/wp\/v2\/types\/product"}],"wp:featuredmedia":[{"embeddable":true,"href":"https:\/\/kymiashop.com\/fr_fr\/wp-json\/wp\/v2\/media\/2469"}],"wp:attachment":[{"href":"https:\/\/kymiashop.com\/fr_fr\/wp-json\/wp\/v2\/media?parent=2637"}],"wp:term":[{"taxonomy":"product_brand","embeddable":true,"href":"https:\/\/kymiashop.com\/fr_fr\/wp-json\/wp\/v2\/product_brand?post=2637"},{"taxonomy":"product_cat","embeddable":true,"href":"https:\/\/kymiashop.com\/fr_fr\/wp-json\/wp\/v2\/product_cat?post=2637"},{"taxonomy":"product_tag","embeddable":true,"href":"https:\/\/kymiashop.com\/fr_fr\/wp-json\/wp\/v2\/product_tag?post=2637"}],"curies":[{"name":"wp","href":"https:\/\/api.w.org\/{rel}","templated":true}]}}