{"id":2644,"date":"2026-01-22T09:02:06","date_gmt":"2026-01-22T08:02:06","guid":{"rendered":"https:\/\/kymiashop.com\/fr_fr\/?post_type=product&#038;p=2644"},"modified":"2026-01-22T10:52:23","modified_gmt":"2026-01-22T09:52:23","slug":"cosmedia-guar","status":"publish","type":"product","link":"https:\/\/kymiashop.com\/fr_fr\/product\/cosmedia-guar\/","title":{"rendered":"COSMEDIA GUAR"},"content":{"rendered":"<h3 data-start=\"3814\" data-end=\"3835\"><strong data-start=\"3818\" data-end=\"3835\">COSMEDIA GUAR<\/strong><\/h3>\n<p data-start=\"3836\" data-end=\"4032\"><strong data-start=\"3836\" data-end=\"3853\">Description :<\/strong> D\u00e9riv\u00e9 de gomme guar modifi\u00e9e.<br data-start=\"3884\" data-end=\"3887\" \/><strong data-start=\"3887\" data-end=\"3901\">Fonction :<\/strong> \u00c9paississant et conditionneur.<br data-start=\"3932\" data-end=\"3935\" \/><strong data-start=\"3935\" data-end=\"3953\">Applications :<\/strong> Shampoings, gels douche.<br data-start=\"3978\" data-end=\"3981\" \/><strong data-start=\"3981\" data-end=\"3996\">Avantages :<\/strong> Am\u00e9liore la texture et le d\u00e9m\u00ealage.<\/p>\n","protected":false},"excerpt":{"rendered":"<p>COSMEDIA GUAR Description : D\u00e9riv\u00e9 de gomme guar modifi\u00e9e.Fonction : \u00c9paississant et conditionneur.Applications : Shampoings, gels douche.Avantages : Am\u00e9liore la texture et le d\u00e9m\u00ealage.<\/p>\n","protected":false},"featured_media":2475,"template":"","meta":[],"product_brand":[],"product_cat":[15],"product_tag":[],"class_list":{"0":"post-2644","1":"product","2":"type-product","3":"status-publish","4":"has-post-thumbnail","6":"product_cat-uncategorized","8":"first","9":"instock","10":"taxable","11":"shipping-taxable","12":"product-type-simple"},"_links":{"self":[{"href":"https:\/\/kymiashop.com\/fr_fr\/wp-json\/wp\/v2\/product\/2644","targetHints":{"allow":["GET"]}}],"collection":[{"href":"https:\/\/kymiashop.com\/fr_fr\/wp-json\/wp\/v2\/product"}],"about":[{"href":"https:\/\/kymiashop.com\/fr_fr\/wp-json\/wp\/v2\/types\/product"}],"wp:featuredmedia":[{"embeddable":true,"href":"https:\/\/kymiashop.com\/fr_fr\/wp-json\/wp\/v2\/media\/2475"}],"wp:attachment":[{"href":"https:\/\/kymiashop.com\/fr_fr\/wp-json\/wp\/v2\/media?parent=2644"}],"wp:term":[{"taxonomy":"product_brand","embeddable":true,"href":"https:\/\/kymiashop.com\/fr_fr\/wp-json\/wp\/v2\/product_brand?post=2644"},{"taxonomy":"product_cat","embeddable":true,"href":"https:\/\/kymiashop.com\/fr_fr\/wp-json\/wp\/v2\/product_cat?post=2644"},{"taxonomy":"product_tag","embeddable":true,"href":"https:\/\/kymiashop.com\/fr_fr\/wp-json\/wp\/v2\/product_tag?post=2644"}],"curies":[{"name":"wp","href":"https:\/\/api.w.org\/{rel}","templated":true}]}}