{"id":2649,"date":"2026-01-22T09:04:43","date_gmt":"2026-01-22T08:04:43","guid":{"rendered":"https:\/\/kymiashop.com\/fr_fr\/?post_type=product&#038;p=2649"},"modified":"2026-01-22T14:19:27","modified_gmt":"2026-01-22T13:19:27","slug":"poudre-detachante","status":"publish","type":"product","link":"https:\/\/kymiashop.com\/fr_fr\/product\/poudre-detachante\/","title":{"rendered":"POUDRE DETACHANTE"},"content":{"rendered":"<h3 data-start=\"4934\" data-end=\"4959\"><strong data-start=\"4938\" data-end=\"4959\">POUDRE D\u00c9TACHANTE<\/strong><\/h3>\n<p data-start=\"4960\" data-end=\"5158\"><strong data-start=\"4960\" data-end=\"4977\">Description :<\/strong> M\u00e9lange actif pour \u00e9liminer les taches.<br data-start=\"5017\" data-end=\"5020\" \/><strong data-start=\"5020\" data-end=\"5034\">Fonction :<\/strong> D\u00e9tachage textile.<br data-start=\"5053\" data-end=\"5056\" \/><strong data-start=\"5056\" data-end=\"5074\">Applications :<\/strong> Lessives et entretien du linge.<br data-start=\"5106\" data-end=\"5109\" \/><strong data-start=\"5109\" data-end=\"5124\">Avantages :<\/strong> Action cibl\u00e9e sur taches tenaces.<\/p>\n","protected":false},"excerpt":{"rendered":"<p>POUDRE D\u00c9TACHANTE Description : M\u00e9lange actif pour \u00e9liminer les taches.Fonction : D\u00e9tachage textile.Applications : Lessives et entretien du linge.Avantages : Action cibl\u00e9e sur taches tenaces.<\/p>\n","protected":false},"featured_media":2482,"template":"","meta":[],"product_brand":[],"product_cat":[15],"product_tag":[],"class_list":{"0":"post-2649","1":"product","2":"type-product","3":"status-publish","4":"has-post-thumbnail","6":"product_cat-uncategorized","8":"first","9":"instock","10":"taxable","11":"shipping-taxable","12":"purchasable","13":"product-type-simple"},"_links":{"self":[{"href":"https:\/\/kymiashop.com\/fr_fr\/wp-json\/wp\/v2\/product\/2649","targetHints":{"allow":["GET"]}}],"collection":[{"href":"https:\/\/kymiashop.com\/fr_fr\/wp-json\/wp\/v2\/product"}],"about":[{"href":"https:\/\/kymiashop.com\/fr_fr\/wp-json\/wp\/v2\/types\/product"}],"wp:featuredmedia":[{"embeddable":true,"href":"https:\/\/kymiashop.com\/fr_fr\/wp-json\/wp\/v2\/media\/2482"}],"wp:attachment":[{"href":"https:\/\/kymiashop.com\/fr_fr\/wp-json\/wp\/v2\/media?parent=2649"}],"wp:term":[{"taxonomy":"product_brand","embeddable":true,"href":"https:\/\/kymiashop.com\/fr_fr\/wp-json\/wp\/v2\/product_brand?post=2649"},{"taxonomy":"product_cat","embeddable":true,"href":"https:\/\/kymiashop.com\/fr_fr\/wp-json\/wp\/v2\/product_cat?post=2649"},{"taxonomy":"product_tag","embeddable":true,"href":"https:\/\/kymiashop.com\/fr_fr\/wp-json\/wp\/v2\/product_tag?post=2649"}],"curies":[{"name":"wp","href":"https:\/\/api.w.org\/{rel}","templated":true}]}}