{"id":2650,"date":"2026-01-22T09:05:35","date_gmt":"2026-01-22T08:05:35","guid":{"rendered":"https:\/\/kymiashop.com\/fr_fr\/?post_type=product&#038;p=2650"},"modified":"2026-01-22T14:36:11","modified_gmt":"2026-01-22T13:36:11","slug":"soude-caustique","status":"publish","type":"product","link":"https:\/\/kymiashop.com\/fr_fr\/product\/soude-caustique\/","title":{"rendered":"SOUDE CAUSTIQUE"},"content":{"rendered":"<h3 data-start=\"212\" data-end=\"235\"><strong data-start=\"216\" data-end=\"235\">SOUDE CAUSTIQUE<\/strong><\/h3>\n<p data-start=\"236\" data-end=\"539\"><strong data-start=\"236\" data-end=\"253\">Description :<\/strong> Hydroxyde de sodium solide ou en solution.<br data-start=\"296\" data-end=\"299\" \/><strong data-start=\"299\" data-end=\"313\">Fonction :<\/strong> Ajustement de pH, saponification.<br data-start=\"347\" data-end=\"350\" \/><strong data-start=\"350\" data-end=\"368\">Applications :<\/strong> Fabrication de savons, d\u00e9tergents, nettoyage industriel.<br data-start=\"425\" data-end=\"428\" \/><strong data-start=\"428\" data-end=\"443\">Avantages :<\/strong> Tr\u00e8s efficace.<br data-start=\"458\" data-end=\"461\" \/><strong data-start=\"461\" data-end=\"478\">Pr\u00e9cautions :<\/strong> Produit corrosif \u2013 manipulation avec protection obligatoire.<\/p>\n","protected":false},"excerpt":{"rendered":"<p>SOUDE CAUSTIQUE Description : Hydroxyde de sodium solide ou en solution.Fonction : Ajustement de pH, saponification.Applications : Fabrication de savons, d\u00e9tergents, nettoyage industriel.Avantages : Tr\u00e8s efficace.Pr\u00e9cautions : Produit corrosif \u2013 manipulation avec protection obligatoire.<\/p>\n","protected":false},"featured_media":2483,"template":"","meta":[],"product_brand":[],"product_cat":[15],"product_tag":[],"class_list":{"0":"post-2650","1":"product","2":"type-product","3":"status-publish","4":"has-post-thumbnail","6":"product_cat-uncategorized","8":"first","9":"instock","10":"taxable","11":"shipping-taxable","12":"product-type-simple"},"_links":{"self":[{"href":"https:\/\/kymiashop.com\/fr_fr\/wp-json\/wp\/v2\/product\/2650","targetHints":{"allow":["GET"]}}],"collection":[{"href":"https:\/\/kymiashop.com\/fr_fr\/wp-json\/wp\/v2\/product"}],"about":[{"href":"https:\/\/kymiashop.com\/fr_fr\/wp-json\/wp\/v2\/types\/product"}],"wp:featuredmedia":[{"embeddable":true,"href":"https:\/\/kymiashop.com\/fr_fr\/wp-json\/wp\/v2\/media\/2483"}],"wp:attachment":[{"href":"https:\/\/kymiashop.com\/fr_fr\/wp-json\/wp\/v2\/media?parent=2650"}],"wp:term":[{"taxonomy":"product_brand","embeddable":true,"href":"https:\/\/kymiashop.com\/fr_fr\/wp-json\/wp\/v2\/product_brand?post=2650"},{"taxonomy":"product_cat","embeddable":true,"href":"https:\/\/kymiashop.com\/fr_fr\/wp-json\/wp\/v2\/product_cat?post=2650"},{"taxonomy":"product_tag","embeddable":true,"href":"https:\/\/kymiashop.com\/fr_fr\/wp-json\/wp\/v2\/product_tag?post=2650"}],"curies":[{"name":"wp","href":"https:\/\/api.w.org\/{rel}","templated":true}]}}