{"id":2651,"date":"2026-01-22T09:06:00","date_gmt":"2026-01-22T08:06:00","guid":{"rendered":"https:\/\/kymiashop.com\/fr_fr\/?post_type=product&#038;p=2651"},"modified":"2026-01-22T14:54:30","modified_gmt":"2026-01-22T13:54:30","slug":"tylos","status":"publish","type":"product","link":"https:\/\/kymiashop.com\/fr_fr\/product\/tylos\/","title":{"rendered":"TYLOS"},"content":{"rendered":"<h3 data-start=\"2887\" data-end=\"2900\"><strong data-start=\"2891\" data-end=\"2900\">TYLOS<\/strong><\/h3>\n<p data-start=\"2901\" data-end=\"3082\"><strong data-start=\"2901\" data-end=\"2918\">Description :<\/strong> \u00c9paississant cellulosique.<br data-start=\"2945\" data-end=\"2948\" \/><strong data-start=\"2948\" data-end=\"2962\">Fonction :<\/strong> Augmentation de la viscosit\u00e9.<br data-start=\"2992\" data-end=\"2995\" \/><strong data-start=\"2995\" data-end=\"3013\">Applications :<\/strong> D\u00e9tergents, produits industriels.<br data-start=\"3047\" data-end=\"3050\" \/><strong data-start=\"3050\" data-end=\"3065\">Avantages :<\/strong> Bonne stabilit\u00e9.<\/p>\n","protected":false},"excerpt":{"rendered":"<p>TYLOS Description : \u00c9paississant cellulosique.Fonction : Augmentation de la viscosit\u00e9.Applications : D\u00e9tergents, produits industriels.Avantages : Bonne stabilit\u00e9.<\/p>\n","protected":false},"featured_media":2484,"template":"","meta":[],"product_brand":[],"product_cat":[15],"product_tag":[],"class_list":{"0":"post-2651","1":"product","2":"type-product","3":"status-publish","4":"has-post-thumbnail","6":"product_cat-uncategorized","8":"first","9":"instock","10":"taxable","11":"shipping-taxable","12":"product-type-simple"},"_links":{"self":[{"href":"https:\/\/kymiashop.com\/fr_fr\/wp-json\/wp\/v2\/product\/2651","targetHints":{"allow":["GET"]}}],"collection":[{"href":"https:\/\/kymiashop.com\/fr_fr\/wp-json\/wp\/v2\/product"}],"about":[{"href":"https:\/\/kymiashop.com\/fr_fr\/wp-json\/wp\/v2\/types\/product"}],"wp:featuredmedia":[{"embeddable":true,"href":"https:\/\/kymiashop.com\/fr_fr\/wp-json\/wp\/v2\/media\/2484"}],"wp:attachment":[{"href":"https:\/\/kymiashop.com\/fr_fr\/wp-json\/wp\/v2\/media?parent=2651"}],"wp:term":[{"taxonomy":"product_brand","embeddable":true,"href":"https:\/\/kymiashop.com\/fr_fr\/wp-json\/wp\/v2\/product_brand?post=2651"},{"taxonomy":"product_cat","embeddable":true,"href":"https:\/\/kymiashop.com\/fr_fr\/wp-json\/wp\/v2\/product_cat?post=2651"},{"taxonomy":"product_tag","embeddable":true,"href":"https:\/\/kymiashop.com\/fr_fr\/wp-json\/wp\/v2\/product_tag?post=2651"}],"curies":[{"name":"wp","href":"https:\/\/api.w.org\/{rel}","templated":true}]}}