{"id":2653,"date":"2026-01-22T09:10:01","date_gmt":"2026-01-22T08:10:01","guid":{"rendered":"https:\/\/kymiashop.com\/fr_fr\/?post_type=product&#038;p=2653"},"modified":"2026-01-22T10:18:35","modified_gmt":"2026-01-22T09:18:35","slug":"aerozil","status":"publish","type":"product","link":"https:\/\/kymiashop.com\/fr_fr\/product\/aerozil\/","title":{"rendered":"AEROZIL"},"content":{"rendered":"<h3 data-start=\"3490\" data-end=\"3505\"><strong data-start=\"3494\" data-end=\"3505\">AEROZIL<\/strong><\/h3>\n<p data-start=\"3506\" data-end=\"3731\"><strong data-start=\"3506\" data-end=\"3523\">Description :<\/strong> Silice collo\u00efdale \u00e0 fort pouvoir \u00e9paississant.<br data-start=\"3570\" data-end=\"3573\" \/><strong data-start=\"3573\" data-end=\"3587\">Fonction :<\/strong> Agent rh\u00e9ologique.<br data-start=\"3606\" data-end=\"3609\" \/><strong data-start=\"3609\" data-end=\"3627\">Applications :<\/strong> Cosm\u00e9tiques, peintures, produits industriels.<br data-start=\"3673\" data-end=\"3676\" \/><strong data-start=\"3676\" data-end=\"3691\">Avantages :<\/strong> Am\u00e9liore la stabilit\u00e9 des formulations.<\/p>\n","protected":false},"excerpt":{"rendered":"<p>AEROZIL Description : Silice collo\u00efdale \u00e0 fort pouvoir \u00e9paississant.Fonction : Agent rh\u00e9ologique.Applications : Cosm\u00e9tiques, peintures, produits industriels.Avantages : Am\u00e9liore la stabilit\u00e9 des formulations.<\/p>\n","protected":false},"featured_media":2488,"template":"","meta":[],"product_brand":[],"product_cat":[15],"product_tag":[],"class_list":{"0":"post-2653","1":"product","2":"type-product","3":"status-publish","4":"has-post-thumbnail","6":"product_cat-uncategorized","8":"first","9":"instock","10":"taxable","11":"shipping-taxable","12":"purchasable","13":"product-type-simple"},"_links":{"self":[{"href":"https:\/\/kymiashop.com\/fr_fr\/wp-json\/wp\/v2\/product\/2653","targetHints":{"allow":["GET"]}}],"collection":[{"href":"https:\/\/kymiashop.com\/fr_fr\/wp-json\/wp\/v2\/product"}],"about":[{"href":"https:\/\/kymiashop.com\/fr_fr\/wp-json\/wp\/v2\/types\/product"}],"wp:featuredmedia":[{"embeddable":true,"href":"https:\/\/kymiashop.com\/fr_fr\/wp-json\/wp\/v2\/media\/2488"}],"wp:attachment":[{"href":"https:\/\/kymiashop.com\/fr_fr\/wp-json\/wp\/v2\/media?parent=2653"}],"wp:term":[{"taxonomy":"product_brand","embeddable":true,"href":"https:\/\/kymiashop.com\/fr_fr\/wp-json\/wp\/v2\/product_brand?post=2653"},{"taxonomy":"product_cat","embeddable":true,"href":"https:\/\/kymiashop.com\/fr_fr\/wp-json\/wp\/v2\/product_cat?post=2653"},{"taxonomy":"product_tag","embeddable":true,"href":"https:\/\/kymiashop.com\/fr_fr\/wp-json\/wp\/v2\/product_tag?post=2653"}],"curies":[{"name":"wp","href":"https:\/\/api.w.org\/{rel}","templated":true}]}}