{"id":2654,"date":"2026-01-22T09:10:31","date_gmt":"2026-01-22T08:10:31","guid":{"rendered":"https:\/\/kymiashop.com\/fr_fr\/?post_type=product&#038;p=2654"},"modified":"2026-01-22T10:19:17","modified_gmt":"2026-01-22T09:19:17","slug":"allantoine","status":"publish","type":"product","link":"https:\/\/kymiashop.com\/fr_fr\/product\/allantoine\/","title":{"rendered":"ALLANTOINE"},"content":{"rendered":"<h3 data-start=\"3738\" data-end=\"3756\"><strong data-start=\"3742\" data-end=\"3756\">ALLANTO\u00cfNE<\/strong><\/h3>\n<p data-start=\"3757\" data-end=\"3983\"><strong data-start=\"3757\" data-end=\"3774\">Description :<\/strong> Actif cosm\u00e9tique apaisant et r\u00e9parateur.<br data-start=\"3815\" data-end=\"3818\" \/><strong data-start=\"3818\" data-end=\"3832\">Fonction :<\/strong> R\u00e9g\u00e9n\u00e9ration cutan\u00e9e.<br data-start=\"3854\" data-end=\"3857\" \/><strong data-start=\"3857\" data-end=\"3875\">Applications :<\/strong> Cr\u00e8mes, lotions, produits capillaires.<br data-start=\"3914\" data-end=\"3917\" \/><strong data-start=\"3917\" data-end=\"3932\">Avantages :<\/strong> Apaise les irritations, favorise la cicatrisation.<\/p>\n","protected":false},"excerpt":{"rendered":"<p>ALLANTO\u00cfNE Description : Actif cosm\u00e9tique apaisant et r\u00e9parateur.Fonction : R\u00e9g\u00e9n\u00e9ration cutan\u00e9e.Applications : Cr\u00e8mes, lotions, produits capillaires.Avantages : Apaise les irritations, favorise la cicatrisation.<\/p>\n","protected":false},"featured_media":2489,"template":"","meta":[],"product_brand":[],"product_cat":[15],"product_tag":[],"class_list":{"0":"post-2654","1":"product","2":"type-product","3":"status-publish","4":"has-post-thumbnail","6":"product_cat-uncategorized","8":"first","9":"instock","10":"taxable","11":"shipping-taxable","12":"product-type-simple"},"_links":{"self":[{"href":"https:\/\/kymiashop.com\/fr_fr\/wp-json\/wp\/v2\/product\/2654","targetHints":{"allow":["GET"]}}],"collection":[{"href":"https:\/\/kymiashop.com\/fr_fr\/wp-json\/wp\/v2\/product"}],"about":[{"href":"https:\/\/kymiashop.com\/fr_fr\/wp-json\/wp\/v2\/types\/product"}],"wp:featuredmedia":[{"embeddable":true,"href":"https:\/\/kymiashop.com\/fr_fr\/wp-json\/wp\/v2\/media\/2489"}],"wp:attachment":[{"href":"https:\/\/kymiashop.com\/fr_fr\/wp-json\/wp\/v2\/media?parent=2654"}],"wp:term":[{"taxonomy":"product_brand","embeddable":true,"href":"https:\/\/kymiashop.com\/fr_fr\/wp-json\/wp\/v2\/product_brand?post=2654"},{"taxonomy":"product_cat","embeddable":true,"href":"https:\/\/kymiashop.com\/fr_fr\/wp-json\/wp\/v2\/product_cat?post=2654"},{"taxonomy":"product_tag","embeddable":true,"href":"https:\/\/kymiashop.com\/fr_fr\/wp-json\/wp\/v2\/product_tag?post=2654"}],"curies":[{"name":"wp","href":"https:\/\/api.w.org\/{rel}","templated":true}]}}