{"id":2655,"date":"2026-01-22T09:12:26","date_gmt":"2026-01-22T08:12:26","guid":{"rendered":"https:\/\/kymiashop.com\/fr_fr\/?post_type=product&#038;p=2655"},"modified":"2026-01-22T16:38:30","modified_gmt":"2026-01-22T15:38:30","slug":"benzoate-de-sodium","status":"publish","type":"product","link":"https:\/\/kymiashop.com\/fr_fr\/product\/benzoate-de-sodium\/","title":{"rendered":"BENZOATE DE SODIUM"},"content":{"rendered":"<h3 data-start=\"4456\" data-end=\"4482\"><strong data-start=\"4460\" data-end=\"4482\">BENZOATE DE SODIUM<\/strong><\/h3>\n<p data-start=\"4483\" data-end=\"4694\"><strong data-start=\"4483\" data-end=\"4500\">Description :<\/strong> Conservateur largement utilis\u00e9.<br data-start=\"4532\" data-end=\"4535\" \/><strong data-start=\"4535\" data-end=\"4549\">Fonction :<\/strong> Protection contre bact\u00e9ries et moisissures.<br data-start=\"4593\" data-end=\"4596\" \/><strong data-start=\"4596\" data-end=\"4614\">Applications :<\/strong> Cosm\u00e9tiques, d\u00e9tergents, alimentaire.<br data-start=\"4652\" data-end=\"4655\" \/><strong data-start=\"4655\" data-end=\"4670\">Avantages :<\/strong> Efficace et \u00e9conomique.<\/p>\n","protected":false},"excerpt":{"rendered":"<p>BENZOATE DE SODIUM Description : Conservateur largement utilis\u00e9.Fonction : Protection contre bact\u00e9ries et moisissures.Applications : Cosm\u00e9tiques, d\u00e9tergents, alimentaire.Avantages : Efficace et \u00e9conomique.<\/p>\n","protected":false},"featured_media":2731,"template":"","meta":[],"product_brand":[],"product_cat":[15],"product_tag":[],"class_list":{"0":"post-2655","1":"product","2":"type-product","3":"status-publish","4":"has-post-thumbnail","6":"product_cat-uncategorized","8":"first","9":"instock","10":"taxable","11":"shipping-taxable","12":"purchasable","13":"product-type-simple"},"_links":{"self":[{"href":"https:\/\/kymiashop.com\/fr_fr\/wp-json\/wp\/v2\/product\/2655","targetHints":{"allow":["GET"]}}],"collection":[{"href":"https:\/\/kymiashop.com\/fr_fr\/wp-json\/wp\/v2\/product"}],"about":[{"href":"https:\/\/kymiashop.com\/fr_fr\/wp-json\/wp\/v2\/types\/product"}],"wp:featuredmedia":[{"embeddable":true,"href":"https:\/\/kymiashop.com\/fr_fr\/wp-json\/wp\/v2\/media\/2731"}],"wp:attachment":[{"href":"https:\/\/kymiashop.com\/fr_fr\/wp-json\/wp\/v2\/media?parent=2655"}],"wp:term":[{"taxonomy":"product_brand","embeddable":true,"href":"https:\/\/kymiashop.com\/fr_fr\/wp-json\/wp\/v2\/product_brand?post=2655"},{"taxonomy":"product_cat","embeddable":true,"href":"https:\/\/kymiashop.com\/fr_fr\/wp-json\/wp\/v2\/product_cat?post=2655"},{"taxonomy":"product_tag","embeddable":true,"href":"https:\/\/kymiashop.com\/fr_fr\/wp-json\/wp\/v2\/product_tag?post=2655"}],"curies":[{"name":"wp","href":"https:\/\/api.w.org\/{rel}","templated":true}]}}