{"id":2656,"date":"2026-01-22T09:13:34","date_gmt":"2026-01-22T08:13:34","guid":{"rendered":"https:\/\/kymiashop.com\/fr_fr\/?post_type=product&#038;p=2656"},"modified":"2026-01-22T10:36:22","modified_gmt":"2026-01-22T09:36:22","slug":"carbopol-2","status":"publish","type":"product","link":"https:\/\/kymiashop.com\/fr_fr\/product\/carbopol-2\/","title":{"rendered":"CARBOPOL"},"content":{"rendered":"<h3 data-start=\"5936\" data-end=\"5952\"><strong data-start=\"5940\" data-end=\"5952\">CARBOPOL<\/strong><\/h3>\n<p data-start=\"5953\" data-end=\"6122\"><strong data-start=\"5953\" data-end=\"5970\">Description :<\/strong> Polym\u00e8re \u00e9paississant.<br data-start=\"5993\" data-end=\"5996\" \/><strong data-start=\"5996\" data-end=\"6010\">Fonction :<\/strong> G\u00e9lifiant.<br data-start=\"6021\" data-end=\"6024\" \/><strong data-start=\"6024\" data-end=\"6042\">Applications :<\/strong> Gels cosm\u00e9tiques, produits de soin.<br data-start=\"6078\" data-end=\"6081\" \/><strong data-start=\"6081\" data-end=\"6096\">Avantages :<\/strong> Texture claire et stable.<\/p>\n","protected":false},"excerpt":{"rendered":"<p>CARBOPOL Description : Polym\u00e8re \u00e9paississant.Fonction : G\u00e9lifiant.Applications : Gels cosm\u00e9tiques, produits de soin.Avantages : Texture claire et stable.<\/p>\n","protected":false},"featured_media":2493,"template":"","meta":[],"product_brand":[],"product_cat":[15],"product_tag":[],"class_list":{"0":"post-2656","1":"product","2":"type-product","3":"status-publish","4":"has-post-thumbnail","6":"product_cat-uncategorized","8":"first","9":"instock","10":"taxable","11":"shipping-taxable","12":"purchasable","13":"product-type-simple"},"_links":{"self":[{"href":"https:\/\/kymiashop.com\/fr_fr\/wp-json\/wp\/v2\/product\/2656","targetHints":{"allow":["GET"]}}],"collection":[{"href":"https:\/\/kymiashop.com\/fr_fr\/wp-json\/wp\/v2\/product"}],"about":[{"href":"https:\/\/kymiashop.com\/fr_fr\/wp-json\/wp\/v2\/types\/product"}],"wp:featuredmedia":[{"embeddable":true,"href":"https:\/\/kymiashop.com\/fr_fr\/wp-json\/wp\/v2\/media\/2493"}],"wp:attachment":[{"href":"https:\/\/kymiashop.com\/fr_fr\/wp-json\/wp\/v2\/media?parent=2656"}],"wp:term":[{"taxonomy":"product_brand","embeddable":true,"href":"https:\/\/kymiashop.com\/fr_fr\/wp-json\/wp\/v2\/product_brand?post=2656"},{"taxonomy":"product_cat","embeddable":true,"href":"https:\/\/kymiashop.com\/fr_fr\/wp-json\/wp\/v2\/product_cat?post=2656"},{"taxonomy":"product_tag","embeddable":true,"href":"https:\/\/kymiashop.com\/fr_fr\/wp-json\/wp\/v2\/product_tag?post=2656"}],"curies":[{"name":"wp","href":"https:\/\/api.w.org\/{rel}","templated":true}]}}