{"id":2658,"date":"2026-01-22T09:15:13","date_gmt":"2026-01-22T08:15:13","guid":{"rendered":"https:\/\/kymiashop.com\/fr_fr\/?post_type=product&#038;p=2658"},"modified":"2026-01-22T10:53:31","modified_gmt":"2026-01-22T09:53:31","slug":"cristaux-de-menthe","status":"publish","type":"product","link":"https:\/\/kymiashop.com\/fr_fr\/product\/cristaux-de-menthe\/","title":{"rendered":"CRISTAUX DE MENTHE"},"content":{"rendered":"<h3 data-start=\"4039\" data-end=\"4065\"><strong data-start=\"4043\" data-end=\"4065\">CRISTAUX DE MENTHE<\/strong><\/h3>\n<p data-start=\"4066\" data-end=\"4268\"><strong data-start=\"4066\" data-end=\"4083\">Description :<\/strong> Menthol naturel sous forme cristalline.<br data-start=\"4123\" data-end=\"4126\" \/><strong data-start=\"4126\" data-end=\"4140\">Fonction :<\/strong> Effet rafra\u00eechissant.<br data-start=\"4162\" data-end=\"4165\" \/><strong data-start=\"4165\" data-end=\"4183\">Applications :<\/strong> Cosm\u00e9tiques, produits capillaires.<br data-start=\"4218\" data-end=\"4221\" \/><strong data-start=\"4221\" data-end=\"4236\">Avantages :<\/strong> Sensation de fra\u00eecheur intense.<\/p>\n","protected":false},"excerpt":{"rendered":"<p>CRISTAUX DE MENTHE Description : Menthol naturel sous forme cristalline.Fonction : Effet rafra\u00eechissant.Applications : Cosm\u00e9tiques, produits capillaires.Avantages : Sensation de fra\u00eecheur intense.<\/p>\n","protected":false},"featured_media":2506,"template":"","meta":[],"product_brand":[],"product_cat":[15],"product_tag":[],"class_list":{"0":"post-2658","1":"product","2":"type-product","3":"status-publish","4":"has-post-thumbnail","6":"product_cat-uncategorized","8":"first","9":"instock","10":"taxable","11":"shipping-taxable","12":"product-type-simple"},"_links":{"self":[{"href":"https:\/\/kymiashop.com\/fr_fr\/wp-json\/wp\/v2\/product\/2658","targetHints":{"allow":["GET"]}}],"collection":[{"href":"https:\/\/kymiashop.com\/fr_fr\/wp-json\/wp\/v2\/product"}],"about":[{"href":"https:\/\/kymiashop.com\/fr_fr\/wp-json\/wp\/v2\/types\/product"}],"wp:featuredmedia":[{"embeddable":true,"href":"https:\/\/kymiashop.com\/fr_fr\/wp-json\/wp\/v2\/media\/2506"}],"wp:attachment":[{"href":"https:\/\/kymiashop.com\/fr_fr\/wp-json\/wp\/v2\/media?parent=2658"}],"wp:term":[{"taxonomy":"product_brand","embeddable":true,"href":"https:\/\/kymiashop.com\/fr_fr\/wp-json\/wp\/v2\/product_brand?post=2658"},{"taxonomy":"product_cat","embeddable":true,"href":"https:\/\/kymiashop.com\/fr_fr\/wp-json\/wp\/v2\/product_cat?post=2658"},{"taxonomy":"product_tag","embeddable":true,"href":"https:\/\/kymiashop.com\/fr_fr\/wp-json\/wp\/v2\/product_tag?post=2658"}],"curies":[{"name":"wp","href":"https:\/\/api.w.org\/{rel}","templated":true}]}}