{"id":2666,"date":"2026-01-22T09:20:35","date_gmt":"2026-01-22T08:20:35","guid":{"rendered":"https:\/\/kymiashop.com\/fr_fr\/?post_type=product&#038;p=2666"},"modified":"2026-01-22T11:25:44","modified_gmt":"2026-01-22T10:25:44","slug":"emulgine-ht25","status":"publish","type":"product","link":"https:\/\/kymiashop.com\/fr_fr\/product\/emulgine-ht25\/","title":{"rendered":"EMULGINE HT25"},"content":{"rendered":"<h3 data-start=\"6614\" data-end=\"6635\"><strong data-start=\"6618\" data-end=\"6635\">EMULGINE HT25<\/strong><\/h3>\n<p data-start=\"6636\" data-end=\"6824\"><strong data-start=\"6636\" data-end=\"6653\">Description :<\/strong> \u00c9mulsifiant haute performance.<br data-start=\"6684\" data-end=\"6687\" \/><strong data-start=\"6687\" data-end=\"6701\">Fonction :<\/strong> Stabilisation des formules complexes.<br data-start=\"6739\" data-end=\"6742\" \/><strong data-start=\"6742\" data-end=\"6760\">Applications :<\/strong> Cosm\u00e9tiques professionnels.<br data-start=\"6788\" data-end=\"6791\" \/><strong data-start=\"6791\" data-end=\"6806\">Avantages :<\/strong> Texture homog\u00e8ne.<\/p>\n","protected":false},"excerpt":{"rendered":"<p>EMULGINE HT25 Description : \u00c9mulsifiant haute performance.Fonction : Stabilisation des formules complexes.Applications : Cosm\u00e9tiques professionnels.Avantages : Texture homog\u00e8ne.<\/p>\n","protected":false},"featured_media":2517,"template":"","meta":[],"product_brand":[],"product_cat":[15],"product_tag":[],"class_list":{"0":"post-2666","1":"product","2":"type-product","3":"status-publish","4":"has-post-thumbnail","6":"product_cat-uncategorized","8":"first","9":"instock","10":"taxable","11":"shipping-taxable","12":"purchasable","13":"product-type-simple"},"_links":{"self":[{"href":"https:\/\/kymiashop.com\/fr_fr\/wp-json\/wp\/v2\/product\/2666","targetHints":{"allow":["GET"]}}],"collection":[{"href":"https:\/\/kymiashop.com\/fr_fr\/wp-json\/wp\/v2\/product"}],"about":[{"href":"https:\/\/kymiashop.com\/fr_fr\/wp-json\/wp\/v2\/types\/product"}],"wp:featuredmedia":[{"embeddable":true,"href":"https:\/\/kymiashop.com\/fr_fr\/wp-json\/wp\/v2\/media\/2517"}],"wp:attachment":[{"href":"https:\/\/kymiashop.com\/fr_fr\/wp-json\/wp\/v2\/media?parent=2666"}],"wp:term":[{"taxonomy":"product_brand","embeddable":true,"href":"https:\/\/kymiashop.com\/fr_fr\/wp-json\/wp\/v2\/product_brand?post=2666"},{"taxonomy":"product_cat","embeddable":true,"href":"https:\/\/kymiashop.com\/fr_fr\/wp-json\/wp\/v2\/product_cat?post=2666"},{"taxonomy":"product_tag","embeddable":true,"href":"https:\/\/kymiashop.com\/fr_fr\/wp-json\/wp\/v2\/product_tag?post=2666"}],"curies":[{"name":"wp","href":"https:\/\/api.w.org\/{rel}","templated":true}]}}