{"id":2668,"date":"2026-01-22T09:21:43","date_gmt":"2026-01-22T08:21:43","guid":{"rendered":"https:\/\/kymiashop.com\/fr_fr\/?post_type=product&#038;p=2668"},"modified":"2026-01-22T11:33:00","modified_gmt":"2026-01-22T10:33:00","slug":"gomme-xanthane","status":"publish","type":"product","link":"https:\/\/kymiashop.com\/fr_fr\/product\/gomme-xanthane\/","title":{"rendered":"GOMME XANTHANE"},"content":{"rendered":"<h3 data-start=\"8012\" data-end=\"8034\"><strong data-start=\"8016\" data-end=\"8034\">GOMME XANTHANE<\/strong><\/h3>\n<p data-start=\"8035\" data-end=\"8225\"><strong data-start=\"8035\" data-end=\"8052\">Description :<\/strong> G\u00e9lifiant naturel issu de fermentation.<br data-start=\"8092\" data-end=\"8095\" \/><strong data-start=\"8095\" data-end=\"8109\">Fonction :<\/strong> \u00c9paississant et stabilisant.<br data-start=\"8138\" data-end=\"8141\" \/><strong data-start=\"8141\" data-end=\"8159\">Applications :<\/strong> Cosm\u00e9tiques, alimentaire.<br data-start=\"8185\" data-end=\"8188\" \/><strong data-start=\"8188\" data-end=\"8203\">Avantages :<\/strong> Excellente stabilit\u00e9.<\/p>\n","protected":false},"excerpt":{"rendered":"<p>GOMME XANTHANE Description : G\u00e9lifiant naturel issu de fermentation.Fonction : \u00c9paississant et stabilisant.Applications : Cosm\u00e9tiques, alimentaire.Avantages : Excellente stabilit\u00e9.<\/p>\n","protected":false},"featured_media":2519,"template":"","meta":[],"product_brand":[],"product_cat":[15],"product_tag":[],"class_list":{"0":"post-2668","1":"product","2":"type-product","3":"status-publish","4":"has-post-thumbnail","6":"product_cat-uncategorized","8":"first","9":"instock","10":"taxable","11":"shipping-taxable","12":"product-type-simple"},"_links":{"self":[{"href":"https:\/\/kymiashop.com\/fr_fr\/wp-json\/wp\/v2\/product\/2668","targetHints":{"allow":["GET"]}}],"collection":[{"href":"https:\/\/kymiashop.com\/fr_fr\/wp-json\/wp\/v2\/product"}],"about":[{"href":"https:\/\/kymiashop.com\/fr_fr\/wp-json\/wp\/v2\/types\/product"}],"wp:featuredmedia":[{"embeddable":true,"href":"https:\/\/kymiashop.com\/fr_fr\/wp-json\/wp\/v2\/media\/2519"}],"wp:attachment":[{"href":"https:\/\/kymiashop.com\/fr_fr\/wp-json\/wp\/v2\/media?parent=2668"}],"wp:term":[{"taxonomy":"product_brand","embeddable":true,"href":"https:\/\/kymiashop.com\/fr_fr\/wp-json\/wp\/v2\/product_brand?post=2668"},{"taxonomy":"product_cat","embeddable":true,"href":"https:\/\/kymiashop.com\/fr_fr\/wp-json\/wp\/v2\/product_cat?post=2668"},{"taxonomy":"product_tag","embeddable":true,"href":"https:\/\/kymiashop.com\/fr_fr\/wp-json\/wp\/v2\/product_tag?post=2668"}],"curies":[{"name":"wp","href":"https:\/\/api.w.org\/{rel}","templated":true}]}}