{"id":2671,"date":"2026-01-22T09:23:43","date_gmt":"2026-01-22T08:23:43","guid":{"rendered":"https:\/\/kymiashop.com\/fr_fr\/?post_type=product&#038;p=2671"},"modified":"2026-01-22T13:19:46","modified_gmt":"2026-01-22T12:19:46","slug":"lanette-n","status":"publish","type":"product","link":"https:\/\/kymiashop.com\/fr_fr\/product\/lanette-n\/","title":{"rendered":"LANETTE N"},"content":{"rendered":"<h3 data-start=\"4125\" data-end=\"4142\"><strong data-start=\"4129\" data-end=\"4142\">LANETTE N<\/strong><\/h3>\n<p data-start=\"4143\" data-end=\"4302\"><strong data-start=\"4143\" data-end=\"4160\">Description :<\/strong> Co-\u00e9mulsifiant non ionique.<br data-start=\"4188\" data-end=\"4191\" \/><strong data-start=\"4191\" data-end=\"4205\">Fonction :<\/strong> Stabilisation des \u00e9mulsions.<br data-start=\"4234\" data-end=\"4237\" \/><strong data-start=\"4237\" data-end=\"4255\">Applications :<\/strong> Cr\u00e8mes.<br data-start=\"4263\" data-end=\"4266\" \/><strong data-start=\"4266\" data-end=\"4281\">Avantages :<\/strong> Bonne compatibilit\u00e9.<\/p>\n","protected":false},"excerpt":{"rendered":"<p>LANETTE N Description : Co-\u00e9mulsifiant non ionique.Fonction : Stabilisation des \u00e9mulsions.Applications : Cr\u00e8mes.Avantages : Bonne compatibilit\u00e9.<\/p>\n","protected":false},"featured_media":2523,"template":"","meta":[],"product_brand":[],"product_cat":[15],"product_tag":[],"class_list":{"0":"post-2671","1":"product","2":"type-product","3":"status-publish","4":"has-post-thumbnail","6":"product_cat-uncategorized","8":"first","9":"instock","10":"taxable","11":"shipping-taxable","12":"purchasable","13":"product-type-simple"},"_links":{"self":[{"href":"https:\/\/kymiashop.com\/fr_fr\/wp-json\/wp\/v2\/product\/2671","targetHints":{"allow":["GET"]}}],"collection":[{"href":"https:\/\/kymiashop.com\/fr_fr\/wp-json\/wp\/v2\/product"}],"about":[{"href":"https:\/\/kymiashop.com\/fr_fr\/wp-json\/wp\/v2\/types\/product"}],"wp:featuredmedia":[{"embeddable":true,"href":"https:\/\/kymiashop.com\/fr_fr\/wp-json\/wp\/v2\/media\/2523"}],"wp:attachment":[{"href":"https:\/\/kymiashop.com\/fr_fr\/wp-json\/wp\/v2\/media?parent=2671"}],"wp:term":[{"taxonomy":"product_brand","embeddable":true,"href":"https:\/\/kymiashop.com\/fr_fr\/wp-json\/wp\/v2\/product_brand?post=2671"},{"taxonomy":"product_cat","embeddable":true,"href":"https:\/\/kymiashop.com\/fr_fr\/wp-json\/wp\/v2\/product_cat?post=2671"},{"taxonomy":"product_tag","embeddable":true,"href":"https:\/\/kymiashop.com\/fr_fr\/wp-json\/wp\/v2\/product_tag?post=2671"}],"curies":[{"name":"wp","href":"https:\/\/api.w.org\/{rel}","templated":true}]}}