{"id":2672,"date":"2026-01-22T09:24:07","date_gmt":"2026-01-22T08:24:07","guid":{"rendered":"https:\/\/kymiashop.com\/fr_fr\/?post_type=product&#038;p=2672"},"modified":"2026-01-22T13:19:16","modified_gmt":"2026-01-22T12:19:16","slug":"lanette-o-50-50","status":"publish","type":"product","link":"https:\/\/kymiashop.com\/fr_fr\/product\/lanette-o-50-50\/","title":{"rendered":"LANETTE O 50\/50"},"content":{"rendered":"<h3 data-start=\"4505\" data-end=\"4528\"><strong data-start=\"4509\" data-end=\"4528\">LANETTE O 50\/50<\/strong><\/h3>\n<p data-start=\"4529\" data-end=\"4698\"><strong data-start=\"4529\" data-end=\"4546\">Description :<\/strong> M\u00e9lange d\u2019\u00e9mulsifiants \u00e9quilibr\u00e9.<br data-start=\"4580\" data-end=\"4583\" \/><strong data-start=\"4583\" data-end=\"4597\">Fonction :<\/strong> \u00c9mulsification efficace.<br data-start=\"4622\" data-end=\"4625\" \/><strong data-start=\"4625\" data-end=\"4643\">Applications :<\/strong> Cosm\u00e9tiques.<br data-start=\"4656\" data-end=\"4659\" \/><strong data-start=\"4659\" data-end=\"4674\">Avantages :<\/strong> Facilit\u00e9 d\u2019utilisation.<\/p>\n","protected":false},"excerpt":{"rendered":"<p>LANETTE O 50\/50 Description : M\u00e9lange d\u2019\u00e9mulsifiants \u00e9quilibr\u00e9.Fonction : \u00c9mulsification efficace.Applications : Cosm\u00e9tiques.Avantages : Facilit\u00e9 d\u2019utilisation.<\/p>\n","protected":false},"featured_media":2524,"template":"","meta":[],"product_brand":[],"product_cat":[15],"product_tag":[],"class_list":{"0":"post-2672","1":"product","2":"type-product","3":"status-publish","4":"has-post-thumbnail","6":"product_cat-uncategorized","8":"first","9":"instock","10":"taxable","11":"shipping-taxable","12":"purchasable","13":"product-type-simple"},"_links":{"self":[{"href":"https:\/\/kymiashop.com\/fr_fr\/wp-json\/wp\/v2\/product\/2672","targetHints":{"allow":["GET"]}}],"collection":[{"href":"https:\/\/kymiashop.com\/fr_fr\/wp-json\/wp\/v2\/product"}],"about":[{"href":"https:\/\/kymiashop.com\/fr_fr\/wp-json\/wp\/v2\/types\/product"}],"wp:featuredmedia":[{"embeddable":true,"href":"https:\/\/kymiashop.com\/fr_fr\/wp-json\/wp\/v2\/media\/2524"}],"wp:attachment":[{"href":"https:\/\/kymiashop.com\/fr_fr\/wp-json\/wp\/v2\/media?parent=2672"}],"wp:term":[{"taxonomy":"product_brand","embeddable":true,"href":"https:\/\/kymiashop.com\/fr_fr\/wp-json\/wp\/v2\/product_brand?post=2672"},{"taxonomy":"product_cat","embeddable":true,"href":"https:\/\/kymiashop.com\/fr_fr\/wp-json\/wp\/v2\/product_cat?post=2672"},{"taxonomy":"product_tag","embeddable":true,"href":"https:\/\/kymiashop.com\/fr_fr\/wp-json\/wp\/v2\/product_tag?post=2672"}],"curies":[{"name":"wp","href":"https:\/\/api.w.org\/{rel}","templated":true}]}}