{"id":2675,"date":"2026-01-22T09:27:14","date_gmt":"2026-01-22T08:27:14","guid":{"rendered":"https:\/\/kymiashop.com\/fr_fr\/?post_type=product&#038;p=2675"},"modified":"2026-01-22T13:40:37","modified_gmt":"2026-01-22T12:40:37","slug":"oxyde-de-zinc","status":"publish","type":"product","link":"https:\/\/kymiashop.com\/fr_fr\/product\/oxyde-de-zinc\/","title":{"rendered":"OXYDE DE ZINC"},"content":{"rendered":"<h3 data-start=\"1002\" data-end=\"1023\"><strong data-start=\"1006\" data-end=\"1023\">OXYDE DE ZINC<\/strong><\/h3>\n<p data-start=\"1024\" data-end=\"1222\"><strong data-start=\"1024\" data-end=\"1041\">Description :<\/strong> Poudre min\u00e9rale blanche.<br data-start=\"1066\" data-end=\"1069\" \/><strong data-start=\"1069\" data-end=\"1083\">Fonction :<\/strong> Protecteur cutan\u00e9, apaisant.<br data-start=\"1112\" data-end=\"1115\" \/><strong data-start=\"1115\" data-end=\"1133\">Applications :<\/strong> Cosm\u00e9tiques, cr\u00e8mes protectrices.<br data-start=\"1167\" data-end=\"1170\" \/><strong data-start=\"1170\" data-end=\"1185\">Avantages :<\/strong> Propri\u00e9t\u00e9s apaisantes et couvrantes.<\/p>\n","protected":false},"excerpt":{"rendered":"<p>OXYDE DE ZINC Description : Poudre min\u00e9rale blanche.Fonction : Protecteur cutan\u00e9, apaisant.Applications : Cosm\u00e9tiques, cr\u00e8mes protectrices.Avantages : Propri\u00e9t\u00e9s apaisantes et couvrantes.<\/p>\n","protected":false},"featured_media":2527,"template":"","meta":[],"product_brand":[],"product_cat":[15],"product_tag":[],"class_list":{"0":"post-2675","1":"product","2":"type-product","3":"status-publish","4":"has-post-thumbnail","6":"product_cat-uncategorized","8":"first","9":"instock","10":"taxable","11":"shipping-taxable","12":"purchasable","13":"product-type-simple"},"_links":{"self":[{"href":"https:\/\/kymiashop.com\/fr_fr\/wp-json\/wp\/v2\/product\/2675","targetHints":{"allow":["GET"]}}],"collection":[{"href":"https:\/\/kymiashop.com\/fr_fr\/wp-json\/wp\/v2\/product"}],"about":[{"href":"https:\/\/kymiashop.com\/fr_fr\/wp-json\/wp\/v2\/types\/product"}],"wp:featuredmedia":[{"embeddable":true,"href":"https:\/\/kymiashop.com\/fr_fr\/wp-json\/wp\/v2\/media\/2527"}],"wp:attachment":[{"href":"https:\/\/kymiashop.com\/fr_fr\/wp-json\/wp\/v2\/media?parent=2675"}],"wp:term":[{"taxonomy":"product_brand","embeddable":true,"href":"https:\/\/kymiashop.com\/fr_fr\/wp-json\/wp\/v2\/product_brand?post=2675"},{"taxonomy":"product_cat","embeddable":true,"href":"https:\/\/kymiashop.com\/fr_fr\/wp-json\/wp\/v2\/product_cat?post=2675"},{"taxonomy":"product_tag","embeddable":true,"href":"https:\/\/kymiashop.com\/fr_fr\/wp-json\/wp\/v2\/product_tag?post=2675"}],"curies":[{"name":"wp","href":"https:\/\/api.w.org\/{rel}","templated":true}]}}