{"id":2676,"date":"2026-01-22T09:28:01","date_gmt":"2026-01-22T08:28:01","guid":{"rendered":"https:\/\/kymiashop.com\/fr_fr\/?post_type=product&#038;p=2676"},"modified":"2026-01-22T13:44:43","modified_gmt":"2026-01-22T12:44:43","slug":"peg-120","status":"publish","type":"product","link":"https:\/\/kymiashop.com\/fr_fr\/product\/peg-120\/","title":{"rendered":"PEG 120"},"content":{"rendered":"<h3 data-start=\"1414\" data-end=\"1429\"><strong data-start=\"1418\" data-end=\"1429\">PEG 120<\/strong><\/h3>\n<p data-start=\"1430\" data-end=\"1633\"><strong data-start=\"1430\" data-end=\"1447\">Description :<\/strong> \u00c9paississant non ionique d\u00e9riv\u00e9 du PEG.<br data-start=\"1487\" data-end=\"1490\" \/><strong data-start=\"1490\" data-end=\"1504\">Fonction :<\/strong> Augmentation de la viscosit\u00e9.<br data-start=\"1534\" data-end=\"1537\" \/><strong data-start=\"1537\" data-end=\"1555\">Applications :<\/strong> Shampoings, gels douche.<br data-start=\"1580\" data-end=\"1583\" \/><strong data-start=\"1583\" data-end=\"1598\">Avantages :<\/strong> Am\u00e9liore la texture sans troubler.<\/p>\n","protected":false},"excerpt":{"rendered":"<p>PEG 120 Description : \u00c9paississant non ionique d\u00e9riv\u00e9 du PEG.Fonction : Augmentation de la viscosit\u00e9.Applications : Shampoings, gels douche.Avantages : Am\u00e9liore la texture sans troubler.<\/p>\n","protected":false},"featured_media":2528,"template":"","meta":[],"product_brand":[],"product_cat":[15],"product_tag":[],"class_list":{"0":"post-2676","1":"product","2":"type-product","3":"status-publish","4":"has-post-thumbnail","6":"product_cat-uncategorized","8":"first","9":"instock","10":"taxable","11":"shipping-taxable","12":"purchasable","13":"product-type-simple"},"_links":{"self":[{"href":"https:\/\/kymiashop.com\/fr_fr\/wp-json\/wp\/v2\/product\/2676","targetHints":{"allow":["GET"]}}],"collection":[{"href":"https:\/\/kymiashop.com\/fr_fr\/wp-json\/wp\/v2\/product"}],"about":[{"href":"https:\/\/kymiashop.com\/fr_fr\/wp-json\/wp\/v2\/types\/product"}],"wp:featuredmedia":[{"embeddable":true,"href":"https:\/\/kymiashop.com\/fr_fr\/wp-json\/wp\/v2\/media\/2528"}],"wp:attachment":[{"href":"https:\/\/kymiashop.com\/fr_fr\/wp-json\/wp\/v2\/media?parent=2676"}],"wp:term":[{"taxonomy":"product_brand","embeddable":true,"href":"https:\/\/kymiashop.com\/fr_fr\/wp-json\/wp\/v2\/product_brand?post=2676"},{"taxonomy":"product_cat","embeddable":true,"href":"https:\/\/kymiashop.com\/fr_fr\/wp-json\/wp\/v2\/product_cat?post=2676"},{"taxonomy":"product_tag","embeddable":true,"href":"https:\/\/kymiashop.com\/fr_fr\/wp-json\/wp\/v2\/product_tag?post=2676"}],"curies":[{"name":"wp","href":"https:\/\/api.w.org\/{rel}","templated":true}]}}