{"id":2680,"date":"2026-01-22T09:30:02","date_gmt":"2026-01-22T08:30:02","guid":{"rendered":"https:\/\/kymiashop.com\/fr_fr\/?post_type=product&#038;p=2680"},"modified":"2026-01-22T14:50:40","modified_gmt":"2026-01-22T13:50:40","slug":"trichlorocarbanilide","status":"publish","type":"product","link":"https:\/\/kymiashop.com\/fr_fr\/product\/trichlorocarbanilide\/","title":{"rendered":"TRICHLOROCARBANILIDE"},"content":{"rendered":"<h3 data-start=\"2370\" data-end=\"2398\"><strong data-start=\"2374\" data-end=\"2398\">TRICHLOROCARBANILIDE<\/strong><\/h3>\n<p data-start=\"2399\" data-end=\"2600\"><strong data-start=\"2399\" data-end=\"2416\">Description :<\/strong> Agent antibact\u00e9rien.<br data-start=\"2437\" data-end=\"2440\" \/><strong data-start=\"2440\" data-end=\"2454\">Fonction :<\/strong> Action antiseptique.<br data-start=\"2475\" data-end=\"2478\" \/><strong data-start=\"2478\" data-end=\"2496\">Applications :<\/strong> Savons industriels.<br data-start=\"2516\" data-end=\"2519\" \/><strong data-start=\"2519\" data-end=\"2534\">Avantages :<\/strong> Efficacit\u00e9 antibact\u00e9rienne.<br data-start=\"2562\" data-end=\"2565\" \/><strong data-start=\"2565\" data-end=\"2582\">Pr\u00e9cautions :<\/strong> Usage r\u00e9glement\u00e9.<\/p>\n","protected":false},"excerpt":{"rendered":"<p>TRICHLOROCARBANILIDE Description : Agent antibact\u00e9rien.Fonction : Action antiseptique.Applications : Savons industriels.Avantages : Efficacit\u00e9 antibact\u00e9rienne.Pr\u00e9cautions : Usage r\u00e9glement\u00e9.<\/p>\n","protected":false},"featured_media":2535,"template":"","meta":[],"product_brand":[],"product_cat":[15],"product_tag":[],"class_list":{"0":"post-2680","1":"product","2":"type-product","3":"status-publish","4":"has-post-thumbnail","6":"product_cat-uncategorized","8":"first","9":"instock","10":"taxable","11":"shipping-taxable","12":"product-type-simple"},"_links":{"self":[{"href":"https:\/\/kymiashop.com\/fr_fr\/wp-json\/wp\/v2\/product\/2680","targetHints":{"allow":["GET"]}}],"collection":[{"href":"https:\/\/kymiashop.com\/fr_fr\/wp-json\/wp\/v2\/product"}],"about":[{"href":"https:\/\/kymiashop.com\/fr_fr\/wp-json\/wp\/v2\/types\/product"}],"wp:featuredmedia":[{"embeddable":true,"href":"https:\/\/kymiashop.com\/fr_fr\/wp-json\/wp\/v2\/media\/2535"}],"wp:attachment":[{"href":"https:\/\/kymiashop.com\/fr_fr\/wp-json\/wp\/v2\/media?parent=2680"}],"wp:term":[{"taxonomy":"product_brand","embeddable":true,"href":"https:\/\/kymiashop.com\/fr_fr\/wp-json\/wp\/v2\/product_brand?post=2680"},{"taxonomy":"product_cat","embeddable":true,"href":"https:\/\/kymiashop.com\/fr_fr\/wp-json\/wp\/v2\/product_cat?post=2680"},{"taxonomy":"product_tag","embeddable":true,"href":"https:\/\/kymiashop.com\/fr_fr\/wp-json\/wp\/v2\/product_tag?post=2680"}],"curies":[{"name":"wp","href":"https:\/\/api.w.org\/{rel}","templated":true}]}}