{"id":2681,"date":"2026-01-22T09:30:24","date_gmt":"2026-01-22T08:30:24","guid":{"rendered":"https:\/\/kymiashop.com\/fr_fr\/?post_type=product&#038;p=2681"},"modified":"2026-01-22T14:51:30","modified_gmt":"2026-01-22T13:51:30","slug":"triclosan","status":"publish","type":"product","link":"https:\/\/kymiashop.com\/fr_fr\/product\/triclosan\/","title":{"rendered":"TRICLOSAN"},"content":{"rendered":"<h3 data-start=\"2607\" data-end=\"2624\"><strong data-start=\"2611\" data-end=\"2624\">TRICLOSAN<\/strong><\/h3>\n<p data-start=\"2625\" data-end=\"2880\"><strong data-start=\"2625\" data-end=\"2642\">Description :<\/strong> Agent antimicrobien synth\u00e9tique.<br data-start=\"2675\" data-end=\"2678\" \/><strong data-start=\"2678\" data-end=\"2692\">Fonction :<\/strong> Protection antibact\u00e9rienne.<br data-start=\"2720\" data-end=\"2723\" \/><strong data-start=\"2723\" data-end=\"2741\">Applications :<\/strong> Produits d\u2019hygi\u00e8ne (usage r\u00e9glement\u00e9).<br data-start=\"2780\" data-end=\"2783\" \/><strong data-start=\"2783\" data-end=\"2798\">Avantages :<\/strong> Large spectre d\u2019action.<br data-start=\"2822\" data-end=\"2825\" \/><strong data-start=\"2825\" data-end=\"2842\">Pr\u00e9cautions :<\/strong> Utilisation soumise \u00e0 r\u00e9glementation.<\/p>\n","protected":false},"excerpt":{"rendered":"<p>TRICLOSAN Description : Agent antimicrobien synth\u00e9tique.Fonction : Protection antibact\u00e9rienne.Applications : Produits d\u2019hygi\u00e8ne (usage r\u00e9glement\u00e9).Avantages : Large spectre d\u2019action.Pr\u00e9cautions : Utilisation soumise \u00e0 r\u00e9glementation.<\/p>\n","protected":false},"featured_media":2536,"template":"","meta":[],"product_brand":[],"product_cat":[15],"product_tag":[],"class_list":{"0":"post-2681","1":"product","2":"type-product","3":"status-publish","4":"has-post-thumbnail","6":"product_cat-uncategorized","8":"first","9":"instock","10":"taxable","11":"shipping-taxable","12":"product-type-simple"},"_links":{"self":[{"href":"https:\/\/kymiashop.com\/fr_fr\/wp-json\/wp\/v2\/product\/2681","targetHints":{"allow":["GET"]}}],"collection":[{"href":"https:\/\/kymiashop.com\/fr_fr\/wp-json\/wp\/v2\/product"}],"about":[{"href":"https:\/\/kymiashop.com\/fr_fr\/wp-json\/wp\/v2\/types\/product"}],"wp:featuredmedia":[{"embeddable":true,"href":"https:\/\/kymiashop.com\/fr_fr\/wp-json\/wp\/v2\/media\/2536"}],"wp:attachment":[{"href":"https:\/\/kymiashop.com\/fr_fr\/wp-json\/wp\/v2\/media?parent=2681"}],"wp:term":[{"taxonomy":"product_brand","embeddable":true,"href":"https:\/\/kymiashop.com\/fr_fr\/wp-json\/wp\/v2\/product_brand?post=2681"},{"taxonomy":"product_cat","embeddable":true,"href":"https:\/\/kymiashop.com\/fr_fr\/wp-json\/wp\/v2\/product_cat?post=2681"},{"taxonomy":"product_tag","embeddable":true,"href":"https:\/\/kymiashop.com\/fr_fr\/wp-json\/wp\/v2\/product_tag?post=2681"}],"curies":[{"name":"wp","href":"https:\/\/api.w.org\/{rel}","templated":true}]}}